{"id":12558,"date":"2023-02-01T16:48:38","date_gmt":"2023-02-01T15:48:38","guid":{"rendered":"https:\/\/discovergallura.it\/arzachena\/cannigione\/"},"modified":"2023-05-04T10:18:59","modified_gmt":"2023-05-04T08:18:59","slug":"cannigione","status":"publish","type":"page","link":"https:\/\/discovergallura.it\/fr\/destinazioni\/arzachena\/cannigione\/","title":{"rendered":"Cannigione"},"content":{"rendered":"<div class=\"wpb-content-wrapper\"><p>[vc_row css_animation=\u00a0\u00bb\u00a0\u00bb row_type=\u00a0\u00bbrow\u00a0\u00bb use_row_as_full_screen_section=\u00a0\u00bbno\u00a0\u00bb type=\u00a0\u00bbgrid\u00a0\u00bb angled_section=\u00a0\u00bbno\u00a0\u00bb text_align=\u00a0\u00bbleft\u00a0\u00bb background_image_as_pattern=\u00a0\u00bbwithout_pattern\u00a0\u00bb z_index=\u00a0\u00bb\u00a0\u00bb][vc_column css=\u00a0\u00bb.vc_custom_1674214152573{margin-top: 80px !important;}\u00a0\u00bb][vc_row_inner row_type=\u00a0\u00bbrow\u00a0\u00bb type=\u00a0\u00bbfull_width\u00a0\u00bb text_align=\u00a0\u00bbleft\u00a0\u00bb css_animation=\u00a0\u00bb\u00a0\u00bb][vc_column_inner width=\u00a0\u00bb1\/2&Prime; css=\u00a0\u00bb.vc_custom_1674212921568{margin-bottom: 110px !important;}\u00a0\u00bb][vc_separator type=\u00a0\u00bbsmall\u00a0\u00bb position=\u00a0\u00bbleft\u00a0\u00bb color=\u00a0\u00bb#3390b9&Prime; thickness=\u00a0\u00bb4&Prime; width=\u00a0\u00bb50&Prime;]<div class=\"custom_font_holder \" style=\"font-family: red hat display; font-style: normal; font-weight: 800; color: #3390b9; text-decoration: none; text-align: left; --qode-cf-font-size: 38px; --qode-cf-line-height: 39px; --qode-cf-font-size-1440: 38px; --qode-cf-line-height-1440: 39px; --qode-cf-font-size-1366: 38px; --qode-cf-line-height-1366: 39px; --qode-cf-font-size-1280: 38px; --qode-cf-line-height-1280: 39px; --qode-cf-font-size-1024: 38px; --qode-cf-line-height-1024: 39px; --qode-cf-font-size-768: 38px; --qode-cf-line-height-768: 39px; --qode-cf-font-size-680: 38px; --qode-cf-line-height-680: 39px; --qode-cf-font-size-480: 38px; --qode-cf-line-height-480: 39px;\">CANNIGIONE<\/div>[\/vc_column_inner][vc_column_inner width=\u00a0\u00bb1\/2&Prime;][\/vc_column_inner][\/vc_row_inner][vc_row_inner row_type=\u00a0\u00bbrow\u00a0\u00bb type=\u00a0\u00bbfull_width\u00a0\u00bb text_align=\u00a0\u00bbleft\u00a0\u00bb css_animation=\u00a0\u00bb\u00a0\u00bb][vc_column_inner width=\u00a0\u00bb1\/2&Prime;][vc_single_image image=\u00a0\u00bb3595&Prime; img_size=\u00a0\u00bbfull\u00a0\u00bb qode_css_animation=\u00a0\u00bb\u00a0\u00bb][vc_empty_space][\/vc_column_inner][vc_column_inner width=\u00a0\u00bb1\/2&Prime; css=\u00a0\u00bb.vc_custom_1674212910857{margin-bottom: 80px !important;}\u00a0\u00bb][vc_column_text]<\/p>\n<p style=\"text-align: justify;\">Cannigione, qui \u00e9tait \u00e0 l\u2019origine un village de p\u00eacheurs, est aujourd\u2019hui une station touristique tr\u00e8s r\u00e9put\u00e9e. Le front de mer est occup\u00e9 par les quais d\u2019un port moderne et vaste. \u00c0 c\u00f4t\u00e9 se trouve la plage de la ville : un sable clair \u00e0 gros grains qui plonge dans une mer aux infinies nuances de bleu. Les fonds marins<br \/>\nsont en pente douce, tr\u00e8s appr\u00e9ci\u00e9s des plongeurs et des amateurs de plong\u00e9e avec tuba, \u00e0 tel point que c\u2019est devenu l\u2019un des centres de plong\u00e9e par excellence de la Sardaigne.<\/p>\n<p>[\/vc_column_text][\/vc_column_inner][\/vc_row_inner][\/vc_column][\/vc_row][vc_row css_animation=\u00a0\u00bb\u00a0\u00bb row_type=\u00a0\u00bbrow\u00a0\u00bb use_row_as_full_screen_section=\u00a0\u00bbno\u00a0\u00bb type=\u00a0\u00bbgrid\u00a0\u00bb angled_section=\u00a0\u00bbno\u00a0\u00bb text_align=\u00a0\u00bbleft\u00a0\u00bb background_image_as_pattern=\u00a0\u00bbwithout_pattern\u00a0\u00bb z_index=\u00a0\u00bb\u00a0\u00bb][vc_column width=\u00a0\u00bb1\/6&Prime;][\/vc_column][vc_column width=\u00a0\u00bb2\/3&Prime; css=\u00a0\u00bb.vc_custom_1674141388895{margin-top: 80px !important;}\u00a0\u00bb offset=\u00a0\u00bbvc_hidden-sm vc_hidden-xs\u00a0\u00bb]<div class=\"custom_font_holder \" style=\"font-family: EB garamond; font-style: italic; font-weight: 500; text-decoration: none; text-align: left; --qode-cf-font-size: 24px; --qode-cf-line-height: 28px; --qode-cf-font-size-1440: 24px; --qode-cf-line-height-1440: 28px; --qode-cf-font-size-1366: 24px; --qode-cf-line-height-1366: 28px; --qode-cf-font-size-1280: 24px; --qode-cf-line-height-1280: 28px; --qode-cf-font-size-1024: 24px; --qode-cf-line-height-1024: 28px; --qode-cf-font-size-768: 24px; --qode-cf-line-height-768: 28px; --qode-cf-font-size-680: 24px; --qode-cf-line-height-680: 28px; --qode-cf-font-size-480: 24px; --qode-cf-line-height-480: 28px;\">\n<p style=\"text-align: center;\"><span style=\"font-size: 24pt; line-height: 110%;\">Une \u00e9tendue de sable dor\u00e9 avec des eaux limpides et, \u00e0 l\u2019arri\u00e8re, l\u2019un des complexes touristiques les mieux \u00e9quip\u00e9s de Sardaigne.<\/span><\/p>\n<\/div>[\/vc_column][vc_column width=\u00a0\u00bb1\/6&Prime;][\/vc_column][\/vc_row][vc_row css_animation=\u00a0\u00bb\u00a0\u00bb row_type=\u00a0\u00bbrow\u00a0\u00bb use_row_as_full_screen_section=\u00a0\u00bbno\u00a0\u00bb type=\u00a0\u00bbfull_width\u00a0\u00bb angled_section=\u00a0\u00bbno\u00a0\u00bb text_align=\u00a0\u00bbleft\u00a0\u00bb background_image_as_pattern=\u00a0\u00bbwithout_pattern\u00a0\u00bb z_index=\u00a0\u00bb\u00a0\u00bb][vc_column css=\u00a0\u00bb.vc_custom_1675702079589{margin-top: 80px !important;margin-bottom: 120px !important;}\u00a0\u00bb]<div class=\"qode-advanced-image-gallery  qode-aig-slider-type qode-tiny-space   \">\n\t<div class=\"qode-aig-slider qode-owl-slider\" data-number-of-items=\"1\" data-enable-loop=\"yes\" data-enable-autoplay=\"yes\" data-slider-speed=\"5000\" data-slider-speed-animation=\"600\" data-slider-padding=\"yes\" data-enable-navigation=\"yes\" data-enable-pagination=\"yes\">\n\t\t\t\t\t<div class=\"qode-aig-image\">\n\t\t\t\t\t\t\t\t\t<img loading=\"lazy\" decoding=\"async\" width=\"720\" height=\"450\" src=\"https:\/\/discovergallura.it\/wp-content\/uploads\/2023\/02\/shutterstock_564070069.jpg\" class=\"attachment-full size-full\" alt=\"\" srcset=\"https:\/\/discovergallura.it\/wp-content\/uploads\/2023\/02\/shutterstock_564070069.jpg 720w, https:\/\/discovergallura.it\/wp-content\/uploads\/2023\/02\/shutterstock_564070069-300x188.jpg 300w, https:\/\/discovergallura.it\/wp-content\/uploads\/2023\/02\/shutterstock_564070069-700x438.jpg 700w\" sizes=\"auto, (max-width: 720px) 100vw, 720px\" \/>\t\t\t\t\t<span class=\"aig-gallery-hover\">\n\t\t\t\t\t\t\t\t\t\t\t<\/span>\n\t\t\t\t\t\t\t<\/div>\n\t\t\t\t\t\t\t\t<div class=\"qode-aig-image\">\n\t\t\t\t\t\t\t\t\t<img loading=\"lazy\" decoding=\"async\" width=\"1152\" height=\"769\" src=\"https:\/\/discovergallura.it\/wp-content\/uploads\/2023\/02\/shutterstock_1091954351.jpg\" class=\"attachment-full size-full\" alt=\"\" srcset=\"https:\/\/discovergallura.it\/wp-content\/uploads\/2023\/02\/shutterstock_1091954351.jpg 1152w, https:\/\/discovergallura.it\/wp-content\/uploads\/2023\/02\/shutterstock_1091954351-300x200.jpg 300w, https:\/\/discovergallura.it\/wp-content\/uploads\/2023\/02\/shutterstock_1091954351-1024x684.jpg 1024w, https:\/\/discovergallura.it\/wp-content\/uploads\/2023\/02\/shutterstock_1091954351-768x513.jpg 768w, https:\/\/discovergallura.it\/wp-content\/uploads\/2023\/02\/shutterstock_1091954351-700x467.jpg 700w\" sizes=\"auto, (max-width: 1152px) 100vw, 1152px\" \/>\t\t\t\t\t<span class=\"aig-gallery-hover\">\n\t\t\t\t\t\t\t\t\t\t\t<\/span>\n\t\t\t\t\t\t\t<\/div>\n\t\t\t\t\t\t\t\t<div class=\"qode-aig-image\">\n\t\t\t\t\t\t\t\t\t<img loading=\"lazy\" decoding=\"async\" width=\"1311\" height=\"874\" src=\"https:\/\/discovergallura.it\/wp-content\/uploads\/2023\/02\/shutterstock_1533614987.jpg\" class=\"attachment-full size-full\" alt=\"\" srcset=\"https:\/\/discovergallura.it\/wp-content\/uploads\/2023\/02\/shutterstock_1533614987.jpg 1311w, https:\/\/discovergallura.it\/wp-content\/uploads\/2023\/02\/shutterstock_1533614987-300x200.jpg 300w, https:\/\/discovergallura.it\/wp-content\/uploads\/2023\/02\/shutterstock_1533614987-1024x683.jpg 1024w, https:\/\/discovergallura.it\/wp-content\/uploads\/2023\/02\/shutterstock_1533614987-768x512.jpg 768w, https:\/\/discovergallura.it\/wp-content\/uploads\/2023\/02\/shutterstock_1533614987-700x467.jpg 700w\" sizes=\"auto, (max-width: 1311px) 100vw, 1311px\" \/>\t\t\t\t\t<span class=\"aig-gallery-hover\">\n\t\t\t\t\t\t\t\t\t\t\t<\/span>\n\t\t\t\t\t\t\t<\/div>\n\t\t\t\t\t\t\t\t<div class=\"qode-aig-image\">\n\t\t\t\t\t\t\t\t\t<img loading=\"lazy\" decoding=\"async\" width=\"1348\" height=\"899\" src=\"https:\/\/discovergallura.it\/wp-content\/uploads\/2023\/02\/shutterstock_1677954901.jpg\" class=\"attachment-full size-full\" alt=\"\" srcset=\"https:\/\/discovergallura.it\/wp-content\/uploads\/2023\/02\/shutterstock_1677954901.jpg 1348w, https:\/\/discovergallura.it\/wp-content\/uploads\/2023\/02\/shutterstock_1677954901-300x200.jpg 300w, https:\/\/discovergallura.it\/wp-content\/uploads\/2023\/02\/shutterstock_1677954901-1024x683.jpg 1024w, https:\/\/discovergallura.it\/wp-content\/uploads\/2023\/02\/shutterstock_1677954901-768x512.jpg 768w, https:\/\/discovergallura.it\/wp-content\/uploads\/2023\/02\/shutterstock_1677954901-700x467.jpg 700w\" sizes=\"auto, (max-width: 1348px) 100vw, 1348px\" \/>\t\t\t\t\t<span class=\"aig-gallery-hover\">\n\t\t\t\t\t\t\t\t\t\t\t<\/span>\n\t\t\t\t\t\t\t<\/div>\n\t\t\t\t\t\t\t\t<div class=\"qode-aig-image\">\n\t\t\t\t\t\t\t\t\t<img loading=\"lazy\" decoding=\"async\" width=\"933\" height=\"622\" src=\"https:\/\/discovergallura.it\/wp-content\/uploads\/2023\/02\/shutterstock_143121739.jpg\" class=\"attachment-full size-full\" alt=\"\" srcset=\"https:\/\/discovergallura.it\/wp-content\/uploads\/2023\/02\/shutterstock_143121739.jpg 933w, https:\/\/discovergallura.it\/wp-content\/uploads\/2023\/02\/shutterstock_143121739-300x200.jpg 300w, https:\/\/discovergallura.it\/wp-content\/uploads\/2023\/02\/shutterstock_143121739-768x512.jpg 768w, https:\/\/discovergallura.it\/wp-content\/uploads\/2023\/02\/shutterstock_143121739-700x467.jpg 700w\" sizes=\"auto, (max-width: 933px) 100vw, 933px\" \/>\t\t\t\t\t<span class=\"aig-gallery-hover\">\n\t\t\t\t\t\t\t\t\t\t\t<\/span>\n\t\t\t\t\t\t\t<\/div>\n\t\t\t\t\t\t\t\t<div class=\"qode-aig-image\">\n\t\t\t\t\t\t\t\t\t<img loading=\"lazy\" decoding=\"async\" width=\"1279\" height=\"853\" src=\"https:\/\/discovergallura.it\/wp-content\/uploads\/2023\/02\/shutterstock_285428264.jpg\" class=\"attachment-full size-full\" alt=\"\" srcset=\"https:\/\/discovergallura.it\/wp-content\/uploads\/2023\/02\/shutterstock_285428264.jpg 1279w, https:\/\/discovergallura.it\/wp-content\/uploads\/2023\/02\/shutterstock_285428264-300x200.jpg 300w, https:\/\/discovergallura.it\/wp-content\/uploads\/2023\/02\/shutterstock_285428264-1024x683.jpg 1024w, https:\/\/discovergallura.it\/wp-content\/uploads\/2023\/02\/shutterstock_285428264-768x512.jpg 768w, https:\/\/discovergallura.it\/wp-content\/uploads\/2023\/02\/shutterstock_285428264-700x467.jpg 700w\" sizes=\"auto, (max-width: 1279px) 100vw, 1279px\" \/>\t\t\t\t\t<span class=\"aig-gallery-hover\">\n\t\t\t\t\t\t\t\t\t\t\t<\/span>\n\t\t\t\t\t\t\t<\/div>\n\t\t\t\t\t\t\t\t<div class=\"qode-aig-image\">\n\t\t\t\t\t\t\t\t\t<img loading=\"lazy\" decoding=\"async\" width=\"861\" height=\"444\" src=\"https:\/\/discovergallura.it\/wp-content\/uploads\/2023\/02\/shutterstock_418226206.jpg\" class=\"attachment-full size-full\" alt=\"\" srcset=\"https:\/\/discovergallura.it\/wp-content\/uploads\/2023\/02\/shutterstock_418226206.jpg 861w, https:\/\/discovergallura.it\/wp-content\/uploads\/2023\/02\/shutterstock_418226206-300x155.jpg 300w, https:\/\/discovergallura.it\/wp-content\/uploads\/2023\/02\/shutterstock_418226206-768x396.jpg 768w, https:\/\/discovergallura.it\/wp-content\/uploads\/2023\/02\/shutterstock_418226206-700x361.jpg 700w\" sizes=\"auto, (max-width: 861px) 100vw, 861px\" \/>\t\t\t\t\t<span class=\"aig-gallery-hover\">\n\t\t\t\t\t\t\t\t\t\t\t<\/span>\n\t\t\t\t\t\t\t<\/div>\n\t\t\t\t\t\t<\/div>\n<\/div>[\/vc_column][\/vc_row]<\/p>\n<\/div>","protected":false},"excerpt":{"rendered":"<p>[vc_row css_animation=\u00a0\u00bb\u00a0\u00bb row_type=\u00a0\u00bbrow\u00a0\u00bb use_row_as_full_screen_section=\u00a0\u00bbno\u00a0\u00bb type=\u00a0\u00bbgrid\u00a0\u00bb angled_section=\u00a0\u00bbno\u00a0\u00bb text_align=\u00a0\u00bbleft\u00a0\u00bb background_image_as_pattern=\u00a0\u00bbwithout_pattern\u00a0\u00bb z_index=\u00a0\u00bb\u00a0\u00bb][vc_column css=\u00a0\u00bb.vc_custom_1674214152573{margin-top: 80px !important;}\u00a0\u00bb][vc_row_inner row_type=\u00a0\u00bbrow\u00a0\u00bb type=\u00a0\u00bbfull_width\u00a0\u00bb text_align=\u00a0\u00bbleft\u00a0\u00bb css_animation=\u00a0\u00bb\u00a0\u00bb][vc_column_inner width=\u00a0\u00bb1\/2&Prime; css=\u00a0\u00bb.vc_custom_1674212921568{margin-bottom: 110px !important;}\u00a0\u00bb][vc_separator type=\u00a0\u00bbsmall\u00a0\u00bb position=\u00a0\u00bbleft\u00a0\u00bb color=\u00a0\u00bb#3390b9&Prime; thickness=\u00a0\u00bb4&Prime; width=\u00a0\u00bb50&Prime;][\/vc_column_inner][vc_column_inner width=\u00a0\u00bb1\/2&Prime;][\/vc_column_inner][\/vc_row_inner][vc_row_inner row_type=\u00a0\u00bbrow\u00a0\u00bb type=\u00a0\u00bbfull_width\u00a0\u00bb text_align=\u00a0\u00bbleft\u00a0\u00bb css_animation=\u00a0\u00bb\u00a0\u00bb][vc_column_inner width=\u00a0\u00bb1\/2&Prime;][vc_single_image image=\u00a0\u00bb3595&Prime; img_size=\u00a0\u00bbfull\u00a0\u00bb qode_css_animation=\u00a0\u00bb\u00a0\u00bb][vc_empty_space][\/vc_column_inner][vc_column_inner width=\u00a0\u00bb1\/2&Prime; css=\u00a0\u00bb.vc_custom_1674212910857{margin-bottom: 80px !important;}\u00a0\u00bb][vc_column_text] Cannigione, qui \u00e9tait \u00e0 l\u2019origine un village&#8230;<\/p>\n","protected":false},"author":1,"featured_media":12127,"parent":12554,"menu_order":0,"comment_status":"closed","ping_status":"closed","template":"full_width.php","meta":{"inline_featured_image":false,"footnotes":""},"class_list":["post-12558","page","type-page","status-publish","has-post-thumbnail","hentry"],"_links":{"self":[{"href":"https:\/\/discovergallura.it\/fr\/wp-json\/wp\/v2\/pages\/12558","targetHints":{"allow":["GET"]}}],"collection":[{"href":"https:\/\/discovergallura.it\/fr\/wp-json\/wp\/v2\/pages"}],"about":[{"href":"https:\/\/discovergallura.it\/fr\/wp-json\/wp\/v2\/types\/page"}],"author":[{"embeddable":true,"href":"https:\/\/discovergallura.it\/fr\/wp-json\/wp\/v2\/users\/1"}],"replies":[{"embeddable":true,"href":"https:\/\/discovergallura.it\/fr\/wp-json\/wp\/v2\/comments?post=12558"}],"version-history":[{"count":3,"href":"https:\/\/discovergallura.it\/fr\/wp-json\/wp\/v2\/pages\/12558\/revisions"}],"predecessor-version":[{"id":12561,"href":"https:\/\/discovergallura.it\/fr\/wp-json\/wp\/v2\/pages\/12558\/revisions\/12561"}],"up":[{"embeddable":true,"href":"https:\/\/discovergallura.it\/fr\/wp-json\/wp\/v2\/pages\/12554"}],"wp:featuredmedia":[{"embeddable":true,"href":"https:\/\/discovergallura.it\/fr\/wp-json\/wp\/v2\/media\/12127"}],"wp:attachment":[{"href":"https:\/\/discovergallura.it\/fr\/wp-json\/wp\/v2\/media?parent=12558"}],"curies":[{"name":"wp","href":"https:\/\/api.w.org\/{rel}","templated":true}]}}