{"id":12631,"date":"2023-01-23T16:40:42","date_gmt":"2023-01-23T15:40:42","guid":{"rendered":"https:\/\/discovergallura.it\/faro-punta-sardegna-2\/"},"modified":"2023-06-09T16:06:05","modified_gmt":"2023-06-09T14:06:05","slug":"faro-punta-sardegna-2","status":"publish","type":"page","link":"https:\/\/discovergallura.it\/fr\/fari\/faro-punta-sardegna-2\/","title":{"rendered":"Phare de Punta Sardegna"},"content":{"rendered":"<div class=\"wpb-content-wrapper\"><p>[vc_row css_animation=\u00a0\u00bb\u00a0\u00bb row_type=\u00a0\u00bbrow\u00a0\u00bb use_row_as_full_screen_section=\u00a0\u00bbno\u00a0\u00bb type=\u00a0\u00bbgrid\u00a0\u00bb angled_section=\u00a0\u00bbno\u00a0\u00bb text_align=\u00a0\u00bbleft\u00a0\u00bb background_image_as_pattern=\u00a0\u00bbwithout_pattern\u00a0\u00bb z_index=\u00a0\u00bb\u00a0\u00bb][vc_column css=\u00a0\u00bb.vc_custom_1674214152573{margin-top: 80px !important;}\u00a0\u00bb][vc_row_inner row_type=\u00a0\u00bbrow\u00a0\u00bb type=\u00a0\u00bbfull_width\u00a0\u00bb text_align=\u00a0\u00bbleft\u00a0\u00bb css_animation=\u00a0\u00bb\u00a0\u00bb][vc_column_inner width=\u00a0\u00bb1\/2&Prime; css=\u00a0\u00bb.vc_custom_1674212921568{margin-bottom: 110px !important;}\u00a0\u00bb][vc_separator type=\u00a0\u00bbsmall\u00a0\u00bb position=\u00a0\u00bbleft\u00a0\u00bb color=\u00a0\u00bb#3390b9&Prime; thickness=\u00a0\u00bb4&Prime; width=\u00a0\u00bb50&Prime;]<div class=\"custom_font_holder \" style=\"font-family: red hat display; font-style: normal; font-weight: 800; color: #3390b9; text-decoration: none; text-align: left; --qode-cf-font-size: 38px; --qode-cf-line-height: 39px; --qode-cf-font-size-1440: 38px; --qode-cf-line-height-1440: 39px; --qode-cf-font-size-1366: 38px; --qode-cf-line-height-1366: 39px; --qode-cf-font-size-1280: 38px; --qode-cf-line-height-1280: 39px; --qode-cf-font-size-1024: 38px; --qode-cf-line-height-1024: 39px; --qode-cf-font-size-768: 38px; --qode-cf-line-height-768: 39px; --qode-cf-font-size-680: 38px; --qode-cf-line-height-680: 39px; --qode-cf-font-size-480: 38px; --qode-cf-line-height-480: 39px;\">PHARE DE PUNTA SARDEGNA<\/div>[\/vc_column_inner][vc_column_inner width=\u00a0\u00bb1\/2&Prime;][\/vc_column_inner][\/vc_row_inner][vc_row_inner row_type=\u00a0\u00bbrow\u00a0\u00bb type=\u00a0\u00bbfull_width\u00a0\u00bb text_align=\u00a0\u00bbleft\u00a0\u00bb css_animation=\u00a0\u00bb\u00a0\u00bb][vc_column_inner width=\u00a0\u00bb1\/2&Prime;][vc_single_image image=\u00a0\u00bb504&Prime; img_size=\u00a0\u00bbfull\u00a0\u00bb qode_css_animation=\u00a0\u00bb\u00a0\u00bb][vc_empty_space][\/vc_column_inner][vc_column_inner width=\u00a0\u00bb1\/2&Prime; css=\u00a0\u00bb.vc_custom_1674212910857{margin-bottom: 80px !important;}\u00a0\u00bb][vc_column_text]<\/p>\n<p style=\"text-align: justify;\">Le <strong>phare de Punta Sardegna<\/strong>, actif depuis 1913 et automatis\u00e9 depuis 1975, tient son nom du promontoire rocheux sur lequel il se dresse. Avec <a href=\"https:\/\/discovergallura.it\/fr\/faro-di-capo-dorso\/\">le phare de Capo d\u2019Orso<\/a> et celui de <a href=\"https:\/\/discovergallura.it\/fr\/faro-di-porto-faro\/\">Porto Faro<\/a>, il s\u2019agit de l\u2019un des trois phares du territoire de Palau. Cet \u00e9difice \u00e0 deux \u00e9tages, au sommet duquel se trouve la lanterne, donne sur l\u2019archipel de la Maddalena et offre une vue imprenable sur la mer et sur les rochers de granit environnants.<\/p>\n<p>[\/vc_column_text][\/vc_column_inner][\/vc_row_inner][\/vc_column][\/vc_row][vc_row css_animation=\u00a0\u00bb\u00a0\u00bb row_type=\u00a0\u00bbrow\u00a0\u00bb use_row_as_full_screen_section=\u00a0\u00bbno\u00a0\u00bb type=\u00a0\u00bbgrid\u00a0\u00bb angled_section=\u00a0\u00bbno\u00a0\u00bb text_align=\u00a0\u00bbleft\u00a0\u00bb background_image_as_pattern=\u00a0\u00bbwithout_pattern\u00a0\u00bb z_index=\u00a0\u00bb\u00a0\u00bb][vc_column width=\u00a0\u00bb1\/6&Prime;][\/vc_column][vc_column width=\u00a0\u00bb2\/3&Prime; css=\u00a0\u00bb.vc_custom_1674141388895{margin-top: 80px !important;}\u00a0\u00bb offset=\u00a0\u00bbvc_hidden-sm vc_hidden-xs\u00a0\u00bb]<div class=\"custom_font_holder \" style=\"font-family: EB garamond; font-style: italic; font-weight: 500; text-decoration: none; text-align: left; --qode-cf-font-size: 24px; --qode-cf-line-height: 28px; --qode-cf-font-size-1440: 24px; --qode-cf-line-height-1440: 28px; --qode-cf-font-size-1366: 24px; --qode-cf-line-height-1366: 28px; --qode-cf-font-size-1280: 24px; --qode-cf-line-height-1280: 28px; --qode-cf-font-size-1024: 24px; --qode-cf-line-height-1024: 28px; --qode-cf-font-size-768: 24px; --qode-cf-line-height-768: 28px; --qode-cf-font-size-680: 24px; --qode-cf-line-height-680: 28px; --qode-cf-font-size-480: 24px; --qode-cf-line-height-480: 28px;\">\n<p style=\"text-align: center;\"><span style=\"font-size: 24pt; line-height: 110%;\">Au c\u0153ur d\u2019un paysage enchanteur, il s\u2019agit de l\u2019un des trois phares de Palau.<\/span><\/p>\n<\/div>[\/vc_column][vc_column width=\u00a0\u00bb1\/6&Prime;][\/vc_column][\/vc_row][vc_row css_animation=\u00a0\u00bb\u00a0\u00bb row_type=\u00a0\u00bbrow\u00a0\u00bb use_row_as_full_screen_section=\u00a0\u00bbno\u00a0\u00bb type=\u00a0\u00bbfull_width\u00a0\u00bb angled_section=\u00a0\u00bbno\u00a0\u00bb text_align=\u00a0\u00bbleft\u00a0\u00bb background_image_as_pattern=\u00a0\u00bbwithout_pattern\u00a0\u00bb z_index=\u00a0\u00bb\u00a0\u00bb][vc_column css=\u00a0\u00bb.vc_custom_1675691073957{margin-top: 80px !important;margin-bottom: 120px !important;}\u00a0\u00bb]<div class=\"qode-advanced-image-gallery  qode-aig-slider-type qode-tiny-space   \">\n\t<div class=\"qode-aig-slider qode-owl-slider\" data-number-of-items=\"1\" data-enable-loop=\"yes\" data-enable-autoplay=\"yes\" data-slider-speed=\"5000\" data-slider-speed-animation=\"600\" data-slider-padding=\"yes\" data-enable-navigation=\"yes\" data-enable-pagination=\"yes\">\n\t\t\t\t\t<div class=\"qode-aig-image\">\n\t\t\t\t\t\t\t\t\t<img loading=\"lazy\" decoding=\"async\" width=\"1200\" height=\"710\" src=\"https:\/\/discovergallura.it\/wp-content\/uploads\/2023\/01\/punta_sardegna_-_palau_by_gianni_careddu_commons_wikimedia._org.jpg\" class=\"attachment-full size-full\" alt=\"\" srcset=\"https:\/\/discovergallura.it\/wp-content\/uploads\/2023\/01\/punta_sardegna_-_palau_by_gianni_careddu_commons_wikimedia._org.jpg 1200w, https:\/\/discovergallura.it\/wp-content\/uploads\/2023\/01\/punta_sardegna_-_palau_by_gianni_careddu_commons_wikimedia._org-300x178.jpg 300w, https:\/\/discovergallura.it\/wp-content\/uploads\/2023\/01\/punta_sardegna_-_palau_by_gianni_careddu_commons_wikimedia._org-1024x606.jpg 1024w, https:\/\/discovergallura.it\/wp-content\/uploads\/2023\/01\/punta_sardegna_-_palau_by_gianni_careddu_commons_wikimedia._org-768x454.jpg 768w, https:\/\/discovergallura.it\/wp-content\/uploads\/2023\/01\/punta_sardegna_-_palau_by_gianni_careddu_commons_wikimedia._org-700x414.jpg 700w\" sizes=\"auto, (max-width: 1200px) 100vw, 1200px\" \/>\t\t\t\t\t<span class=\"aig-gallery-hover\">\n\t\t\t\t\t\t\t\t\t\t\t<\/span>\n\t\t\t\t\t\t\t<\/div>\n\t\t\t\t\t\t\t\t<div class=\"qode-aig-image\">\n\t\t\t\t\t\t\t\t\t<img loading=\"lazy\" decoding=\"async\" width=\"801\" height=\"427\" src=\"https:\/\/discovergallura.it\/wp-content\/uploads\/2023\/01\/Faro-Oceans.jpg\" class=\"attachment-full size-full\" alt=\"\" srcset=\"https:\/\/discovergallura.it\/wp-content\/uploads\/2023\/01\/Faro-Oceans.jpg 801w, https:\/\/discovergallura.it\/wp-content\/uploads\/2023\/01\/Faro-Oceans-300x160.jpg 300w, https:\/\/discovergallura.it\/wp-content\/uploads\/2023\/01\/Faro-Oceans-768x409.jpg 768w, https:\/\/discovergallura.it\/wp-content\/uploads\/2023\/01\/Faro-Oceans-700x373.jpg 700w\" sizes=\"auto, (max-width: 801px) 100vw, 801px\" \/>\t\t\t\t\t<span class=\"aig-gallery-hover\">\n\t\t\t\t\t\t\t\t\t\t\t<\/span>\n\t\t\t\t\t\t\t<\/div>\n\t\t\t\t\t\t\t\t<div class=\"qode-aig-image\">\n\t\t\t\t\t\t\t\t\t<img loading=\"lazy\" decoding=\"async\" width=\"572\" height=\"381\" src=\"https:\/\/discovergallura.it\/wp-content\/uploads\/2023\/05\/faro-punta-sardegna.jpg\" class=\"attachment-full size-full\" alt=\"\" srcset=\"https:\/\/discovergallura.it\/wp-content\/uploads\/2023\/05\/faro-punta-sardegna.jpg 572w, https:\/\/discovergallura.it\/wp-content\/uploads\/2023\/05\/faro-punta-sardegna-300x200.jpg 300w, https:\/\/discovergallura.it\/wp-content\/uploads\/2023\/05\/faro-punta-sardegna-570x381.jpg 570w\" sizes=\"auto, (max-width: 572px) 100vw, 572px\" \/>\t\t\t\t\t<span class=\"aig-gallery-hover\">\n\t\t\t\t\t\t\t\t\t\t\t<\/span>\n\t\t\t\t\t\t\t<\/div>\n\t\t\t\t\t\t<\/div>\n<\/div>[\/vc_column][\/vc_row]<\/p>\n<\/div>","protected":false},"excerpt":{"rendered":"<p>[vc_row css_animation=\u00a0\u00bb\u00a0\u00bb row_type=\u00a0\u00bbrow\u00a0\u00bb use_row_as_full_screen_section=\u00a0\u00bbno\u00a0\u00bb type=\u00a0\u00bbgrid\u00a0\u00bb angled_section=\u00a0\u00bbno\u00a0\u00bb text_align=\u00a0\u00bbleft\u00a0\u00bb background_image_as_pattern=\u00a0\u00bbwithout_pattern\u00a0\u00bb z_index=\u00a0\u00bb\u00a0\u00bb][vc_column css=\u00a0\u00bb.vc_custom_1674214152573{margin-top: 80px !important;}\u00a0\u00bb][vc_row_inner row_type=\u00a0\u00bbrow\u00a0\u00bb type=\u00a0\u00bbfull_width\u00a0\u00bb text_align=\u00a0\u00bbleft\u00a0\u00bb css_animation=\u00a0\u00bb\u00a0\u00bb][vc_column_inner width=\u00a0\u00bb1\/2&Prime; css=\u00a0\u00bb.vc_custom_1674212921568{margin-bottom: 110px !important;}\u00a0\u00bb][vc_separator type=\u00a0\u00bbsmall\u00a0\u00bb position=\u00a0\u00bbleft\u00a0\u00bb color=\u00a0\u00bb#3390b9&Prime; thickness=\u00a0\u00bb4&Prime; width=\u00a0\u00bb50&Prime;][\/vc_column_inner][vc_column_inner width=\u00a0\u00bb1\/2&Prime;][\/vc_column_inner][\/vc_row_inner][vc_row_inner row_type=\u00a0\u00bbrow\u00a0\u00bb type=\u00a0\u00bbfull_width\u00a0\u00bb text_align=\u00a0\u00bbleft\u00a0\u00bb css_animation=\u00a0\u00bb\u00a0\u00bb][vc_column_inner width=\u00a0\u00bb1\/2&Prime;][vc_single_image image=\u00a0\u00bb504&Prime; img_size=\u00a0\u00bbfull\u00a0\u00bb qode_css_animation=\u00a0\u00bb\u00a0\u00bb][vc_empty_space][\/vc_column_inner][vc_column_inner width=\u00a0\u00bb1\/2&Prime; css=\u00a0\u00bb.vc_custom_1674212910857{margin-bottom: 80px !important;}\u00a0\u00bb][vc_column_text] Le phare de Punta Sardegna, actif depuis&#8230;<\/p>\n","protected":false},"author":1,"featured_media":11137,"parent":13205,"menu_order":0,"comment_status":"closed","ping_status":"closed","template":"full_width.php","meta":{"inline_featured_image":false,"footnotes":""},"class_list":["post-12631","page","type-page","status-publish","has-post-thumbnail","hentry"],"_links":{"self":[{"href":"https:\/\/discovergallura.it\/fr\/wp-json\/wp\/v2\/pages\/12631","targetHints":{"allow":["GET"]}}],"collection":[{"href":"https:\/\/discovergallura.it\/fr\/wp-json\/wp\/v2\/pages"}],"about":[{"href":"https:\/\/discovergallura.it\/fr\/wp-json\/wp\/v2\/types\/page"}],"author":[{"embeddable":true,"href":"https:\/\/discovergallura.it\/fr\/wp-json\/wp\/v2\/users\/1"}],"replies":[{"embeddable":true,"href":"https:\/\/discovergallura.it\/fr\/wp-json\/wp\/v2\/comments?post=12631"}],"version-history":[{"count":8,"href":"https:\/\/discovergallura.it\/fr\/wp-json\/wp\/v2\/pages\/12631\/revisions"}],"predecessor-version":[{"id":13639,"href":"https:\/\/discovergallura.it\/fr\/wp-json\/wp\/v2\/pages\/12631\/revisions\/13639"}],"up":[{"embeddable":true,"href":"https:\/\/discovergallura.it\/fr\/wp-json\/wp\/v2\/pages\/13205"}],"wp:featuredmedia":[{"embeddable":true,"href":"https:\/\/discovergallura.it\/fr\/wp-json\/wp\/v2\/media\/11137"}],"wp:attachment":[{"href":"https:\/\/discovergallura.it\/fr\/wp-json\/wp\/v2\/media?parent=12631"}],"curies":[{"name":"wp","href":"https:\/\/api.w.org\/{rel}","templated":true}]}}