{"id":12642,"date":"2023-02-01T17:04:15","date_gmt":"2023-02-01T16:04:15","guid":{"rendered":"https:\/\/discovergallura.it\/s-antonio-gallura\/parco-comunale-san-giacomo-san-giuseppe\/"},"modified":"2023-06-12T12:12:51","modified_gmt":"2023-06-12T10:12:51","slug":"parco-comunale-san-giacomo-san-giuseppe","status":"publish","type":"page","link":"https:\/\/discovergallura.it\/fr\/destinazioni\/s-antonio-gallura\/parco-comunale-san-giacomo-san-giuseppe\/","title":{"rendered":"Parc communal de San Giacomo et San Giuseppe"},"content":{"rendered":"<div class=\"wpb-content-wrapper\"><p>[vc_row css_animation=\u00a0\u00bb\u00a0\u00bb row_type=\u00a0\u00bbrow\u00a0\u00bb use_row_as_full_screen_section=\u00a0\u00bbno\u00a0\u00bb type=\u00a0\u00bbgrid\u00a0\u00bb angled_section=\u00a0\u00bbno\u00a0\u00bb text_align=\u00a0\u00bbleft\u00a0\u00bb background_image_as_pattern=\u00a0\u00bbwithout_pattern\u00a0\u00bb z_index=\u00a0\u00bb\u00a0\u00bb][vc_column css=\u00a0\u00bb.vc_custom_1674214152573{margin-top: 80px !important;}\u00a0\u00bb][vc_row_inner row_type=\u00a0\u00bbrow\u00a0\u00bb type=\u00a0\u00bbfull_width\u00a0\u00bb text_align=\u00a0\u00bbleft\u00a0\u00bb css_animation=\u00a0\u00bb\u00a0\u00bb][vc_column_inner width=\u00a0\u00bb2\/3&Prime; css=\u00a0\u00bb.vc_custom_1674212921568{margin-bottom: 110px !important;}\u00a0\u00bb][vc_separator type=\u00a0\u00bbsmall\u00a0\u00bb position=\u00a0\u00bbleft\u00a0\u00bb color=\u00a0\u00bb#3390b9&Prime; thickness=\u00a0\u00bb4&Prime; width=\u00a0\u00bb50&Prime;]<div class=\"custom_font_holder \" style=\"font-family: red hat display; font-style: normal; font-weight: 800; color: #3390b9; text-decoration: none; text-align: left; --qode-cf-font-size: 38px; --qode-cf-line-height: 39px; --qode-cf-font-size-1440: 38px; --qode-cf-line-height-1440: 39px; --qode-cf-font-size-1366: 38px; --qode-cf-line-height-1366: 39px; --qode-cf-font-size-1280: 38px; --qode-cf-line-height-1280: 39px; --qode-cf-font-size-1024: 38px; --qode-cf-line-height-1024: 39px; --qode-cf-font-size-768: 38px; --qode-cf-line-height-768: 39px; --qode-cf-font-size-680: 38px; --qode-cf-line-height-680: 39px; --qode-cf-font-size-480: 38px; --qode-cf-line-height-480: 39px;\">PARC MUNICIPAL DE SAN GIACOMO ET SAN GIUSEPPE<\/div>[\/vc_column_inner][vc_column_inner width=\u00a0\u00bb1\/3&Prime;][\/vc_column_inner][\/vc_row_inner][vc_row_inner row_type=\u00a0\u00bbrow\u00a0\u00bb type=\u00a0\u00bbfull_width\u00a0\u00bb text_align=\u00a0\u00bbleft\u00a0\u00bb css_animation=\u00a0\u00bb\u00a0\u00bb][vc_column_inner width=\u00a0\u00bb1\/2&Prime;][vc_single_image image=\u00a0\u00bb3642&Prime; img_size=\u00a0\u00bb500&#215;500&Prime; qode_css_animation=\u00a0\u00bb\u00a0\u00bb][vc_empty_space][\/vc_column_inner][vc_column_inner width=\u00a0\u00bb1\/2&Prime; css=\u00a0\u00bb.vc_custom_1675268125033{margin-bottom: 80px !important;}\u00a0\u00bb]<div class=\"custom_font_holder \" style=\"font-family: EB garamond; font-style: italic; font-weight: 500; text-decoration: none; text-align: left; --qode-cf-font-size: 24px; --qode-cf-line-height: 28px; --qode-cf-font-size-1440: 24px; --qode-cf-line-height-1440: 28px; --qode-cf-font-size-1366: 24px; --qode-cf-line-height-1366: 28px; --qode-cf-font-size-1280: 24px; --qode-cf-line-height-1280: 28px; --qode-cf-font-size-1024: 24px; --qode-cf-line-height-1024: 28px; --qode-cf-font-size-768: 24px; --qode-cf-line-height-768: 28px; --qode-cf-font-size-680: 24px; --qode-cf-line-height-680: 28px; --qode-cf-font-size-480: 24px; --qode-cf-line-height-480: 28px;\">\n<p style=\"text-align: center;\"><span style=\"font-size: 24pt; line-height: 110%;\">Le parc communal de San Giacomo est un parc situ\u00e9 \u00e0 moins d\u2019un kilom\u00e8tre du centre de Sant&rsquo;Antonio di Gallura.<\/span><\/p>\n<\/div>[vc_empty_space height=\u00a0\u00bb15px\u00a0\u00bb][vc_column_text]<\/p>\n<p style=\"text-align: justify;\">Le long de la route qui m\u00e8ne au lac de Liscia, le parc de San Giuseppe est entour\u00e9 d\u2019une for\u00eat de ch\u00eanes verts, de ch\u00eanes-li\u00e8ges et d\u2019oliviers sauvages centenaires. Le terrain a \u00e9t\u00e9 donn\u00e9 \u00e0 la communaut\u00e9 de Sant&rsquo;Antonio par la famille Pala, pour en faire un lieu de rencontre, d\u2019accueil et de loisirs pour tous les citoyens.<\/p>\n<p>[\/vc_column_text][\/vc_column_inner][\/vc_row_inner][vc_row_inner row_type=\u00a0\u00bbrow\u00a0\u00bb type=\u00a0\u00bbfull_width\u00a0\u00bb text_align=\u00a0\u00bbleft\u00a0\u00bb css_animation=\u00a0\u00bb\u00a0\u00bb][vc_column_inner width=\u00a0\u00bb1\/2&Prime; css=\u00a0\u00bb.vc_custom_1675268130865{margin-top: 30px !important;}\u00a0\u00bb][vc_single_image image=\u00a0\u00bb3634&Prime; img_size=\u00a0\u00bb500&#215;500&Prime; qode_css_animation=\u00a0\u00bb\u00a0\u00bb][vc_empty_space][\/vc_column_inner][vc_column_inner width=\u00a0\u00bb1\/2&Prime; css=\u00a0\u00bb.vc_custom_1675268135760{margin-top: 30px !important;margin-bottom: 80px !important;}\u00a0\u00bb]<div class=\"custom_font_holder \" style=\"font-family: EB garamond; font-style: italic; font-weight: 500; text-decoration: none; text-align: left; --qode-cf-font-size: 24px; --qode-cf-line-height: 28px; --qode-cf-font-size-1440: 24px; --qode-cf-line-height-1440: 28px; --qode-cf-font-size-1366: 24px; --qode-cf-line-height-1366: 28px; --qode-cf-font-size-1280: 24px; --qode-cf-line-height-1280: 28px; --qode-cf-font-size-1024: 24px; --qode-cf-line-height-1024: 28px; --qode-cf-font-size-768: 24px; --qode-cf-line-height-768: 28px; --qode-cf-font-size-680: 24px; --qode-cf-line-height-680: 28px; --qode-cf-font-size-480: 24px; --qode-cf-line-height-480: 28px;\">\n<p style=\"text-align: center;\"><span style=\"font-size: 24pt; line-height: 110%;\">Le parc communal de San Giuseppe est un coin de paradis qui accueille souvent des f\u00eates et des \u00e9v\u00e8nements, mais c\u2019est aussi une \u00e9tape pour de nombreux visiteurs, touristes et amateurs de randonn\u00e9e.<\/span><\/p>\n<\/div>[vc_empty_space height=\u00a0\u00bb15px\u00a0\u00bb][vc_column_text]<\/p>\n<p style=\"text-align: justify;\">Construit entre le XIXe et le XXe si\u00e8cle, le parc, entour\u00e9 de granit et de bois de ch\u00eanes verts, abrite l\u2019\u00e9glise d\u00e9di\u00e9e au saint. Il dispose d\u2019une grande piste de danse, de nombreuses tables en granit avec des si\u00e8ges dispos\u00e9s autour de l\u2019\u00e9glise, et d\u2019une grande cuisine utilis\u00e9e pour la pr\u00e9paration de plats typiques lors des f\u00eates d\u00e9di\u00e9es au saint.<\/p>\n<p>[\/vc_column_text][\/vc_column_inner][\/vc_row_inner][\/vc_column][\/vc_row][vc_row css_animation=\u00a0\u00bb\u00a0\u00bb row_type=\u00a0\u00bbrow\u00a0\u00bb use_row_as_full_screen_section=\u00a0\u00bbno\u00a0\u00bb type=\u00a0\u00bbfull_width\u00a0\u00bb angled_section=\u00a0\u00bbno\u00a0\u00bb text_align=\u00a0\u00bbleft\u00a0\u00bb background_image_as_pattern=\u00a0\u00bbwithout_pattern\u00a0\u00bb z_index=\u00a0\u00bb\u00a0\u00bb][vc_column css=\u00a0\u00bb.vc_custom_1675701152868{margin-top: 80px !important;margin-bottom: 120px !important;}\u00a0\u00bb]<div class=\"qode-advanced-image-gallery  qode-aig-slider-type qode-tiny-space   \">\n\t<div class=\"qode-aig-slider qode-owl-slider\" data-number-of-items=\"1\" data-enable-loop=\"yes\" data-enable-autoplay=\"yes\" data-slider-speed=\"5000\" data-slider-speed-animation=\"600\" data-slider-padding=\"yes\" data-enable-navigation=\"yes\" data-enable-pagination=\"yes\">\n\t\t\t\t\t<div class=\"qode-aig-image\">\n\t\t\t\t\t\t\t\t\t<img loading=\"lazy\" decoding=\"async\" width=\"720\" height=\"960\" src=\"https:\/\/discovergallura.it\/wp-content\/uploads\/2023\/02\/chiesa-vecchia-parco.jpeg\" class=\"attachment-full size-full\" alt=\"\" srcset=\"https:\/\/discovergallura.it\/wp-content\/uploads\/2023\/02\/chiesa-vecchia-parco.jpeg 720w, https:\/\/discovergallura.it\/wp-content\/uploads\/2023\/02\/chiesa-vecchia-parco-225x300.jpeg 225w, https:\/\/discovergallura.it\/wp-content\/uploads\/2023\/02\/chiesa-vecchia-parco-600x800.jpeg 600w, https:\/\/discovergallura.it\/wp-content\/uploads\/2023\/02\/chiesa-vecchia-parco-700x933.jpeg 700w\" sizes=\"auto, (max-width: 720px) 100vw, 720px\" \/>\t\t\t\t\t<span class=\"aig-gallery-hover\">\n\t\t\t\t\t\t\t\t\t\t\t<\/span>\n\t\t\t\t\t\t\t<\/div>\n\t\t\t\t\t\t\t\t<div class=\"qode-aig-image\">\n\t\t\t\t\t\t\t\t\t<img loading=\"lazy\" decoding=\"async\" width=\"765\" height=\"1020\" src=\"https:\/\/discovergallura.it\/wp-content\/uploads\/2023\/02\/IMG_2113.jpeg\" class=\"attachment-full size-full\" alt=\"\" srcset=\"https:\/\/discovergallura.it\/wp-content\/uploads\/2023\/02\/IMG_2113.jpeg 765w, https:\/\/discovergallura.it\/wp-content\/uploads\/2023\/02\/IMG_2113-225x300.jpeg 225w, https:\/\/discovergallura.it\/wp-content\/uploads\/2023\/02\/IMG_2113-600x800.jpeg 600w, https:\/\/discovergallura.it\/wp-content\/uploads\/2023\/02\/IMG_2113-700x933.jpeg 700w\" sizes=\"auto, (max-width: 765px) 100vw, 765px\" \/>\t\t\t\t\t<span class=\"aig-gallery-hover\">\n\t\t\t\t\t\t\t\t\t\t\t<\/span>\n\t\t\t\t\t\t\t<\/div>\n\t\t\t\t\t\t\t\t<div class=\"qode-aig-image\">\n\t\t\t\t\t\t\t\t\t<img loading=\"lazy\" decoding=\"async\" width=\"2048\" height=\"1536\" src=\"https:\/\/discovergallura.it\/wp-content\/uploads\/2023\/02\/IMG_9278-2048x1536-1.jpeg\" class=\"attachment-full size-full\" alt=\"\" srcset=\"https:\/\/discovergallura.it\/wp-content\/uploads\/2023\/02\/IMG_9278-2048x1536-1.jpeg 2048w, https:\/\/discovergallura.it\/wp-content\/uploads\/2023\/02\/IMG_9278-2048x1536-1-300x225.jpeg 300w, https:\/\/discovergallura.it\/wp-content\/uploads\/2023\/02\/IMG_9278-2048x1536-1-1024x768.jpeg 1024w, https:\/\/discovergallura.it\/wp-content\/uploads\/2023\/02\/IMG_9278-2048x1536-1-768x576.jpeg 768w, https:\/\/discovergallura.it\/wp-content\/uploads\/2023\/02\/IMG_9278-2048x1536-1-1536x1152.jpeg 1536w, https:\/\/discovergallura.it\/wp-content\/uploads\/2023\/02\/IMG_9278-2048x1536-1-800x600.jpeg 800w, https:\/\/discovergallura.it\/wp-content\/uploads\/2023\/02\/IMG_9278-2048x1536-1-700x525.jpeg 700w\" sizes=\"auto, (max-width: 2048px) 100vw, 2048px\" \/>\t\t\t\t\t<span class=\"aig-gallery-hover\">\n\t\t\t\t\t\t\t\t\t\t\t<\/span>\n\t\t\t\t\t\t\t<\/div>\n\t\t\t\t\t\t\t\t<div class=\"qode-aig-image\">\n\t\t\t\t\t\t\t\t\t<img loading=\"lazy\" decoding=\"async\" width=\"1134\" height=\"1512\" src=\"https:\/\/discovergallura.it\/wp-content\/uploads\/2023\/02\/Chiesa-di-San-Giacomo-1.jpg\" class=\"attachment-full size-full\" alt=\"\" srcset=\"https:\/\/discovergallura.it\/wp-content\/uploads\/2023\/02\/Chiesa-di-San-Giacomo-1.jpg 1134w, https:\/\/discovergallura.it\/wp-content\/uploads\/2023\/02\/Chiesa-di-San-Giacomo-1-225x300.jpg 225w, https:\/\/discovergallura.it\/wp-content\/uploads\/2023\/02\/Chiesa-di-San-Giacomo-1-768x1024.jpg 768w, https:\/\/discovergallura.it\/wp-content\/uploads\/2023\/02\/Chiesa-di-San-Giacomo-1-600x800.jpg 600w, https:\/\/discovergallura.it\/wp-content\/uploads\/2023\/02\/Chiesa-di-San-Giacomo-1-700x933.jpg 700w\" sizes=\"auto, (max-width: 1134px) 100vw, 1134px\" \/>\t\t\t\t\t<span class=\"aig-gallery-hover\">\n\t\t\t\t\t\t\t\t\t\t\t<\/span>\n\t\t\t\t\t\t\t<\/div>\n\t\t\t\t\t\t\t\t<div class=\"qode-aig-image\">\n\t\t\t\t\t\t\t\t\t\t\t\t\t\t<span class=\"aig-gallery-hover\">\n\t\t\t\t\t\t\t\t\t\t\t<\/span>\n\t\t\t\t\t\t\t<\/div>\n\t\t\t\t\t\t\t\t<div class=\"qode-aig-image\">\n\t\t\t\t\t\t\t\t\t<img loading=\"lazy\" decoding=\"async\" width=\"798\" height=\"798\" src=\"https:\/\/discovergallura.it\/wp-content\/uploads\/2023\/02\/2021-07-04.jpeg\" class=\"attachment-full size-full\" alt=\"\" srcset=\"https:\/\/discovergallura.it\/wp-content\/uploads\/2023\/02\/2021-07-04.jpeg 798w, https:\/\/discovergallura.it\/wp-content\/uploads\/2023\/02\/2021-07-04-300x300.jpeg 300w, https:\/\/discovergallura.it\/wp-content\/uploads\/2023\/02\/2021-07-04-150x150.jpeg 150w, https:\/\/discovergallura.it\/wp-content\/uploads\/2023\/02\/2021-07-04-768x768.jpeg 768w, https:\/\/discovergallura.it\/wp-content\/uploads\/2023\/02\/2021-07-04-570x570.jpeg 570w, https:\/\/discovergallura.it\/wp-content\/uploads\/2023\/02\/2021-07-04-500x500.jpeg 500w, https:\/\/discovergallura.it\/wp-content\/uploads\/2023\/02\/2021-07-04-700x700.jpeg 700w, https:\/\/discovergallura.it\/wp-content\/uploads\/2023\/02\/2021-07-04-650x650.jpeg 650w\" sizes=\"auto, (max-width: 798px) 100vw, 798px\" \/>\t\t\t\t\t<span class=\"aig-gallery-hover\">\n\t\t\t\t\t\t\t\t\t\t\t<\/span>\n\t\t\t\t\t\t\t<\/div>\n\t\t\t\t\t\t\t\t<div class=\"qode-aig-image\">\n\t\t\t\t\t\t\t\t\t<img loading=\"lazy\" decoding=\"async\" width=\"765\" height=\"1020\" src=\"https:\/\/discovergallura.it\/wp-content\/uploads\/2023\/02\/2022-04-20.jpeg\" class=\"attachment-full size-full\" alt=\"\" srcset=\"https:\/\/discovergallura.it\/wp-content\/uploads\/2023\/02\/2022-04-20.jpeg 765w, https:\/\/discovergallura.it\/wp-content\/uploads\/2023\/02\/2022-04-20-225x300.jpeg 225w, https:\/\/discovergallura.it\/wp-content\/uploads\/2023\/02\/2022-04-20-600x800.jpeg 600w, https:\/\/discovergallura.it\/wp-content\/uploads\/2023\/02\/2022-04-20-700x933.jpeg 700w\" sizes=\"auto, (max-width: 765px) 100vw, 765px\" \/>\t\t\t\t\t<span class=\"aig-gallery-hover\">\n\t\t\t\t\t\t\t\t\t\t\t<\/span>\n\t\t\t\t\t\t\t<\/div>\n\t\t\t\t\t\t\t\t<div class=\"qode-aig-image\">\n\t\t\t\t\t\t\t\t\t<img loading=\"lazy\" decoding=\"async\" width=\"1200\" height=\"1200\" src=\"https:\/\/discovergallura.it\/wp-content\/uploads\/2023\/02\/cammino-di-san-giacomo.jpeg\" class=\"attachment-full size-full\" alt=\"\" srcset=\"https:\/\/discovergallura.it\/wp-content\/uploads\/2023\/02\/cammino-di-san-giacomo.jpeg 1200w, https:\/\/discovergallura.it\/wp-content\/uploads\/2023\/02\/cammino-di-san-giacomo-300x300.jpeg 300w, https:\/\/discovergallura.it\/wp-content\/uploads\/2023\/02\/cammino-di-san-giacomo-1024x1024.jpeg 1024w, https:\/\/discovergallura.it\/wp-content\/uploads\/2023\/02\/cammino-di-san-giacomo-150x150.jpeg 150w, https:\/\/discovergallura.it\/wp-content\/uploads\/2023\/02\/cammino-di-san-giacomo-768x768.jpeg 768w, https:\/\/discovergallura.it\/wp-content\/uploads\/2023\/02\/cammino-di-san-giacomo-570x570.jpeg 570w, https:\/\/discovergallura.it\/wp-content\/uploads\/2023\/02\/cammino-di-san-giacomo-500x500.jpeg 500w, https:\/\/discovergallura.it\/wp-content\/uploads\/2023\/02\/cammino-di-san-giacomo-1000x1000.jpeg 1000w, https:\/\/discovergallura.it\/wp-content\/uploads\/2023\/02\/cammino-di-san-giacomo-700x700.jpeg 700w, https:\/\/discovergallura.it\/wp-content\/uploads\/2023\/02\/cammino-di-san-giacomo-650x650.jpeg 650w\" sizes=\"auto, (max-width: 1200px) 100vw, 1200px\" \/>\t\t\t\t\t<span class=\"aig-gallery-hover\">\n\t\t\t\t\t\t\t\t\t\t\t<\/span>\n\t\t\t\t\t\t\t<\/div>\n\t\t\t\t\t\t\t\t<div class=\"qode-aig-image\">\n\t\t\t\t\t\t\t\t\t<img loading=\"lazy\" decoding=\"async\" width=\"1141\" height=\"1199\" src=\"https:\/\/discovergallura.it\/wp-content\/uploads\/2023\/02\/Chiesa-di-San-Giacomo-2.jpg\" class=\"attachment-full size-full\" alt=\"\" srcset=\"https:\/\/discovergallura.it\/wp-content\/uploads\/2023\/02\/Chiesa-di-San-Giacomo-2.jpg 1141w, https:\/\/discovergallura.it\/wp-content\/uploads\/2023\/02\/Chiesa-di-San-Giacomo-2-285x300.jpg 285w, https:\/\/discovergallura.it\/wp-content\/uploads\/2023\/02\/Chiesa-di-San-Giacomo-2-974x1024.jpg 974w, https:\/\/discovergallura.it\/wp-content\/uploads\/2023\/02\/Chiesa-di-San-Giacomo-2-768x807.jpg 768w, https:\/\/discovergallura.it\/wp-content\/uploads\/2023\/02\/Chiesa-di-San-Giacomo-2-700x736.jpg 700w\" sizes=\"auto, (max-width: 1141px) 100vw, 1141px\" \/>\t\t\t\t\t<span class=\"aig-gallery-hover\">\n\t\t\t\t\t\t\t\t\t\t\t<\/span>\n\t\t\t\t\t\t\t<\/div>\n\t\t\t\t\t\t<\/div>\n<\/div>[\/vc_column][\/vc_row]<\/p>\n<\/div>","protected":false},"excerpt":{"rendered":"<p>[vc_row css_animation=\u00a0\u00bb\u00a0\u00bb row_type=\u00a0\u00bbrow\u00a0\u00bb use_row_as_full_screen_section=\u00a0\u00bbno\u00a0\u00bb type=\u00a0\u00bbgrid\u00a0\u00bb angled_section=\u00a0\u00bbno\u00a0\u00bb text_align=\u00a0\u00bbleft\u00a0\u00bb background_image_as_pattern=\u00a0\u00bbwithout_pattern\u00a0\u00bb z_index=\u00a0\u00bb\u00a0\u00bb][vc_column css=\u00a0\u00bb.vc_custom_1674214152573{margin-top: 80px !important;}\u00a0\u00bb][vc_row_inner row_type=\u00a0\u00bbrow\u00a0\u00bb type=\u00a0\u00bbfull_width\u00a0\u00bb text_align=\u00a0\u00bbleft\u00a0\u00bb css_animation=\u00a0\u00bb\u00a0\u00bb][vc_column_inner width=\u00a0\u00bb2\/3&Prime; css=\u00a0\u00bb.vc_custom_1674212921568{margin-bottom: 110px !important;}\u00a0\u00bb][vc_separator type=\u00a0\u00bbsmall\u00a0\u00bb position=\u00a0\u00bbleft\u00a0\u00bb color=\u00a0\u00bb#3390b9&Prime; thickness=\u00a0\u00bb4&Prime; width=\u00a0\u00bb50&Prime;][\/vc_column_inner][vc_column_inner width=\u00a0\u00bb1\/3&Prime;][\/vc_column_inner][\/vc_row_inner][vc_row_inner row_type=\u00a0\u00bbrow\u00a0\u00bb type=\u00a0\u00bbfull_width\u00a0\u00bb text_align=\u00a0\u00bbleft\u00a0\u00bb css_animation=\u00a0\u00bb\u00a0\u00bb][vc_column_inner width=\u00a0\u00bb1\/2&Prime;][vc_single_image image=\u00a0\u00bb3642&Prime; img_size=\u00a0\u00bb500&#215;500&Prime; qode_css_animation=\u00a0\u00bb\u00a0\u00bb][vc_empty_space][\/vc_column_inner][vc_column_inner width=\u00a0\u00bb1\/2&Prime; css=\u00a0\u00bb.vc_custom_1675268125033{margin-bottom: 80px !important;}\u00a0\u00bb][vc_empty_space height=\u00a0\u00bb15px\u00a0\u00bb][vc_column_text] Le long de la route qui&#8230;<\/p>\n","protected":false},"author":1,"featured_media":12152,"parent":12635,"menu_order":0,"comment_status":"closed","ping_status":"closed","template":"full_width.php","meta":{"inline_featured_image":false,"footnotes":""},"class_list":["post-12642","page","type-page","status-publish","has-post-thumbnail","hentry"],"_links":{"self":[{"href":"https:\/\/discovergallura.it\/fr\/wp-json\/wp\/v2\/pages\/12642","targetHints":{"allow":["GET"]}}],"collection":[{"href":"https:\/\/discovergallura.it\/fr\/wp-json\/wp\/v2\/pages"}],"about":[{"href":"https:\/\/discovergallura.it\/fr\/wp-json\/wp\/v2\/types\/page"}],"author":[{"embeddable":true,"href":"https:\/\/discovergallura.it\/fr\/wp-json\/wp\/v2\/users\/1"}],"replies":[{"embeddable":true,"href":"https:\/\/discovergallura.it\/fr\/wp-json\/wp\/v2\/comments?post=12642"}],"version-history":[{"count":6,"href":"https:\/\/discovergallura.it\/fr\/wp-json\/wp\/v2\/pages\/12642\/revisions"}],"predecessor-version":[{"id":13827,"href":"https:\/\/discovergallura.it\/fr\/wp-json\/wp\/v2\/pages\/12642\/revisions\/13827"}],"up":[{"embeddable":true,"href":"https:\/\/discovergallura.it\/fr\/wp-json\/wp\/v2\/pages\/12635"}],"wp:featuredmedia":[{"embeddable":true,"href":"https:\/\/discovergallura.it\/fr\/wp-json\/wp\/v2\/media\/12152"}],"wp:attachment":[{"href":"https:\/\/discovergallura.it\/fr\/wp-json\/wp\/v2\/media?parent=12642"}],"curies":[{"name":"wp","href":"https:\/\/api.w.org\/{rel}","templated":true}]}}