{"id":12841,"date":"2023-01-23T15:48:19","date_gmt":"2023-01-23T14:48:19","guid":{"rendered":"https:\/\/discovergallura.it\/belvedere-lu-nuracu\/"},"modified":"2023-06-09T15:44:34","modified_gmt":"2023-06-09T13:44:34","slug":"belvedere-lu-nuracu","status":"publish","type":"page","link":"https:\/\/discovergallura.it\/fr\/punti-panoramici-da-non-perdere\/belvedere-lu-nuracu\/","title":{"rendered":"Belv\u00e9d\u00e8re \u00ab Lu Nuracu \u00bb"},"content":{"rendered":"<div class=\"wpb-content-wrapper\"><p>[vc_row css_animation=\u00a0\u00bb\u00a0\u00bb row_type=\u00a0\u00bbrow\u00a0\u00bb use_row_as_full_screen_section=\u00a0\u00bbno\u00a0\u00bb type=\u00a0\u00bbgrid\u00a0\u00bb angled_section=\u00a0\u00bbno\u00a0\u00bb text_align=\u00a0\u00bbleft\u00a0\u00bb background_image_as_pattern=\u00a0\u00bbwithout_pattern\u00a0\u00bb z_index=\u00a0\u00bb\u00a0\u00bb][vc_column css=\u00a0\u00bb.vc_custom_1674214152573{margin-top: 80px !important;}\u00a0\u00bb][vc_row_inner row_type=\u00a0\u00bbrow\u00a0\u00bb type=\u00a0\u00bbfull_width\u00a0\u00bb text_align=\u00a0\u00bbleft\u00a0\u00bb css_animation=\u00a0\u00bb\u00a0\u00bb][vc_column_inner width=\u00a0\u00bb1\/2&Prime; css=\u00a0\u00bb.vc_custom_1674212921568{margin-bottom: 110px !important;}\u00a0\u00bb][vc_separator type=\u00a0\u00bbsmall\u00a0\u00bb position=\u00a0\u00bbleft\u00a0\u00bb color=\u00a0\u00bb#3390b9&Prime; thickness=\u00a0\u00bb4&Prime; width=\u00a0\u00bb50&Prime;]<div class=\"custom_font_holder \" style=\"font-family: red hat display; font-style: normal; font-weight: 800; color: #3390b9; text-decoration: none; text-align: left; --qode-cf-font-size: 38px; --qode-cf-line-height: 39px; --qode-cf-font-size-1440: 38px; --qode-cf-line-height-1440: 39px; --qode-cf-font-size-1366: 38px; --qode-cf-line-height-1366: 39px; --qode-cf-font-size-1280: 38px; --qode-cf-line-height-1280: 39px; --qode-cf-font-size-1024: 38px; --qode-cf-line-height-1024: 39px; --qode-cf-font-size-768: 38px; --qode-cf-line-height-768: 39px; --qode-cf-font-size-680: 38px; --qode-cf-line-height-680: 39px; --qode-cf-font-size-480: 38px; --qode-cf-line-height-480: 39px;\">BELV\u00c9D\u00c8RE \u00ab LU NURACU \u00bb<\/div>[\/vc_column_inner][vc_column_inner width=\u00a0\u00bb1\/2&Prime;][\/vc_column_inner][\/vc_row_inner][vc_row_inner row_type=\u00a0\u00bbrow\u00a0\u00bb type=\u00a0\u00bbfull_width\u00a0\u00bb text_align=\u00a0\u00bbleft\u00a0\u00bb css_animation=\u00a0\u00bb\u00a0\u00bb][vc_column_inner width=\u00a0\u00bb1\/2&Prime;][vc_single_image image=\u00a0\u00bb558&Prime; img_size=\u00a0\u00bbfull\u00a0\u00bb qode_css_animation=\u00a0\u00bb\u00a0\u00bb][vc_empty_space][\/vc_column_inner][vc_column_inner width=\u00a0\u00bb1\/2&Prime; css=\u00a0\u00bb.vc_custom_1674212910857{margin-bottom: 80px !important;}\u00a0\u00bb][vc_column_text]<\/p>\n<p style=\"text-align: justify;\">Situ\u00e9 dans la localit\u00e9 de <a href=\"https:\/\/discovergallura.it\/fr\/s-antonio-gallura\/\">Sant\u2019Antonio di Gallura<\/a> , le <strong>belv\u00e9d\u00e8re \u00ab Lu Nuracu \u00bb<\/strong> (\u00ab le nuraghe \u00bb) se trouve au niveau du point culminant du village, perch\u00e9 sur une formation de granit qui a des airs de forteresse naturelle. Le panorama englobe le <a href=\"https:\/\/discovergallura.it\/fr\/monte-limbara\/\">mont Limbara<\/a> , la commune de Luras, le <a href=\"https:\/\/discovergallura.it\/fr\/lago-liscia\/\">lac Liscia<\/a> et la mer de Palau. Les jours o\u00f9 le ciel est bien d\u00e9gag\u00e9, il est m\u00eame possible d&rsquo;apercevoir la Corse. Au coucher de soleil, le panorama est envelopp\u00e9 d&rsquo;une lumi\u00e8re chaude et presque magique, qui offre un spectacle inoubliable \u00e0 qui l&rsquo;observe.<\/p>\n<p>[\/vc_column_text][\/vc_column_inner][\/vc_row_inner][\/vc_column][\/vc_row][vc_row css_animation=\u00a0\u00bb\u00a0\u00bb row_type=\u00a0\u00bbrow\u00a0\u00bb use_row_as_full_screen_section=\u00a0\u00bbno\u00a0\u00bb type=\u00a0\u00bbgrid\u00a0\u00bb angled_section=\u00a0\u00bbno\u00a0\u00bb text_align=\u00a0\u00bbleft\u00a0\u00bb background_image_as_pattern=\u00a0\u00bbwithout_pattern\u00a0\u00bb z_index=\u00a0\u00bb\u00a0\u00bb][vc_column width=\u00a0\u00bb1\/6&Prime;][\/vc_column][vc_column width=\u00a0\u00bb2\/3&Prime; css=\u00a0\u00bb.vc_custom_1674141388895{margin-top: 80px !important;}\u00a0\u00bb offset=\u00a0\u00bbvc_hidden-sm vc_hidden-xs\u00a0\u00bb]<div class=\"custom_font_holder \" style=\"font-family: EB garamond; font-style: italic; font-weight: 500; text-decoration: none; text-align: left; --qode-cf-font-size: 24px; --qode-cf-line-height: 28px; --qode-cf-font-size-1440: 24px; --qode-cf-line-height-1440: 28px; --qode-cf-font-size-1366: 24px; --qode-cf-line-height-1366: 28px; --qode-cf-font-size-1280: 24px; --qode-cf-line-height-1280: 28px; --qode-cf-font-size-1024: 24px; --qode-cf-line-height-1024: 28px; --qode-cf-font-size-768: 24px; --qode-cf-line-height-768: 28px; --qode-cf-font-size-680: 24px; --qode-cf-line-height-680: 28px; --qode-cf-font-size-480: 24px; --qode-cf-line-height-480: 28px;\">\n<p style=\"text-align: center;\"><span style=\"font-size: 24pt; line-height: 110%;\">D&rsquo;ici, il est possible d&rsquo;admirer l&rsquo;un des couchers de soleil les plus spectaculaires de toute la Gallura.<\/span><\/p>\n<\/div>[\/vc_column][vc_column width=\u00a0\u00bb1\/6&Prime;][\/vc_column][\/vc_row][vc_row css_animation=\u00a0\u00bb\u00a0\u00bb row_type=\u00a0\u00bbrow\u00a0\u00bb use_row_as_full_screen_section=\u00a0\u00bbno\u00a0\u00bb type=\u00a0\u00bbfull_width\u00a0\u00bb angled_section=\u00a0\u00bbno\u00a0\u00bb text_align=\u00a0\u00bbleft\u00a0\u00bb background_image_as_pattern=\u00a0\u00bbwithout_pattern\u00a0\u00bb z_index=\u00a0\u00bb\u00a0\u00bb][vc_column css=\u00a0\u00bb.vc_custom_1674214257906{margin-top: 80px !important;margin-bottom: 120px !important;}\u00a0\u00bb offset=\u00a0\u00bbvc_hidden-sm vc_hidden-xs\u00a0\u00bb]<div class=\"qode-advanced-image-gallery  qode-aig-slider-type qode-tiny-space   \">\n\t<div class=\"qode-aig-slider qode-owl-slider\" data-number-of-items=\"1\" data-enable-loop=\"yes\" data-enable-autoplay=\"yes\" data-slider-speed=\"5000\" data-slider-speed-animation=\"600\" data-slider-padding=\"yes\" data-enable-navigation=\"yes\" data-enable-pagination=\"yes\">\n\t\t\t\t\t<div class=\"qode-aig-image\">\n\t\t\t\t\t\t\t\t\t<img loading=\"lazy\" decoding=\"async\" width=\"1050\" height=\"1256\" src=\"https:\/\/discovergallura.it\/wp-content\/uploads\/2023\/01\/1-3.jpg\" class=\"attachment-full size-full\" alt=\"\" srcset=\"https:\/\/discovergallura.it\/wp-content\/uploads\/2023\/01\/1-3.jpg 1050w, https:\/\/discovergallura.it\/wp-content\/uploads\/2023\/01\/1-3-251x300.jpg 251w, https:\/\/discovergallura.it\/wp-content\/uploads\/2023\/01\/1-3-856x1024.jpg 856w, https:\/\/discovergallura.it\/wp-content\/uploads\/2023\/01\/1-3-768x919.jpg 768w, https:\/\/discovergallura.it\/wp-content\/uploads\/2023\/01\/1-3-700x837.jpg 700w\" sizes=\"auto, (max-width: 1050px) 100vw, 1050px\" \/>\t\t\t\t\t<span class=\"aig-gallery-hover\">\n\t\t\t\t\t\t\t\t\t\t\t<\/span>\n\t\t\t\t\t\t\t<\/div>\n\t\t\t\t\t\t\t\t<div class=\"qode-aig-image\">\n\t\t\t\t\t\t\t\t\t<img loading=\"lazy\" decoding=\"async\" width=\"832\" height=\"638\" src=\"https:\/\/discovergallura.it\/wp-content\/uploads\/2023\/01\/2greg.jpg\" class=\"attachment-full size-full\" alt=\"\" srcset=\"https:\/\/discovergallura.it\/wp-content\/uploads\/2023\/01\/2greg.jpg 832w, https:\/\/discovergallura.it\/wp-content\/uploads\/2023\/01\/2greg-300x230.jpg 300w, https:\/\/discovergallura.it\/wp-content\/uploads\/2023\/01\/2greg-768x589.jpg 768w, https:\/\/discovergallura.it\/wp-content\/uploads\/2023\/01\/2greg-700x537.jpg 700w\" sizes=\"auto, (max-width: 832px) 100vw, 832px\" \/>\t\t\t\t\t<span class=\"aig-gallery-hover\">\n\t\t\t\t\t\t\t\t\t\t\t<\/span>\n\t\t\t\t\t\t\t<\/div>\n\t\t\t\t\t\t\t\t<div class=\"qode-aig-image\">\n\t\t\t\t\t\t\t\t\t<img loading=\"lazy\" decoding=\"async\" width=\"968\" height=\"1218\" src=\"https:\/\/discovergallura.it\/wp-content\/uploads\/2023\/01\/3rgvs.jpg\" class=\"attachment-full size-full\" alt=\"\" srcset=\"https:\/\/discovergallura.it\/wp-content\/uploads\/2023\/01\/3rgvs.jpg 968w, https:\/\/discovergallura.it\/wp-content\/uploads\/2023\/01\/3rgvs-238x300.jpg 238w, https:\/\/discovergallura.it\/wp-content\/uploads\/2023\/01\/3rgvs-814x1024.jpg 814w, https:\/\/discovergallura.it\/wp-content\/uploads\/2023\/01\/3rgvs-768x966.jpg 768w, https:\/\/discovergallura.it\/wp-content\/uploads\/2023\/01\/3rgvs-700x881.jpg 700w\" sizes=\"auto, (max-width: 968px) 100vw, 968px\" \/>\t\t\t\t\t<span class=\"aig-gallery-hover\">\n\t\t\t\t\t\t\t\t\t\t\t<\/span>\n\t\t\t\t\t\t\t<\/div>\n\t\t\t\t\t\t<\/div>\n<\/div>[\/vc_column][\/vc_row]<\/p>\n<\/div>","protected":false},"excerpt":{"rendered":"<p>[vc_row css_animation=\u00a0\u00bb\u00a0\u00bb row_type=\u00a0\u00bbrow\u00a0\u00bb use_row_as_full_screen_section=\u00a0\u00bbno\u00a0\u00bb type=\u00a0\u00bbgrid\u00a0\u00bb angled_section=\u00a0\u00bbno\u00a0\u00bb text_align=\u00a0\u00bbleft\u00a0\u00bb background_image_as_pattern=\u00a0\u00bbwithout_pattern\u00a0\u00bb z_index=\u00a0\u00bb\u00a0\u00bb][vc_column css=\u00a0\u00bb.vc_custom_1674214152573{margin-top: 80px !important;}\u00a0\u00bb][vc_row_inner row_type=\u00a0\u00bbrow\u00a0\u00bb type=\u00a0\u00bbfull_width\u00a0\u00bb text_align=\u00a0\u00bbleft\u00a0\u00bb css_animation=\u00a0\u00bb\u00a0\u00bb][vc_column_inner width=\u00a0\u00bb1\/2&Prime; css=\u00a0\u00bb.vc_custom_1674212921568{margin-bottom: 110px !important;}\u00a0\u00bb][vc_separator type=\u00a0\u00bbsmall\u00a0\u00bb position=\u00a0\u00bbleft\u00a0\u00bb color=\u00a0\u00bb#3390b9&Prime; thickness=\u00a0\u00bb4&Prime; width=\u00a0\u00bb50&Prime;][\/vc_column_inner][vc_column_inner width=\u00a0\u00bb1\/2&Prime;][\/vc_column_inner][\/vc_row_inner][vc_row_inner row_type=\u00a0\u00bbrow\u00a0\u00bb type=\u00a0\u00bbfull_width\u00a0\u00bb text_align=\u00a0\u00bbleft\u00a0\u00bb css_animation=\u00a0\u00bb\u00a0\u00bb][vc_column_inner width=\u00a0\u00bb1\/2&Prime;][vc_single_image image=\u00a0\u00bb558&Prime; img_size=\u00a0\u00bbfull\u00a0\u00bb qode_css_animation=\u00a0\u00bb\u00a0\u00bb][vc_empty_space][\/vc_column_inner][vc_column_inner width=\u00a0\u00bb1\/2&Prime; css=\u00a0\u00bb.vc_custom_1674212910857{margin-bottom: 80px !important;}\u00a0\u00bb][vc_column_text] Situ\u00e9 dans la localit\u00e9 de Sant\u2019Antonio di&#8230;<\/p>\n","protected":false},"author":1,"featured_media":11178,"parent":13201,"menu_order":0,"comment_status":"closed","ping_status":"closed","template":"full_width.php","meta":{"inline_featured_image":false,"footnotes":""},"class_list":["post-12841","page","type-page","status-publish","has-post-thumbnail","hentry"],"_links":{"self":[{"href":"https:\/\/discovergallura.it\/fr\/wp-json\/wp\/v2\/pages\/12841","targetHints":{"allow":["GET"]}}],"collection":[{"href":"https:\/\/discovergallura.it\/fr\/wp-json\/wp\/v2\/pages"}],"about":[{"href":"https:\/\/discovergallura.it\/fr\/wp-json\/wp\/v2\/types\/page"}],"author":[{"embeddable":true,"href":"https:\/\/discovergallura.it\/fr\/wp-json\/wp\/v2\/users\/1"}],"replies":[{"embeddable":true,"href":"https:\/\/discovergallura.it\/fr\/wp-json\/wp\/v2\/comments?post=12841"}],"version-history":[{"count":4,"href":"https:\/\/discovergallura.it\/fr\/wp-json\/wp\/v2\/pages\/12841\/revisions"}],"predecessor-version":[{"id":13629,"href":"https:\/\/discovergallura.it\/fr\/wp-json\/wp\/v2\/pages\/12841\/revisions\/13629"}],"up":[{"embeddable":true,"href":"https:\/\/discovergallura.it\/fr\/wp-json\/wp\/v2\/pages\/13201"}],"wp:featuredmedia":[{"embeddable":true,"href":"https:\/\/discovergallura.it\/fr\/wp-json\/wp\/v2\/media\/11178"}],"wp:attachment":[{"href":"https:\/\/discovergallura.it\/fr\/wp-json\/wp\/v2\/media?parent=12841"}],"curies":[{"name":"wp","href":"https:\/\/api.w.org\/{rel}","templated":true}]}}