{"id":12849,"date":"2023-01-23T16:11:57","date_gmt":"2023-01-23T15:11:57","guid":{"rendered":"https:\/\/discovergallura.it\/faro-di-capo-testa\/"},"modified":"2023-06-09T16:05:36","modified_gmt":"2023-06-09T14:05:36","slug":"faro-di-capo-testa","status":"publish","type":"page","link":"https:\/\/discovergallura.it\/fr\/fari\/faro-di-capo-testa\/","title":{"rendered":"Phare de Capo Testa"},"content":{"rendered":"<div class=\"wpb-content-wrapper\"><p>[vc_row css_animation=\u00a0\u00bb\u00a0\u00bb row_type=\u00a0\u00bbrow\u00a0\u00bb use_row_as_full_screen_section=\u00a0\u00bbno\u00a0\u00bb type=\u00a0\u00bbgrid\u00a0\u00bb angled_section=\u00a0\u00bbno\u00a0\u00bb text_align=\u00a0\u00bbleft\u00a0\u00bb background_image_as_pattern=\u00a0\u00bbwithout_pattern\u00a0\u00bb z_index=\u00a0\u00bb\u00a0\u00bb][vc_column css=\u00a0\u00bb.vc_custom_1674214152573{margin-top: 80px !important;}\u00a0\u00bb][vc_row_inner row_type=\u00a0\u00bbrow\u00a0\u00bb type=\u00a0\u00bbfull_width\u00a0\u00bb text_align=\u00a0\u00bbleft\u00a0\u00bb css_animation=\u00a0\u00bb\u00a0\u00bb][vc_column_inner width=\u00a0\u00bb1\/2&Prime; css=\u00a0\u00bb.vc_custom_1674212921568{margin-bottom: 110px !important;}\u00a0\u00bb][vc_separator type=\u00a0\u00bbsmall\u00a0\u00bb position=\u00a0\u00bbleft\u00a0\u00bb color=\u00a0\u00bb#3390b9&Prime; thickness=\u00a0\u00bb4&Prime; width=\u00a0\u00bb50&Prime;]<div class=\"custom_font_holder \" style=\"font-family: red hat display; font-style: normal; font-weight: 800; color: #3390b9; text-decoration: none; text-align: left; --qode-cf-font-size: 38px; --qode-cf-line-height: 39px; --qode-cf-font-size-1440: 38px; --qode-cf-line-height-1440: 39px; --qode-cf-font-size-1366: 38px; --qode-cf-line-height-1366: 39px; --qode-cf-font-size-1280: 38px; --qode-cf-line-height-1280: 39px; --qode-cf-font-size-1024: 38px; --qode-cf-line-height-1024: 39px; --qode-cf-font-size-768: 38px; --qode-cf-line-height-768: 39px; --qode-cf-font-size-680: 38px; --qode-cf-line-height-680: 39px; --qode-cf-font-size-480: 38px; --qode-cf-line-height-480: 39px;\">PHARE DE CAPO TESTA<\/div>[\/vc_column_inner][vc_column_inner width=\u00a0\u00bb1\/2&Prime;][\/vc_column_inner][\/vc_row_inner][vc_row_inner row_type=\u00a0\u00bbrow\u00a0\u00bb type=\u00a0\u00bbfull_width\u00a0\u00bb text_align=\u00a0\u00bbleft\u00a0\u00bb css_animation=\u00a0\u00bb\u00a0\u00bb][vc_column_inner width=\u00a0\u00bb1\/2&Prime;][vc_single_image image=\u00a0\u00bb503&Prime; img_size=\u00a0\u00bbfull\u00a0\u00bb qode_css_animation=\u00a0\u00bb\u00a0\u00bb][vc_empty_space][\/vc_column_inner][vc_column_inner width=\u00a0\u00bb1\/2&Prime; css=\u00a0\u00bb.vc_custom_1674212910857{margin-bottom: 80px !important;}\u00a0\u00bb][vc_column_text]<\/p>\n<p style=\"text-align: justify;\">Construit au XIXe si\u00e8cle, <strong>le phare de Capo Testa<\/strong>, qui culmine \u00e0 23 m\u00e8tres de hauteur et poss\u00e8de une fa\u00e7ade blanche, est un \u00e9difice en plan rectangulaire \u00e0 deux \u00e9tages, surmont\u00e9 de la tour du phare. Le vieux phare, qui n&rsquo;est plus utilis\u00e9 et est ferm\u00e9 au public, se trouve \u00e9galement non loin de l\u00e0. Depuis ce point, il est possible d&rsquo;admirer des vues panoramiques saisissantes sur les <strong>Bouches de Bonifacio<\/strong> et sur la zone du promontoire de <a href=\"https:\/\/discovergallura.it\/fr\/capo-testa\/\">Capo Testa<\/a> , que la lumi\u00e8re du coucher de soleil rend encore plus pittoresques. Un passage oblig\u00e9 pour les amateurs de phares, qui s\u00e9duisent depuis la nuit des temps par leur atmosph\u00e8re \u00e0 la fois romantique et m\u00e9lancolique.<\/p>\n<p>[\/vc_column_text][\/vc_column_inner][\/vc_row_inner][\/vc_column][\/vc_row][vc_row css_animation=\u00a0\u00bb\u00a0\u00bb row_type=\u00a0\u00bbrow\u00a0\u00bb use_row_as_full_screen_section=\u00a0\u00bbno\u00a0\u00bb type=\u00a0\u00bbgrid\u00a0\u00bb angled_section=\u00a0\u00bbno\u00a0\u00bb text_align=\u00a0\u00bbleft\u00a0\u00bb background_image_as_pattern=\u00a0\u00bbwithout_pattern\u00a0\u00bb z_index=\u00a0\u00bb\u00a0\u00bb][vc_column width=\u00a0\u00bb1\/6&Prime;][\/vc_column][vc_column width=\u00a0\u00bb2\/3&Prime; css=\u00a0\u00bb.vc_custom_1674141388895{margin-top: 80px !important;}\u00a0\u00bb offset=\u00a0\u00bbvc_hidden-sm vc_hidden-xs\u00a0\u00bb]<div class=\"custom_font_holder \" style=\"font-family: EB garamond; font-style: italic; font-weight: 500; text-decoration: none; text-align: left; --qode-cf-font-size: 24px; --qode-cf-line-height: 28px; --qode-cf-font-size-1440: 24px; --qode-cf-line-height-1440: 28px; --qode-cf-font-size-1366: 24px; --qode-cf-line-height-1366: 28px; --qode-cf-font-size-1280: 24px; --qode-cf-line-height-1280: 28px; --qode-cf-font-size-1024: 24px; --qode-cf-line-height-1024: 28px; --qode-cf-font-size-768: 24px; --qode-cf-line-height-768: 28px; --qode-cf-font-size-680: 24px; --qode-cf-line-height-680: 28px; --qode-cf-font-size-480: 24px; --qode-cf-line-height-480: 28px;\">\n<p style=\"text-align: center;\"><span style=\"font-size: 24pt; line-height: 110%;\">Faisant partie des phares les plus importants de Sardaigne, il offre des vues panoramiques qui touchent l&rsquo;\u00e2me.<\/span><\/p>\n<\/div>[\/vc_column][vc_column width=\u00a0\u00bb1\/6&Prime;][\/vc_column][\/vc_row][vc_row css_animation=\u00a0\u00bb\u00a0\u00bb row_type=\u00a0\u00bbrow\u00a0\u00bb use_row_as_full_screen_section=\u00a0\u00bbno\u00a0\u00bb type=\u00a0\u00bbfull_width\u00a0\u00bb angled_section=\u00a0\u00bbno\u00a0\u00bb text_align=\u00a0\u00bbleft\u00a0\u00bb background_image_as_pattern=\u00a0\u00bbwithout_pattern\u00a0\u00bb z_index=\u00a0\u00bb\u00a0\u00bb][vc_column css=\u00a0\u00bb.vc_custom_1675691128266{margin-top: 80px !important;margin-bottom: 120px !important;}\u00a0\u00bb]<div class=\"qode-advanced-image-gallery  qode-aig-slider-type qode-tiny-space   \">\n\t<div class=\"qode-aig-slider qode-owl-slider\" data-number-of-items=\"1\" data-enable-loop=\"yes\" data-enable-autoplay=\"yes\" data-slider-speed=\"5000\" data-slider-speed-animation=\"600\" data-slider-padding=\"yes\" data-enable-navigation=\"yes\" data-enable-pagination=\"yes\">\n\t\t\t\t\t<div class=\"qode-aig-image\">\n\t\t\t\t\t\t\t\t\t<img loading=\"lazy\" decoding=\"async\" width=\"1134\" height=\"755\" src=\"https:\/\/discovergallura.it\/wp-content\/uploads\/2023\/01\/Capo-Testa-Panorami-Scenic-Views-PortoCervo-Costa-Smeralda-Sardegna-Sardinia-Coast-CoastStyle-MC.jpg\" class=\"attachment-full size-full\" alt=\"\" srcset=\"https:\/\/discovergallura.it\/wp-content\/uploads\/2023\/01\/Capo-Testa-Panorami-Scenic-Views-PortoCervo-Costa-Smeralda-Sardegna-Sardinia-Coast-CoastStyle-MC.jpg 1134w, https:\/\/discovergallura.it\/wp-content\/uploads\/2023\/01\/Capo-Testa-Panorami-Scenic-Views-PortoCervo-Costa-Smeralda-Sardegna-Sardinia-Coast-CoastStyle-MC-300x200.jpg 300w, https:\/\/discovergallura.it\/wp-content\/uploads\/2023\/01\/Capo-Testa-Panorami-Scenic-Views-PortoCervo-Costa-Smeralda-Sardegna-Sardinia-Coast-CoastStyle-MC-1024x682.jpg 1024w, https:\/\/discovergallura.it\/wp-content\/uploads\/2023\/01\/Capo-Testa-Panorami-Scenic-Views-PortoCervo-Costa-Smeralda-Sardegna-Sardinia-Coast-CoastStyle-MC-768x511.jpg 768w, https:\/\/discovergallura.it\/wp-content\/uploads\/2023\/01\/Capo-Testa-Panorami-Scenic-Views-PortoCervo-Costa-Smeralda-Sardegna-Sardinia-Coast-CoastStyle-MC-700x466.jpg 700w\" sizes=\"auto, (max-width: 1134px) 100vw, 1134px\" \/>\t\t\t\t\t<span class=\"aig-gallery-hover\">\n\t\t\t\t\t\t\t\t\t\t\t<\/span>\n\t\t\t\t\t\t\t<\/div>\n\t\t\t\t\t\t\t\t<div class=\"qode-aig-image\">\n\t\t\t\t\t\t\t\t\t<img loading=\"lazy\" decoding=\"async\" width=\"1600\" height=\"900\" src=\"https:\/\/discovergallura.it\/wp-content\/uploads\/2023\/01\/FARO-CAPO-TESTA-SANTA-TERESA-GALLURA-SARDEGNA-LIGHTHOUSE-BONIFACIO-STRAIT-SARDINIA.jpeg\" class=\"attachment-full size-full\" alt=\"\" srcset=\"https:\/\/discovergallura.it\/wp-content\/uploads\/2023\/01\/FARO-CAPO-TESTA-SANTA-TERESA-GALLURA-SARDEGNA-LIGHTHOUSE-BONIFACIO-STRAIT-SARDINIA.jpeg 1600w, https:\/\/discovergallura.it\/wp-content\/uploads\/2023\/01\/FARO-CAPO-TESTA-SANTA-TERESA-GALLURA-SARDEGNA-LIGHTHOUSE-BONIFACIO-STRAIT-SARDINIA-300x169.jpeg 300w, https:\/\/discovergallura.it\/wp-content\/uploads\/2023\/01\/FARO-CAPO-TESTA-SANTA-TERESA-GALLURA-SARDEGNA-LIGHTHOUSE-BONIFACIO-STRAIT-SARDINIA-1024x576.jpeg 1024w, https:\/\/discovergallura.it\/wp-content\/uploads\/2023\/01\/FARO-CAPO-TESTA-SANTA-TERESA-GALLURA-SARDEGNA-LIGHTHOUSE-BONIFACIO-STRAIT-SARDINIA-768x432.jpeg 768w, https:\/\/discovergallura.it\/wp-content\/uploads\/2023\/01\/FARO-CAPO-TESTA-SANTA-TERESA-GALLURA-SARDEGNA-LIGHTHOUSE-BONIFACIO-STRAIT-SARDINIA-1536x864.jpeg 1536w, https:\/\/discovergallura.it\/wp-content\/uploads\/2023\/01\/FARO-CAPO-TESTA-SANTA-TERESA-GALLURA-SARDEGNA-LIGHTHOUSE-BONIFACIO-STRAIT-SARDINIA-700x394.jpeg 700w, https:\/\/discovergallura.it\/wp-content\/uploads\/2023\/01\/FARO-CAPO-TESTA-SANTA-TERESA-GALLURA-SARDEGNA-LIGHTHOUSE-BONIFACIO-STRAIT-SARDINIA-539x303.jpeg 539w\" sizes=\"auto, (max-width: 1600px) 100vw, 1600px\" \/>\t\t\t\t\t<span class=\"aig-gallery-hover\">\n\t\t\t\t\t\t\t\t\t\t\t<\/span>\n\t\t\t\t\t\t\t<\/div>\n\t\t\t\t\t\t\t\t<div class=\"qode-aig-image\">\n\t\t\t\t\t\t\t\t\t<img loading=\"lazy\" decoding=\"async\" width=\"1134\" height=\"898\" src=\"https:\/\/discovergallura.it\/wp-content\/uploads\/2023\/01\/FARO-CAPO-TESTA-SANTA-TERESA-GALLURA-SARDEGNA-LIGHTHOUSE-SARDINIA.jpg\" class=\"attachment-full size-full\" alt=\"\" srcset=\"https:\/\/discovergallura.it\/wp-content\/uploads\/2023\/01\/FARO-CAPO-TESTA-SANTA-TERESA-GALLURA-SARDEGNA-LIGHTHOUSE-SARDINIA.jpg 1134w, https:\/\/discovergallura.it\/wp-content\/uploads\/2023\/01\/FARO-CAPO-TESTA-SANTA-TERESA-GALLURA-SARDEGNA-LIGHTHOUSE-SARDINIA-300x238.jpg 300w, https:\/\/discovergallura.it\/wp-content\/uploads\/2023\/01\/FARO-CAPO-TESTA-SANTA-TERESA-GALLURA-SARDEGNA-LIGHTHOUSE-SARDINIA-1024x811.jpg 1024w, https:\/\/discovergallura.it\/wp-content\/uploads\/2023\/01\/FARO-CAPO-TESTA-SANTA-TERESA-GALLURA-SARDEGNA-LIGHTHOUSE-SARDINIA-768x608.jpg 768w, https:\/\/discovergallura.it\/wp-content\/uploads\/2023\/01\/FARO-CAPO-TESTA-SANTA-TERESA-GALLURA-SARDEGNA-LIGHTHOUSE-SARDINIA-700x554.jpg 700w\" sizes=\"auto, (max-width: 1134px) 100vw, 1134px\" \/>\t\t\t\t\t<span class=\"aig-gallery-hover\">\n\t\t\t\t\t\t\t\t\t\t\t<\/span>\n\t\t\t\t\t\t\t<\/div>\n\t\t\t\t\t\t<\/div>\n<\/div>[\/vc_column][\/vc_row]<\/p>\n<\/div>","protected":false},"excerpt":{"rendered":"<p>[vc_row css_animation=\u00a0\u00bb\u00a0\u00bb row_type=\u00a0\u00bbrow\u00a0\u00bb use_row_as_full_screen_section=\u00a0\u00bbno\u00a0\u00bb type=\u00a0\u00bbgrid\u00a0\u00bb angled_section=\u00a0\u00bbno\u00a0\u00bb text_align=\u00a0\u00bbleft\u00a0\u00bb background_image_as_pattern=\u00a0\u00bbwithout_pattern\u00a0\u00bb z_index=\u00a0\u00bb\u00a0\u00bb][vc_column css=\u00a0\u00bb.vc_custom_1674214152573{margin-top: 80px !important;}\u00a0\u00bb][vc_row_inner row_type=\u00a0\u00bbrow\u00a0\u00bb type=\u00a0\u00bbfull_width\u00a0\u00bb text_align=\u00a0\u00bbleft\u00a0\u00bb css_animation=\u00a0\u00bb\u00a0\u00bb][vc_column_inner width=\u00a0\u00bb1\/2&Prime; css=\u00a0\u00bb.vc_custom_1674212921568{margin-bottom: 110px !important;}\u00a0\u00bb][vc_separator type=\u00a0\u00bbsmall\u00a0\u00bb position=\u00a0\u00bbleft\u00a0\u00bb color=\u00a0\u00bb#3390b9&Prime; thickness=\u00a0\u00bb4&Prime; width=\u00a0\u00bb50&Prime;][\/vc_column_inner][vc_column_inner width=\u00a0\u00bb1\/2&Prime;][\/vc_column_inner][\/vc_row_inner][vc_row_inner row_type=\u00a0\u00bbrow\u00a0\u00bb type=\u00a0\u00bbfull_width\u00a0\u00bb text_align=\u00a0\u00bbleft\u00a0\u00bb css_animation=\u00a0\u00bb\u00a0\u00bb][vc_column_inner width=\u00a0\u00bb1\/2&Prime;][vc_single_image image=\u00a0\u00bb503&Prime; img_size=\u00a0\u00bbfull\u00a0\u00bb qode_css_animation=\u00a0\u00bb\u00a0\u00bb][vc_empty_space][\/vc_column_inner][vc_column_inner width=\u00a0\u00bb1\/2&Prime; css=\u00a0\u00bb.vc_custom_1674212910857{margin-bottom: 80px !important;}\u00a0\u00bb][vc_column_text] Construit au XIXe si\u00e8cle, le phare de&#8230;<\/p>\n","protected":false},"author":1,"featured_media":11136,"parent":13205,"menu_order":0,"comment_status":"closed","ping_status":"closed","template":"full_width.php","meta":{"inline_featured_image":false,"footnotes":""},"class_list":["post-12849","page","type-page","status-publish","has-post-thumbnail","hentry"],"_links":{"self":[{"href":"https:\/\/discovergallura.it\/fr\/wp-json\/wp\/v2\/pages\/12849","targetHints":{"allow":["GET"]}}],"collection":[{"href":"https:\/\/discovergallura.it\/fr\/wp-json\/wp\/v2\/pages"}],"about":[{"href":"https:\/\/discovergallura.it\/fr\/wp-json\/wp\/v2\/types\/page"}],"author":[{"embeddable":true,"href":"https:\/\/discovergallura.it\/fr\/wp-json\/wp\/v2\/users\/1"}],"replies":[{"embeddable":true,"href":"https:\/\/discovergallura.it\/fr\/wp-json\/wp\/v2\/comments?post=12849"}],"version-history":[{"count":5,"href":"https:\/\/discovergallura.it\/fr\/wp-json\/wp\/v2\/pages\/12849\/revisions"}],"predecessor-version":[{"id":13638,"href":"https:\/\/discovergallura.it\/fr\/wp-json\/wp\/v2\/pages\/12849\/revisions\/13638"}],"up":[{"embeddable":true,"href":"https:\/\/discovergallura.it\/fr\/wp-json\/wp\/v2\/pages\/13205"}],"wp:featuredmedia":[{"embeddable":true,"href":"https:\/\/discovergallura.it\/fr\/wp-json\/wp\/v2\/media\/11136"}],"wp:attachment":[{"href":"https:\/\/discovergallura.it\/fr\/wp-json\/wp\/v2\/media?parent=12849"}],"curies":[{"name":"wp","href":"https:\/\/api.w.org\/{rel}","templated":true}]}}