{"id":12883,"date":"2023-01-19T11:52:49","date_gmt":"2023-01-19T10:52:49","guid":{"rendered":"https:\/\/discovergallura.it\/musei\/"},"modified":"2023-06-09T16:36:19","modified_gmt":"2023-06-09T14:36:19","slug":"musei","status":"publish","type":"page","link":"https:\/\/discovergallura.it\/fr\/arte-e-cultura\/musei\/","title":{"rendered":"Mus\u00e9es"},"content":{"rendered":"<div class=\"wpb-content-wrapper\"><p>[vc_row css_animation=\u00a0\u00bb\u00a0\u00bb row_type=\u00a0\u00bbrow\u00a0\u00bb use_row_as_full_screen_section=\u00a0\u00bbno\u00a0\u00bb type=\u00a0\u00bbfull_width\u00a0\u00bb angled_section=\u00a0\u00bbno\u00a0\u00bb text_align=\u00a0\u00bbleft\u00a0\u00bb background_image_as_pattern=\u00a0\u00bbwithout_pattern\u00a0\u00bb css=\u00a0\u00bb.vc_custom_1674472741824{margin-top: 80px !important;padding-right: 10% !important;padding-left: 10% !important;}\u00a0\u00bb z_index=\u00a0\u00bb\u00a0\u00bb][vc_column width=\u00a0\u00bb1\/2&Prime; css=\u00a0\u00bb.vc_custom_1674470596328{margin-top: 30px !important;margin-bottom: 20px !important;}\u00a0\u00bb]<div class=\"custom_font_holder \" style=\"font-family: EB garamond; font-style: italic; font-weight: 500; text-decoration: none; text-align: left; --qode-cf-font-size: 25px; --qode-cf-line-height: 26px; --qode-cf-font-size-1440: 25px; --qode-cf-line-height-1440: 26px; --qode-cf-font-size-1366: 25px; --qode-cf-line-height-1366: 26px; --qode-cf-font-size-1280: 25px; --qode-cf-line-height-1280: 26px; --qode-cf-font-size-1024: 25px; --qode-cf-line-height-1024: 26px; --qode-cf-font-size-768: 25px; --qode-cf-line-height-768: 26px; --qode-cf-font-size-680: 25px; --qode-cf-line-height-680: 26px; --qode-cf-font-size-480: 25px; --qode-cf-line-height-480: 26px;\">\n<p style=\"text-align: left;\"><em><span style=\"font-size: 24pt; line-height: 110%;\">La Gallura n&rsquo;est pas uniquement un territoire dot\u00e9 d&rsquo;un riche patrimoine naturel.<br \/>\nChaque localit\u00e9 galluraise renferme des fragments d&rsquo;histoire, de culture, de traditions et d&rsquo;art \u00e0 d\u00e9couvrir.<br \/>\nC&rsquo;est un territoire qui offre diff\u00e9rents t\u00e9moignages historiques, souvent class\u00e9s et pr\u00e9sent\u00e9s au sein d&rsquo;expositions et de mus\u00e9es.<\/span><\/em><\/p>\n<\/div>[\/vc_column][vc_column width=\u00a0\u00bb1\/4&Prime; css=\u00a0\u00bb.vc_custom_1676456355585{margin-top: 30px !important;}\u00a0\u00bb offset=\u00a0\u00bbvc_col-xs-6&Prime;][vc_single_image image=\u00a0\u00bb586&Prime; img_size=\u00a0\u00bb300X300&Prime; onclick=\u00a0\u00bbcustom_link\u00a0\u00bb qode_css_animation=\u00a0\u00bb\u00a0\u00bb qode_hover_animation=\u00a0\u00bbdarken\u00a0\u00bb link=\u00a0\u00bbhttps:\/\/discovergallura.it\/fr\/aaaperto-museo-di-aggius\/\u00a0\u00bb][vc_empty_space height=\u00a0\u00bb20px\u00a0\u00bb][vc_column_text]<\/p>\n<h3><span style=\"color: #3390b9;\">AAAperto Mus\u00e9e d\u2019Aggius<\/span><\/h3>\n<p>[\/vc_column_text][\/vc_column][vc_column width=\u00a0\u00bb1\/4&Prime; css=\u00a0\u00bb.vc_custom_1676456360605{margin-top: 30px !important;}\u00a0\u00bb offset=\u00a0\u00bbvc_col-xs-6&Prime;][vc_single_image image=\u00a0\u00bb595&Prime; img_size=\u00a0\u00bb300X300&Prime; onclick=\u00a0\u00bbcustom_link\u00a0\u00bb qode_css_animation=\u00a0\u00bb\u00a0\u00bb qode_hover_animation=\u00a0\u00bbdarken\u00a0\u00bb link=\u00a0\u00bbhttps:\/\/discovergallura.it\/fr\/museo-del-vino-2\/\u00a0\u00bb][vc_empty_space height=\u00a0\u00bb20px\u00a0\u00bb][vc_column_text]<\/p>\n<h3><span style=\"color: #3390b9;\">Mus\u00e9e du vin<\/span><\/h3>\n<p>[\/vc_column_text][\/vc_column][\/vc_row][vc_row css_animation=\u00a0\u00bb\u00a0\u00bb row_type=\u00a0\u00bbrow\u00a0\u00bb use_row_as_full_screen_section=\u00a0\u00bbno\u00a0\u00bb type=\u00a0\u00bbfull_width\u00a0\u00bb angled_section=\u00a0\u00bbno\u00a0\u00bb text_align=\u00a0\u00bbleft\u00a0\u00bb background_image_as_pattern=\u00a0\u00bbwithout_pattern\u00a0\u00bb css=\u00a0\u00bb.vc_custom_1676461015904{margin-top: 20px !important;padding-right: 10% !important;padding-left: 10% !important;}\u00a0\u00bb z_index=\u00a0\u00bb\u00a0\u00bb el_id=\u00a0\u00bbhelp-flex\u00a0\u00bb][vc_column width=\u00a0\u00bb1\/4&Prime; css=\u00a0\u00bb.vc_custom_1676456519109{margin-top: 30px !important;}\u00a0\u00bb offset=\u00a0\u00bbvc_col-xs-6&Prime;][vc_single_image image=\u00a0\u00bb573&Prime; img_size=\u00a0\u00bb300X300&Prime; onclick=\u00a0\u00bbcustom_link\u00a0\u00bb qode_css_animation=\u00a0\u00bb\u00a0\u00bb qode_hover_animation=\u00a0\u00bbdarken\u00a0\u00bb link=\u00a0\u00bbhttps:\/\/discovergallura.it\/fr\/mumart-museo-marittimo-darte\/\u00a0\u00bb][vc_empty_space height=\u00a0\u00bb20px\u00a0\u00bb][vc_column_text]<\/p>\n<h3><span style=\"color: #3390b9;\">MuMart, Mus\u00e9e sous-marin d&rsquo;art<\/span><\/h3>\n<p>[\/vc_column_text][\/vc_column][vc_column width=\u00a0\u00bb1\/4&Prime; css=\u00a0\u00bb.vc_custom_1676456523862{margin-top: 30px !important;}\u00a0\u00bb offset=\u00a0\u00bbvc_col-xs-6&Prime;][vc_single_image image=\u00a0\u00bb371&Prime; img_size=\u00a0\u00bb300X300&Prime; onclick=\u00a0\u00bbcustom_link\u00a0\u00bb qode_css_animation=\u00a0\u00bb\u00a0\u00bb qode_hover_animation=\u00a0\u00bbdarken\u00a0\u00bb link=\u00a0\u00bbhttps:\/\/discovergallura.it\/fr\/museo-archeologico-nazionale-di-olbia\/\u00a0\u00bb][vc_empty_space height=\u00a0\u00bb20px\u00a0\u00bb][vc_column_text]<\/p>\n<h3><span style=\"color: #3390b9;\">Le mus\u00e9e arch\u00e9ologique national<\/span><\/h3>\n<p>[\/vc_column_text][\/vc_column][vc_column width=\u00a0\u00bb1\/4&Prime; css=\u00a0\u00bb.vc_custom_1676456528453{margin-top: 30px !important;}\u00a0\u00bb offset=\u00a0\u00bbvc_col-xs-6&Prime;][vc_single_image image=\u00a0\u00bb577&Prime; img_size=\u00a0\u00bb300X300&Prime; onclick=\u00a0\u00bbcustom_link\u00a0\u00bb qode_css_animation=\u00a0\u00bb\u00a0\u00bb qode_hover_animation=\u00a0\u00bbdarken\u00a0\u00bb link=\u00a0\u00bbhttps:\/\/discovergallura.it\/fr\/museo-del-banditismo\/\u00a0\u00bb][vc_empty_space height=\u00a0\u00bb20px\u00a0\u00bb][vc_column_text]<\/p>\n<h3><span style=\"color: #3390b9;\">Mus\u00e9e du banditisme<\/span><\/h3>\n<p>[\/vc_column_text][\/vc_column][vc_column width=\u00a0\u00bb1\/4&Prime; css=\u00a0\u00bb.vc_custom_1676456532745{margin-top: 30px !important;}\u00a0\u00bb offset=\u00a0\u00bbvc_col-xs-6&Prime;][vc_single_image image=\u00a0\u00bb605&Prime; img_size=\u00a0\u00bb300X300&Prime; onclick=\u00a0\u00bbcustom_link\u00a0\u00bb qode_css_animation=\u00a0\u00bb\u00a0\u00bb qode_hover_animation=\u00a0\u00bbdarken\u00a0\u00bb link=\u00a0\u00bbhttps:\/\/discovergallura.it\/fr\/compendio-garibaldino\/\u00a0\u00bb][vc_empty_space height=\u00a0\u00bb20px\u00a0\u00bb][vc_column_text]<\/p>\n<h3><span style=\"color: #3390b9;\">Mus\u00e9e Compendio Garibaldino<\/span><\/h3>\n<p>[\/vc_column_text][\/vc_column][\/vc_row][vc_row css_animation=\u00a0\u00bb\u00a0\u00bb row_type=\u00a0\u00bbrow\u00a0\u00bb use_row_as_full_screen_section=\u00a0\u00bbno\u00a0\u00bb type=\u00a0\u00bbfull_width\u00a0\u00bb angled_section=\u00a0\u00bbno\u00a0\u00bb text_align=\u00a0\u00bbleft\u00a0\u00bb background_image_as_pattern=\u00a0\u00bbwithout_pattern\u00a0\u00bb css=\u00a0\u00bb.vc_custom_1676461019328{margin-top: 20px !important;margin-bottom: 120px !important;padding-right: 10% !important;padding-left: 10% !important;}\u00a0\u00bb z_index=\u00a0\u00bb\u00a0\u00bb el_id=\u00a0\u00bbhelp-flex\u00a0\u00bb][vc_column width=\u00a0\u00bb1\/4&Prime; css=\u00a0\u00bb.vc_custom_1676456537701{margin-top: 30px !important;}\u00a0\u00bb offset=\u00a0\u00bbvc_col-xs-6&Prime;][vc_single_image image=\u00a0\u00bb598&Prime; img_size=\u00a0\u00bb300X300&Prime; onclick=\u00a0\u00bbcustom_link\u00a0\u00bb qode_css_animation=\u00a0\u00bb\u00a0\u00bb qode_hover_animation=\u00a0\u00bbdarken\u00a0\u00bb link=\u00a0\u00bbhttps:\/\/discovergallura.it\/fr\/museo-etnografico-galluras-2\/\u00a0\u00bb][vc_empty_space height=\u00a0\u00bb20px\u00a0\u00bb][vc_column_text]<\/p>\n<h3><span style=\"color: #3390b9;\">Mus\u00e9e ethnographique Galluras &#8211; Luras<\/span><\/h3>\n<p>[\/vc_column_text][\/vc_column][vc_column width=\u00a0\u00bb1\/4&Prime; css=\u00a0\u00bb.vc_custom_1676456541497{margin-top: 30px !important;}\u00a0\u00bb offset=\u00a0\u00bbvc_col-xs-6&Prime;][vc_single_image image=\u00a0\u00bb581&Prime; img_size=\u00a0\u00bb300X300&Prime; onclick=\u00a0\u00bbcustom_link\u00a0\u00bb qode_css_animation=\u00a0\u00bb\u00a0\u00bb qode_hover_animation=\u00a0\u00bbdarken\u00a0\u00bb link=\u00a0\u00bbhttps:\/\/discovergallura.it\/fr\/museo-meoc\/\u00a0\u00bb][vc_empty_space height=\u00a0\u00bb20px\u00a0\u00bb][vc_column_text]<\/p>\n<h3><span style=\"color: #3390b9;\">Mus\u00e9e Meoc<\/span><\/h3>\n<p>[\/vc_column_text][\/vc_column][vc_column width=\u00a0\u00bb1\/4&Prime; css=\u00a0\u00bb.vc_custom_1676456545125{margin-top: 30px !important;}\u00a0\u00bb offset=\u00a0\u00bbvc_col-xs-6&Prime;][vc_single_image image=\u00a0\u00bb2038&Prime; img_size=\u00a0\u00bb300X300&Prime; onclick=\u00a0\u00bbcustom_link\u00a0\u00bb qode_css_animation=\u00a0\u00bb\u00a0\u00bb qode_hover_animation=\u00a0\u00bbdarken\u00a0\u00bb link=\u00a0\u00bbhttps:\/\/discovergallura.it\/fr\/museo-del-sughero\/\u00a0\u00bb][vc_empty_space height=\u00a0\u00bb20px\u00a0\u00bb][vc_column_text]<\/p>\n<h3><span style=\"color: #3390b9;\">Mus\u00e9e du li\u00e8ge<\/span><\/h3>\n<p>[\/vc_column_text][\/vc_column][vc_column width=\u00a0\u00bb1\/4&Prime; css=\u00a0\u00bb.vc_custom_1674472801265{margin-top: 30px !important;}\u00a0\u00bb][\/vc_column][\/vc_row]<\/p>\n<\/div>","protected":false},"excerpt":{"rendered":"<p>[vc_row css_animation=\u00a0\u00bb\u00a0\u00bb row_type=\u00a0\u00bbrow\u00a0\u00bb use_row_as_full_screen_section=\u00a0\u00bbno\u00a0\u00bb type=\u00a0\u00bbfull_width\u00a0\u00bb angled_section=\u00a0\u00bbno\u00a0\u00bb text_align=\u00a0\u00bbleft\u00a0\u00bb background_image_as_pattern=\u00a0\u00bbwithout_pattern\u00a0\u00bb css=\u00a0\u00bb.vc_custom_1674472741824{margin-top: 80px !important;padding-right: 10% !important;padding-left: 10% !important;}\u00a0\u00bb z_index=\u00a0\u00bb\u00a0\u00bb][vc_column width=\u00a0\u00bb1\/2&Prime; css=\u00a0\u00bb.vc_custom_1674470596328{margin-top: 30px !important;margin-bottom: 20px !important;}\u00a0\u00bb][\/vc_column][vc_column width=\u00a0\u00bb1\/4&Prime; css=\u00a0\u00bb.vc_custom_1676456355585{margin-top: 30px !important;}\u00a0\u00bb offset=\u00a0\u00bbvc_col-xs-6&Prime;][vc_single_image image=\u00a0\u00bb586&Prime; img_size=\u00a0\u00bb300X300&Prime; onclick=\u00a0\u00bbcustom_link\u00a0\u00bb qode_css_animation=\u00a0\u00bb\u00a0\u00bb qode_hover_animation=\u00a0\u00bbdarken\u00a0\u00bb link=\u00a0\u00bbhttps:\/\/discovergallura.it\/fr\/aaaperto-museo-di-aggius\/\u00a0\u00bb][vc_empty_space height=\u00a0\u00bb20px\u00a0\u00bb][vc_column_text] AAAperto Mus\u00e9e d\u2019Aggius [\/vc_column_text][\/vc_column][vc_column width=\u00a0\u00bb1\/4&Prime; css=\u00a0\u00bb.vc_custom_1676456360605{margin-top: 30px !important;}\u00a0\u00bb offset=\u00a0\u00bbvc_col-xs-6&Prime;][vc_single_image image=\u00a0\u00bb595&Prime; img_size=\u00a0\u00bb300X300&Prime;&#8230;<\/p>\n","protected":false},"author":1,"featured_media":11023,"parent":13284,"menu_order":0,"comment_status":"closed","ping_status":"closed","template":"full_width.php","meta":{"inline_featured_image":false,"footnotes":""},"class_list":["post-12883","page","type-page","status-publish","has-post-thumbnail","hentry"],"_links":{"self":[{"href":"https:\/\/discovergallura.it\/fr\/wp-json\/wp\/v2\/pages\/12883","targetHints":{"allow":["GET"]}}],"collection":[{"href":"https:\/\/discovergallura.it\/fr\/wp-json\/wp\/v2\/pages"}],"about":[{"href":"https:\/\/discovergallura.it\/fr\/wp-json\/wp\/v2\/types\/page"}],"author":[{"embeddable":true,"href":"https:\/\/discovergallura.it\/fr\/wp-json\/wp\/v2\/users\/1"}],"replies":[{"embeddable":true,"href":"https:\/\/discovergallura.it\/fr\/wp-json\/wp\/v2\/comments?post=12883"}],"version-history":[{"count":8,"href":"https:\/\/discovergallura.it\/fr\/wp-json\/wp\/v2\/pages\/12883\/revisions"}],"predecessor-version":[{"id":13669,"href":"https:\/\/discovergallura.it\/fr\/wp-json\/wp\/v2\/pages\/12883\/revisions\/13669"}],"up":[{"embeddable":true,"href":"https:\/\/discovergallura.it\/fr\/wp-json\/wp\/v2\/pages\/13284"}],"wp:featuredmedia":[{"embeddable":true,"href":"https:\/\/discovergallura.it\/fr\/wp-json\/wp\/v2\/media\/11023"}],"wp:attachment":[{"href":"https:\/\/discovergallura.it\/fr\/wp-json\/wp\/v2\/media?parent=12883"}],"curies":[{"name":"wp","href":"https:\/\/api.w.org\/{rel}","templated":true}]}}