{"id":12979,"date":"2023-01-24T11:02:24","date_gmt":"2023-01-24T10:02:24","guid":{"rendered":"https:\/\/discovergallura.it\/la-lingua\/"},"modified":"2023-06-15T11:00:06","modified_gmt":"2023-06-15T09:00:06","slug":"la-lingua","status":"publish","type":"page","link":"https:\/\/discovergallura.it\/fr\/patrimonio\/la-lingua\/","title":{"rendered":"La langue"},"content":{"rendered":"<div class=\"wpb-content-wrapper\"><p>[vc_row css_animation=\u00a0\u00bb\u00a0\u00bb row_type=\u00a0\u00bbrow\u00a0\u00bb use_row_as_full_screen_section=\u00a0\u00bbno\u00a0\u00bb type=\u00a0\u00bbgrid\u00a0\u00bb angled_section=\u00a0\u00bbno\u00a0\u00bb text_align=\u00a0\u00bbleft\u00a0\u00bb background_image_as_pattern=\u00a0\u00bbwithout_pattern\u00a0\u00bb css=\u00a0\u00bb.vc_custom_1674636179112{margin-top: 80px !important;}\u00a0\u00bb z_index=\u00a0\u00bb\u00a0\u00bb][vc_column width=\u00a0\u00bb1\/2&Prime; css=\u00a0\u00bb.vc_custom_1674635979280{margin-top: 30px !important;padding-right: 10% !important;}\u00a0\u00bb][vc_row_inner row_type=\u00a0\u00bbrow\u00a0\u00bb type=\u00a0\u00bbfull_width\u00a0\u00bb text_align=\u00a0\u00bbleft\u00a0\u00bb css_animation=\u00a0\u00bb\u00a0\u00bb][vc_column_inner css=\u00a0\u00bb.vc_custom_1674635610751{margin-bottom: 80px !important;}\u00a0\u00bb][vc_separator type=\u00a0\u00bbsmall\u00a0\u00bb position=\u00a0\u00bbleft\u00a0\u00bb color=\u00a0\u00bb#3390b9&Prime; thickness=\u00a0\u00bb4&Prime; width=\u00a0\u00bb50&Prime;]<div class=\"custom_font_holder \" style=\"font-family: red hat display; font-style: normal; font-weight: 800; color: #3390b9; text-decoration: none; text-align: left; --qode-cf-font-size: 38px; --qode-cf-line-height: 39px; --qode-cf-font-size-1440: 38px; --qode-cf-line-height-1440: 39px; --qode-cf-font-size-1366: 38px; --qode-cf-line-height-1366: 39px; --qode-cf-font-size-1280: 38px; --qode-cf-line-height-1280: 39px; --qode-cf-font-size-1024: 38px; --qode-cf-line-height-1024: 39px; --qode-cf-font-size-768: 38px; --qode-cf-line-height-768: 39px; --qode-cf-font-size-680: 38px; --qode-cf-line-height-680: 39px; --qode-cf-font-size-480: 38px; --qode-cf-line-height-480: 39px;\">LE GALLURAIS<\/div>[\/vc_column_inner][\/vc_row_inner]<div class=\"custom_font_holder \" style=\"font-family: EB garamond; font-style: italic; font-weight: 500; text-decoration: none; text-align: left; --qode-cf-font-size: 24px; --qode-cf-line-height: 28px; --qode-cf-font-size-1440: 24px; --qode-cf-line-height-1440: 28px; --qode-cf-font-size-1366: 24px; --qode-cf-line-height-1366: 28px; --qode-cf-font-size-1280: 24px; --qode-cf-line-height-1280: 28px; --qode-cf-font-size-1024: 24px; --qode-cf-line-height-1024: 28px; --qode-cf-font-size-768: 24px; --qode-cf-line-height-768: 28px; --qode-cf-font-size-680: 24px; --qode-cf-line-height-680: 28px; --qode-cf-font-size-480: 24px; --qode-cf-line-height-480: 28px;\">\n<p style=\"text-align: center;\"><span style=\"font-size: 24pt; line-height: 110%;\">Un sardo-gallurais qui a des affinit\u00e9s avec le corse car ils appartenaient sans doute au m\u00eame groupe.<\/span><\/p>\n<\/div>[vc_empty_space][vc_column_text]<\/p>\n<p style=\"text-align: justify;\">Le <strong>gallurais<\/strong>, avec le turritano ou sassarais et les vari\u00e9t\u00e9s parl\u00e9es \u00e0 Castelsardo et \u00e0 La Maddalena, fait partie du syst\u00e8me linguistique sardo-corse, un groupe de langues qui, comme son nom l&rsquo;indique, constitue le point de rencontre entre les langues sarde et corse. Ses origines et sa classification passionnent les linguistes, entre autres, depuis toujours. Les \u00e9tudes les plus approfondies et r\u00e9centes d\u00e9crivent le gallurais comme \u00e9tant le fruit du contact linguistique s&rsquo;\u00e9tant produit au Moyen \u00c2ge et \u00e0 l&rsquo;\u00e9poque moderne entre les Sardes qui habitaient cette r\u00e9gion peu peupl\u00e9e et les nombreux Corses qui traversaient la mer en qu\u00eate de meilleures conditions de vie. Cette \u00ab langue-pont \u00bb s&rsquo;est toujours plus diffus\u00e9e dans l&rsquo;arri\u00e8re-pays, en continuant \u00e0 se m\u00e9langer au sarde du nord et de nos jours, comme c&rsquo;est in\u00e9vitable, \u00e0 l&rsquo;italien. Aujourd&rsquo;hui, le gallurais est prot\u00e9g\u00e9 par une loi r\u00e9gionale et, bien qu&rsquo;\u00e9tant sur le d\u00e9clin, il est encore tr\u00e8s parl\u00e9 et fait l&rsquo;objet d&rsquo;un important renouveau linguistique.<\/p>\n<p>[\/vc_column_text][\/vc_column][vc_column width=\u00a0\u00bb1\/2&Prime; css=\u00a0\u00bb.vc_custom_1674635574364{margin-top: 30px !important;}\u00a0\u00bb][vc_single_image image=\u00a0\u00bb1413&Prime; img_size=\u00a0\u00bb500&#215;500&Prime; onclick=\u00a0\u00bblink_image\u00a0\u00bb qode_css_animation=\u00a0\u00bb\u00a0\u00bb qode_hover_animation=\u00a0\u00bbdarken\u00a0\u00bb][\/vc_column][\/vc_row][vc_row css_animation=\u00a0\u00bb\u00a0\u00bb row_type=\u00a0\u00bbrow\u00a0\u00bb use_row_as_full_screen_section=\u00a0\u00bbno\u00a0\u00bb type=\u00a0\u00bbfull_width\u00a0\u00bb angled_section=\u00a0\u00bbno\u00a0\u00bb text_align=\u00a0\u00bbleft\u00a0\u00bb background_image_as_pattern=\u00a0\u00bbwithout_pattern\u00a0\u00bb z_index=\u00a0\u00bb\u00a0\u00bb css=\u00a0\u00bb.vc_custom_1675693433987{margin-top: 80px !important;}\u00a0\u00bb][vc_column]<div class=\"qode-advanced-image-gallery  qode-aig-slider-type qode-tiny-space   \">\n\t<div class=\"qode-aig-slider qode-owl-slider\" data-number-of-items=\"1\" data-enable-loop=\"yes\" data-enable-autoplay=\"yes\" data-slider-speed=\"5000\" data-slider-speed-animation=\"600\" data-slider-padding=\"yes\" data-enable-navigation=\"yes\" data-enable-pagination=\"yes\">\n\t\t\t\t\t<div class=\"qode-aig-image\">\n\t\t\t\t\t\t\t\t\t<img loading=\"lazy\" decoding=\"async\" width=\"1980\" height=\"1320\" src=\"https:\/\/discovergallura.it\/wp-content\/uploads\/2023\/01\/005_selargius_costume_tipico_tradizionale_01_r.jpeg\" class=\"attachment-full size-full\" alt=\"\" srcset=\"https:\/\/discovergallura.it\/wp-content\/uploads\/2023\/01\/005_selargius_costume_tipico_tradizionale_01_r.jpeg 1980w, https:\/\/discovergallura.it\/wp-content\/uploads\/2023\/01\/005_selargius_costume_tipico_tradizionale_01_r-300x200.jpeg 300w, https:\/\/discovergallura.it\/wp-content\/uploads\/2023\/01\/005_selargius_costume_tipico_tradizionale_01_r-1024x683.jpeg 1024w, https:\/\/discovergallura.it\/wp-content\/uploads\/2023\/01\/005_selargius_costume_tipico_tradizionale_01_r-768x512.jpeg 768w, https:\/\/discovergallura.it\/wp-content\/uploads\/2023\/01\/005_selargius_costume_tipico_tradizionale_01_r-1536x1024.jpeg 1536w, https:\/\/discovergallura.it\/wp-content\/uploads\/2023\/01\/005_selargius_costume_tipico_tradizionale_01_r-700x467.jpeg 700w\" sizes=\"auto, (max-width: 1980px) 100vw, 1980px\" \/>\t\t\t\t\t<span class=\"aig-gallery-hover\">\n\t\t\t\t\t\t\t\t\t\t\t<\/span>\n\t\t\t\t\t\t\t<\/div>\n\t\t\t\t\t\t\t\t<div class=\"qode-aig-image\">\n\t\t\t\t\t\t\t\t\t<img loading=\"lazy\" decoding=\"async\" width=\"1599\" height=\"1066\" src=\"https:\/\/discovergallura.it\/wp-content\/uploads\/2023\/01\/1599px-Budduso_-_Costume_tradizionale_10.jpeg\" class=\"attachment-full size-full\" alt=\"\" srcset=\"https:\/\/discovergallura.it\/wp-content\/uploads\/2023\/01\/1599px-Budduso_-_Costume_tradizionale_10.jpeg 1599w, https:\/\/discovergallura.it\/wp-content\/uploads\/2023\/01\/1599px-Budduso_-_Costume_tradizionale_10-300x200.jpeg 300w, https:\/\/discovergallura.it\/wp-content\/uploads\/2023\/01\/1599px-Budduso_-_Costume_tradizionale_10-1024x683.jpeg 1024w, https:\/\/discovergallura.it\/wp-content\/uploads\/2023\/01\/1599px-Budduso_-_Costume_tradizionale_10-768x512.jpeg 768w, https:\/\/discovergallura.it\/wp-content\/uploads\/2023\/01\/1599px-Budduso_-_Costume_tradizionale_10-1536x1024.jpeg 1536w, https:\/\/discovergallura.it\/wp-content\/uploads\/2023\/01\/1599px-Budduso_-_Costume_tradizionale_10-700x467.jpeg 700w\" sizes=\"auto, (max-width: 1599px) 100vw, 1599px\" \/>\t\t\t\t\t<span class=\"aig-gallery-hover\">\n\t\t\t\t\t\t\t\t\t\t\t<\/span>\n\t\t\t\t\t\t\t<\/div>\n\t\t\t\t\t\t\t\t<div class=\"qode-aig-image\">\n\t\t\t\t\t\t\t\t\t<img loading=\"lazy\" decoding=\"async\" width=\"2048\" height=\"1365\" src=\"https:\/\/discovergallura.it\/wp-content\/uploads\/2023\/01\/aggius115.jpeg\" class=\"attachment-full size-full\" alt=\"\" srcset=\"https:\/\/discovergallura.it\/wp-content\/uploads\/2023\/01\/aggius115.jpeg 2048w, https:\/\/discovergallura.it\/wp-content\/uploads\/2023\/01\/aggius115-300x200.jpeg 300w, https:\/\/discovergallura.it\/wp-content\/uploads\/2023\/01\/aggius115-1024x683.jpeg 1024w, https:\/\/discovergallura.it\/wp-content\/uploads\/2023\/01\/aggius115-768x512.jpeg 768w, https:\/\/discovergallura.it\/wp-content\/uploads\/2023\/01\/aggius115-1536x1024.jpeg 1536w, https:\/\/discovergallura.it\/wp-content\/uploads\/2023\/01\/aggius115-700x467.jpeg 700w\" sizes=\"auto, (max-width: 2048px) 100vw, 2048px\" \/>\t\t\t\t\t<span class=\"aig-gallery-hover\">\n\t\t\t\t\t\t\t\t\t\t\t<\/span>\n\t\t\t\t\t\t\t<\/div>\n\t\t\t\t\t\t\t\t<div class=\"qode-aig-image\">\n\t\t\t\t\t\t\t\t\t<img loading=\"lazy\" decoding=\"async\" width=\"1140\" height=\"760\" src=\"https:\/\/discovergallura.it\/wp-content\/uploads\/2023\/01\/La-Sardegna-tra-costumi-tradizionali-e-arte-contemporanea.jpeg\" class=\"attachment-full size-full\" alt=\"\" srcset=\"https:\/\/discovergallura.it\/wp-content\/uploads\/2023\/01\/La-Sardegna-tra-costumi-tradizionali-e-arte-contemporanea.jpeg 1140w, https:\/\/discovergallura.it\/wp-content\/uploads\/2023\/01\/La-Sardegna-tra-costumi-tradizionali-e-arte-contemporanea-300x200.jpeg 300w, https:\/\/discovergallura.it\/wp-content\/uploads\/2023\/01\/La-Sardegna-tra-costumi-tradizionali-e-arte-contemporanea-1024x683.jpeg 1024w, https:\/\/discovergallura.it\/wp-content\/uploads\/2023\/01\/La-Sardegna-tra-costumi-tradizionali-e-arte-contemporanea-768x512.jpeg 768w, https:\/\/discovergallura.it\/wp-content\/uploads\/2023\/01\/La-Sardegna-tra-costumi-tradizionali-e-arte-contemporanea-700x467.jpeg 700w\" sizes=\"auto, (max-width: 1140px) 100vw, 1140px\" \/>\t\t\t\t\t<span class=\"aig-gallery-hover\">\n\t\t\t\t\t\t\t\t\t\t\t<\/span>\n\t\t\t\t\t\t\t<\/div>\n\t\t\t\t\t\t<\/div>\n<\/div>[\/vc_column][\/vc_row][vc_row css_animation=\u00a0\u00bb\u00a0\u00bb row_type=\u00a0\u00bbrow\u00a0\u00bb use_row_as_full_screen_section=\u00a0\u00bbno\u00a0\u00bb type=\u00a0\u00bbgrid\u00a0\u00bb angled_section=\u00a0\u00bbno\u00a0\u00bb text_align=\u00a0\u00bbleft\u00a0\u00bb background_image_as_pattern=\u00a0\u00bbwithout_pattern\u00a0\u00bb css=\u00a0\u00bb.vc_custom_1676389118141{margin-top: 40px !important;margin-bottom: 120px !important;}\u00a0\u00bb z_index=\u00a0\u00bb\u00a0\u00bb][vc_column css=\u00a0\u00bb.vc_custom_1674635979280{margin-top: 30px !important;padding-right: 10% !important;}\u00a0\u00bb][vc_separator type=\u00a0\u00bbsmall\u00a0\u00bb position=\u00a0\u00bbleft\u00a0\u00bb color=\u00a0\u00bb#3390b9&Prime; thickness=\u00a0\u00bb4&Prime; width=\u00a0\u00bb50&Prime;]<div class=\"custom_font_holder \" style=\"font-family: red hat display; font-style: normal; font-weight: 800; color: #3390b9; text-decoration: none; text-align: left; --qode-cf-font-size: 38px; --qode-cf-line-height: 39px; --qode-cf-font-size-1440: 38px; --qode-cf-line-height-1440: 39px; --qode-cf-font-size-1366: 38px; --qode-cf-line-height-1366: 39px; --qode-cf-font-size-1280: 38px; --qode-cf-line-height-1280: 39px; --qode-cf-font-size-1024: 38px; --qode-cf-line-height-1024: 39px; --qode-cf-font-size-768: 38px; --qode-cf-line-height-768: 39px; --qode-cf-font-size-680: 38px; --qode-cf-line-height-680: 39px; --qode-cf-font-size-480: 38px; --qode-cf-line-height-480: 39px;\">LE LOGOUDORAIS<\/div>[vc_row_inner row_type=\u00a0\u00bbrow\u00a0\u00bb type=\u00a0\u00bbfull_width\u00a0\u00bb text_align=\u00a0\u00bbleft\u00a0\u00bb css_animation=\u00a0\u00bb\u00a0\u00bb][vc_column_inner width=\u00a0\u00bb1\/2&Prime; css=\u00a0\u00bb.vc_custom_1674636351120{margin-top: 30px !important;}\u00a0\u00bb]<div class=\"custom_font_holder \" style=\"font-family: EB garamond; font-style: italic; font-weight: 500; text-decoration: none; text-align: left; --qode-cf-font-size: 24px; --qode-cf-line-height: 28px; --qode-cf-font-size-1440: 24px; --qode-cf-line-height-1440: 28px; --qode-cf-font-size-1366: 24px; --qode-cf-line-height-1366: 28px; --qode-cf-font-size-1280: 24px; --qode-cf-line-height-1280: 28px; --qode-cf-font-size-1024: 24px; --qode-cf-line-height-1024: 28px; --qode-cf-font-size-768: 24px; --qode-cf-line-height-768: 28px; --qode-cf-font-size-680: 24px; --qode-cf-line-height-680: 28px; --qode-cf-font-size-480: 24px; --qode-cf-line-height-480: 28px;\">\n<p style=\"text-align: center;\"><span style=\"font-size: 24pt; line-height: 110%;\">Dialecte de langue sarde poss\u00e9dant le plus grand nombre d&rsquo;\u00e9l\u00e9ments originaux et archa\u00efques et ressemblant le plus au latin.<\/span><\/p>\n<\/div>[\/vc_column_inner][vc_column_inner width=\u00a0\u00bb1\/2&Prime; css=\u00a0\u00bb.vc_custom_1674636356791{margin-top: 30px !important;}\u00a0\u00bb][vc_column_text]<\/p>\n<p style=\"text-align: justify;\">Le <strong>sarde logoudorais<\/strong> est l&rsquo;une des deux variantes orthographiques traditionnelles de la langue sarde. Il provient de la r\u00e9gion du Logudoro, dans la partie centre-nord de la Sardaigne.<\/p>\n<p style=\"text-align: justify;\">Le terme \u00ab logoudorais \u00bb englobe g\u00e9n\u00e9ralement une s\u00e9rie de dialectes de langue sarde, dont le \u00ab logoudorais septentrional \u00bb, le \u00ab logoudorais commun \u00bb et le \u00ab logoudorais central \u00bb. Les deux premiers dialectes ont le plus \u00e9volu\u00e9 par rapport au logoudorais parl\u00e9 au cours du Moyen \u00c2ge, d&rsquo;une part en raison d&rsquo;un d\u00e9veloppement autonome, et d&rsquo;autre part du contact avec le castillan (amen\u00e9 par les conquistadors espagnols) et les idiomes sardo-corses (gallurais et sassarais) parl\u00e9s tout au nord de l&rsquo;\u00eele. Le logoudorais septentrional et, dans une certaine mesure, le logoudorais commun ont constitu\u00e9 la base linguistique du logoudorais litt\u00e9raire. Le logoudorais central est traditionnellement consid\u00e9r\u00e9 comme \u00e9tant la plus conservatrice des variantes de langue sarde et de toutes les langues n\u00e9o-latines, et celle qui ressemble le plus au latin.<\/p>\n<p>[\/vc_column_text][\/vc_column_inner][\/vc_row_inner][\/vc_column][\/vc_row]<\/p>\n<\/div>","protected":false},"excerpt":{"rendered":"<p>[vc_row css_animation=\u00a0\u00bb\u00a0\u00bb row_type=\u00a0\u00bbrow\u00a0\u00bb use_row_as_full_screen_section=\u00a0\u00bbno\u00a0\u00bb type=\u00a0\u00bbgrid\u00a0\u00bb angled_section=\u00a0\u00bbno\u00a0\u00bb text_align=\u00a0\u00bbleft\u00a0\u00bb background_image_as_pattern=\u00a0\u00bbwithout_pattern\u00a0\u00bb css=\u00a0\u00bb.vc_custom_1674636179112{margin-top: 80px !important;}\u00a0\u00bb z_index=\u00a0\u00bb\u00a0\u00bb][vc_column width=\u00a0\u00bb1\/2&Prime; css=\u00a0\u00bb.vc_custom_1674635979280{margin-top: 30px !important;padding-right: 10% !important;}\u00a0\u00bb][vc_row_inner row_type=\u00a0\u00bbrow\u00a0\u00bb type=\u00a0\u00bbfull_width\u00a0\u00bb text_align=\u00a0\u00bbleft\u00a0\u00bb css_animation=\u00a0\u00bb\u00a0\u00bb][vc_column_inner css=\u00a0\u00bb.vc_custom_1674635610751{margin-bottom: 80px !important;}\u00a0\u00bb][vc_separator type=\u00a0\u00bbsmall\u00a0\u00bb position=\u00a0\u00bbleft\u00a0\u00bb color=\u00a0\u00bb#3390b9&Prime; thickness=\u00a0\u00bb4&Prime; width=\u00a0\u00bb50&Prime;][\/vc_column_inner][\/vc_row_inner][vc_empty_space][vc_column_text] Le gallurais, avec le turritano ou sassarais et les vari\u00e9t\u00e9s parl\u00e9es \u00e0 Castelsardo et \u00e0&#8230;<\/p>\n","protected":false},"author":1,"featured_media":11888,"parent":13286,"menu_order":0,"comment_status":"closed","ping_status":"closed","template":"full_width.php","meta":{"inline_featured_image":false,"footnotes":""},"class_list":["post-12979","page","type-page","status-publish","has-post-thumbnail","hentry"],"_links":{"self":[{"href":"https:\/\/discovergallura.it\/fr\/wp-json\/wp\/v2\/pages\/12979","targetHints":{"allow":["GET"]}}],"collection":[{"href":"https:\/\/discovergallura.it\/fr\/wp-json\/wp\/v2\/pages"}],"about":[{"href":"https:\/\/discovergallura.it\/fr\/wp-json\/wp\/v2\/types\/page"}],"author":[{"embeddable":true,"href":"https:\/\/discovergallura.it\/fr\/wp-json\/wp\/v2\/users\/1"}],"replies":[{"embeddable":true,"href":"https:\/\/discovergallura.it\/fr\/wp-json\/wp\/v2\/comments?post=12979"}],"version-history":[{"count":6,"href":"https:\/\/discovergallura.it\/fr\/wp-json\/wp\/v2\/pages\/12979\/revisions"}],"predecessor-version":[{"id":13956,"href":"https:\/\/discovergallura.it\/fr\/wp-json\/wp\/v2\/pages\/12979\/revisions\/13956"}],"up":[{"embeddable":true,"href":"https:\/\/discovergallura.it\/fr\/wp-json\/wp\/v2\/pages\/13286"}],"wp:featuredmedia":[{"embeddable":true,"href":"https:\/\/discovergallura.it\/fr\/wp-json\/wp\/v2\/media\/11888"}],"wp:attachment":[{"href":"https:\/\/discovergallura.it\/fr\/wp-json\/wp\/v2\/media?parent=12979"}],"curies":[{"name":"wp","href":"https:\/\/api.w.org\/{rel}","templated":true}]}}