{"id":13063,"date":"2023-01-24T14:24:22","date_gmt":"2023-01-24T13:24:22","guid":{"rendered":"https:\/\/discovergallura.it\/birdwatching\/"},"modified":"2023-06-09T16:52:46","modified_gmt":"2023-06-09T14:52:46","slug":"birdwatching","status":"publish","type":"page","link":"https:\/\/discovergallura.it\/fr\/ecoturismo\/birdwatching\/","title":{"rendered":"Observation d&rsquo;oiseaux"},"content":{"rendered":"<div class=\"wpb-content-wrapper\"><p>[vc_row css_animation=\u00a0\u00bb\u00a0\u00bb row_type=\u00a0\u00bbrow\u00a0\u00bb use_row_as_full_screen_section=\u00a0\u00bbno\u00a0\u00bb type=\u00a0\u00bbgrid\u00a0\u00bb angled_section=\u00a0\u00bbno\u00a0\u00bb text_align=\u00a0\u00bbleft\u00a0\u00bb background_image_as_pattern=\u00a0\u00bbwithout_pattern\u00a0\u00bb z_index=\u00a0\u00bb\u00a0\u00bb][vc_column css=\u00a0\u00bb.vc_custom_1674214152573{margin-top: 80px !important;}\u00a0\u00bb][vc_row_inner row_type=\u00a0\u00bbrow\u00a0\u00bb type=\u00a0\u00bbfull_width\u00a0\u00bb text_align=\u00a0\u00bbleft\u00a0\u00bb css_animation=\u00a0\u00bb\u00a0\u00bb][vc_column_inner width=\u00a0\u00bb1\/2&Prime; css=\u00a0\u00bb.vc_custom_1674212921568{margin-bottom: 110px !important;}\u00a0\u00bb][vc_separator type=\u00a0\u00bbsmall\u00a0\u00bb position=\u00a0\u00bbleft\u00a0\u00bb color=\u00a0\u00bb#3390b9&Prime; thickness=\u00a0\u00bb4&Prime; width=\u00a0\u00bb50&Prime;]<div class=\"custom_font_holder \" style=\"font-family: red hat display; font-style: normal; font-weight: 800; color: #3390b9; text-decoration: none; text-align: left; --qode-cf-font-size: 38px; --qode-cf-line-height: 39px; --qode-cf-font-size-1440: 38px; --qode-cf-line-height-1440: 39px; --qode-cf-font-size-1366: 38px; --qode-cf-line-height-1366: 39px; --qode-cf-font-size-1280: 38px; --qode-cf-line-height-1280: 39px; --qode-cf-font-size-1024: 38px; --qode-cf-line-height-1024: 39px; --qode-cf-font-size-768: 38px; --qode-cf-line-height-768: 39px; --qode-cf-font-size-680: 38px; --qode-cf-line-height-680: 39px; --qode-cf-font-size-480: 38px; --qode-cf-line-height-480: 39px;\">OBSERVATION D&rsquo;OISEAUX<\/div>[\/vc_column_inner][vc_column_inner width=\u00a0\u00bb1\/2&Prime;][\/vc_column_inner][\/vc_row_inner][vc_row_inner row_type=\u00a0\u00bbrow\u00a0\u00bb type=\u00a0\u00bbfull_width\u00a0\u00bb text_align=\u00a0\u00bbleft\u00a0\u00bb css_animation=\u00a0\u00bb\u00a0\u00bb][vc_column_inner width=\u00a0\u00bb1\/2&Prime;][vc_single_image image=\u00a0\u00bb1682&Prime; img_size=\u00a0\u00bbfull\u00a0\u00bb qode_css_animation=\u00a0\u00bb\u00a0\u00bb][vc_empty_space][\/vc_column_inner][vc_column_inner width=\u00a0\u00bb1\/2&Prime; css=\u00a0\u00bb.vc_custom_1674212910857{margin-bottom: 80px !important;}\u00a0\u00bb][vc_column_text]<\/p>\n<p style=\"text-align: justify;\">Le territoire de la Gallura abrite plusieurs esp\u00e8ces d&rsquo;oiseaux en raison de ses habitats diversifi\u00e9s.<br \/>\nUne excursion en bateau le long du fleuve <a href=\"https:\/\/discovergallura.it\/fr\/sito-di-importanza-comunitaria-delle-foci-del-coghinas\/\">Coghinas<\/a> permet m\u00eame d&rsquo;observer certains oiseaux migrateurs qui, au printemps, reviennent d&rsquo;Afrique pour nidifier. Le lac Coghinas, entour\u00e9 de maquis m\u00e9diterran\u00e9en typique, repr\u00e9sente lui aussi un habitat id\u00e9al. Autre point d&rsquo;observation int\u00e9ressant pour les <strong>amoureux des oiseaux<\/strong> : l&rsquo;\u00e9tang de <a href=\"https:\/\/discovergallura.it\/fr\/laguna-di-san-teodoro\/\">San Teodoro<\/a> , qui offre la possibilit\u00e9 d&rsquo;observer diff\u00e9rentes esp\u00e8ces, dont les flamants roses.<br \/>\nEnfin, l&rsquo;archipel de La <a href=\"https:\/\/discovergallura.it\/fr\/parco-nazionale-dellarcipelago-di-la-maddalena\/\">Maddalena<\/a> repr\u00e9sente aussi une zone captivante en raison de sa pr\u00e9sence d&rsquo;oiseaux de mer nicheurs. La travers\u00e9e entre la Sardaigne et la Corse le long de la route migratoire qui relie l&rsquo;Afrique \u00e0 l&rsquo;Europe permet en effet d&rsquo;observer de nombreuses esp\u00e8ces ornithologiques, aussi bien durant leur d\u00e9placement vers le sud en automne que pendant leur migration vers le nord au printemps.<\/p>\n<p>[\/vc_column_text][\/vc_column_inner][\/vc_row_inner][\/vc_column][\/vc_row][vc_row css_animation=\u00a0\u00bb\u00a0\u00bb row_type=\u00a0\u00bbrow\u00a0\u00bb use_row_as_full_screen_section=\u00a0\u00bbno\u00a0\u00bb type=\u00a0\u00bbgrid\u00a0\u00bb angled_section=\u00a0\u00bbno\u00a0\u00bb text_align=\u00a0\u00bbleft\u00a0\u00bb background_image_as_pattern=\u00a0\u00bbwithout_pattern\u00a0\u00bb z_index=\u00a0\u00bb\u00a0\u00bb][vc_column width=\u00a0\u00bb1\/6&Prime;][\/vc_column][vc_column width=\u00a0\u00bb2\/3&Prime; css=\u00a0\u00bb.vc_custom_1674141388895{margin-top: 80px !important;}\u00a0\u00bb offset=\u00a0\u00bbvc_hidden-sm vc_hidden-xs\u00a0\u00bb]<div class=\"custom_font_holder \" style=\"font-family: EB garamond; font-style: italic; font-weight: 500; text-decoration: none; text-align: left; --qode-cf-font-size: 24px; --qode-cf-line-height: 28px; --qode-cf-font-size-1440: 24px; --qode-cf-line-height-1440: 28px; --qode-cf-font-size-1366: 24px; --qode-cf-line-height-1366: 28px; --qode-cf-font-size-1280: 24px; --qode-cf-line-height-1280: 28px; --qode-cf-font-size-1024: 24px; --qode-cf-line-height-1024: 28px; --qode-cf-font-size-768: 24px; --qode-cf-line-height-768: 28px; --qode-cf-font-size-680: 24px; --qode-cf-line-height-680: 28px; --qode-cf-font-size-480: 24px; --qode-cf-line-height-480: 28px;\">\n<p style=\"text-align: center;\"><span style=\"font-size: 24pt; line-height: 110%;\">Avec sa grande vari\u00e9t\u00e9 d&rsquo;esp\u00e8ces ornithologiques, la Gallura est la destination id\u00e9ale pour les amateurs d&rsquo;observation d&rsquo;oiseaux.<\/span><\/p>\n<\/div>[\/vc_column][vc_column width=\u00a0\u00bb1\/6&Prime;][\/vc_column][\/vc_row][vc_row css_animation=\u00a0\u00bb\u00a0\u00bb row_type=\u00a0\u00bbrow\u00a0\u00bb use_row_as_full_screen_section=\u00a0\u00bbno\u00a0\u00bb type=\u00a0\u00bbfull_width\u00a0\u00bb angled_section=\u00a0\u00bbno\u00a0\u00bb text_align=\u00a0\u00bbleft\u00a0\u00bb background_image_as_pattern=\u00a0\u00bbwithout_pattern\u00a0\u00bb z_index=\u00a0\u00bb\u00a0\u00bb][vc_column css=\u00a0\u00bb.vc_custom_1675697324409{margin-top: 80px !important;margin-bottom: 120px !important;}\u00a0\u00bb]<div class=\"qode-advanced-image-gallery  qode-aig-slider-type qode-tiny-space   \">\n\t<div class=\"qode-aig-slider qode-owl-slider\" data-number-of-items=\"1\" data-enable-loop=\"yes\" data-enable-autoplay=\"yes\" data-slider-speed=\"5000\" data-slider-speed-animation=\"600\" data-slider-padding=\"yes\" data-enable-navigation=\"yes\" data-enable-pagination=\"yes\">\n\t\t\t\t\t<div class=\"qode-aig-image\">\n\t\t\t\t\t\t\t\t\t<img loading=\"lazy\" decoding=\"async\" width=\"1134\" height=\"756\" src=\"https:\/\/discovergallura.it\/wp-content\/uploads\/2023\/01\/shutterstock_1249185187.jpg\" class=\"attachment-full size-full\" alt=\"\" srcset=\"https:\/\/discovergallura.it\/wp-content\/uploads\/2023\/01\/shutterstock_1249185187.jpg 1134w, https:\/\/discovergallura.it\/wp-content\/uploads\/2023\/01\/shutterstock_1249185187-300x200.jpg 300w, https:\/\/discovergallura.it\/wp-content\/uploads\/2023\/01\/shutterstock_1249185187-1024x683.jpg 1024w, https:\/\/discovergallura.it\/wp-content\/uploads\/2023\/01\/shutterstock_1249185187-768x512.jpg 768w, https:\/\/discovergallura.it\/wp-content\/uploads\/2023\/01\/shutterstock_1249185187-700x467.jpg 700w\" sizes=\"auto, (max-width: 1134px) 100vw, 1134px\" \/>\t\t\t\t\t<span class=\"aig-gallery-hover\">\n\t\t\t\t\t\t\t\t\t\t\t<\/span>\n\t\t\t\t\t\t\t<\/div>\n\t\t\t\t\t\t\t\t<div class=\"qode-aig-image\">\n\t\t\t\t\t\t\t\t\t<img loading=\"lazy\" decoding=\"async\" width=\"1029\" height=\"686\" src=\"https:\/\/discovergallura.it\/wp-content\/uploads\/2023\/01\/shutterstock_1511680142.jpg\" class=\"attachment-full size-full\" alt=\"\" srcset=\"https:\/\/discovergallura.it\/wp-content\/uploads\/2023\/01\/shutterstock_1511680142.jpg 1029w, https:\/\/discovergallura.it\/wp-content\/uploads\/2023\/01\/shutterstock_1511680142-300x200.jpg 300w, https:\/\/discovergallura.it\/wp-content\/uploads\/2023\/01\/shutterstock_1511680142-1024x683.jpg 1024w, https:\/\/discovergallura.it\/wp-content\/uploads\/2023\/01\/shutterstock_1511680142-768x512.jpg 768w, https:\/\/discovergallura.it\/wp-content\/uploads\/2023\/01\/shutterstock_1511680142-700x467.jpg 700w\" sizes=\"auto, (max-width: 1029px) 100vw, 1029px\" \/>\t\t\t\t\t<span class=\"aig-gallery-hover\">\n\t\t\t\t\t\t\t\t\t\t\t<\/span>\n\t\t\t\t\t\t\t<\/div>\n\t\t\t\t\t\t\t\t<div class=\"qode-aig-image\">\n\t\t\t\t\t\t\t\t\t<img loading=\"lazy\" decoding=\"async\" width=\"1613\" height=\"1075\" src=\"https:\/\/discovergallura.it\/wp-content\/uploads\/2023\/01\/shutterstock_1912900738.jpg\" class=\"attachment-full size-full\" alt=\"\" srcset=\"https:\/\/discovergallura.it\/wp-content\/uploads\/2023\/01\/shutterstock_1912900738.jpg 1613w, https:\/\/discovergallura.it\/wp-content\/uploads\/2023\/01\/shutterstock_1912900738-300x200.jpg 300w, https:\/\/discovergallura.it\/wp-content\/uploads\/2023\/01\/shutterstock_1912900738-1024x682.jpg 1024w, https:\/\/discovergallura.it\/wp-content\/uploads\/2023\/01\/shutterstock_1912900738-768x512.jpg 768w, https:\/\/discovergallura.it\/wp-content\/uploads\/2023\/01\/shutterstock_1912900738-1536x1024.jpg 1536w, https:\/\/discovergallura.it\/wp-content\/uploads\/2023\/01\/shutterstock_1912900738-700x467.jpg 700w\" sizes=\"auto, (max-width: 1613px) 100vw, 1613px\" \/>\t\t\t\t\t<span class=\"aig-gallery-hover\">\n\t\t\t\t\t\t\t\t\t\t\t<\/span>\n\t\t\t\t\t\t\t<\/div>\n\t\t\t\t\t\t\t\t<div class=\"qode-aig-image\">\n\t\t\t\t\t\t\t\t\t<img loading=\"lazy\" decoding=\"async\" width=\"1175\" height=\"783\" src=\"https:\/\/discovergallura.it\/wp-content\/uploads\/2023\/01\/shutterstock_143883298.jpg\" class=\"attachment-full size-full\" alt=\"\" srcset=\"https:\/\/discovergallura.it\/wp-content\/uploads\/2023\/01\/shutterstock_143883298.jpg 1175w, https:\/\/discovergallura.it\/wp-content\/uploads\/2023\/01\/shutterstock_143883298-300x200.jpg 300w, https:\/\/discovergallura.it\/wp-content\/uploads\/2023\/01\/shutterstock_143883298-1024x682.jpg 1024w, https:\/\/discovergallura.it\/wp-content\/uploads\/2023\/01\/shutterstock_143883298-768x512.jpg 768w, https:\/\/discovergallura.it\/wp-content\/uploads\/2023\/01\/shutterstock_143883298-700x466.jpg 700w\" sizes=\"auto, (max-width: 1175px) 100vw, 1175px\" \/>\t\t\t\t\t<span class=\"aig-gallery-hover\">\n\t\t\t\t\t\t\t\t\t\t\t<\/span>\n\t\t\t\t\t\t\t<\/div>\n\t\t\t\t\t\t\t\t<div class=\"qode-aig-image\">\n\t\t\t\t\t\t\t\t\t<img loading=\"lazy\" decoding=\"async\" width=\"1200\" height=\"801\" src=\"https:\/\/discovergallura.it\/wp-content\/uploads\/2023\/01\/shutterstock_1087836131.jpg\" class=\"attachment-full size-full\" alt=\"\" srcset=\"https:\/\/discovergallura.it\/wp-content\/uploads\/2023\/01\/shutterstock_1087836131.jpg 1200w, https:\/\/discovergallura.it\/wp-content\/uploads\/2023\/01\/shutterstock_1087836131-300x200.jpg 300w, https:\/\/discovergallura.it\/wp-content\/uploads\/2023\/01\/shutterstock_1087836131-1024x684.jpg 1024w, https:\/\/discovergallura.it\/wp-content\/uploads\/2023\/01\/shutterstock_1087836131-768x513.jpg 768w, https:\/\/discovergallura.it\/wp-content\/uploads\/2023\/01\/shutterstock_1087836131-700x467.jpg 700w\" sizes=\"auto, (max-width: 1200px) 100vw, 1200px\" \/>\t\t\t\t\t<span class=\"aig-gallery-hover\">\n\t\t\t\t\t\t\t\t\t\t\t<\/span>\n\t\t\t\t\t\t\t<\/div>\n\t\t\t\t\t\t<\/div>\n<\/div>[\/vc_column][\/vc_row]<\/p>\n<\/div>","protected":false},"excerpt":{"rendered":"<p>[vc_row css_animation=\u00a0\u00bb\u00a0\u00bb row_type=\u00a0\u00bbrow\u00a0\u00bb use_row_as_full_screen_section=\u00a0\u00bbno\u00a0\u00bb type=\u00a0\u00bbgrid\u00a0\u00bb angled_section=\u00a0\u00bbno\u00a0\u00bb text_align=\u00a0\u00bbleft\u00a0\u00bb background_image_as_pattern=\u00a0\u00bbwithout_pattern\u00a0\u00bb z_index=\u00a0\u00bb\u00a0\u00bb][vc_column css=\u00a0\u00bb.vc_custom_1674214152573{margin-top: 80px !important;}\u00a0\u00bb][vc_row_inner row_type=\u00a0\u00bbrow\u00a0\u00bb type=\u00a0\u00bbfull_width\u00a0\u00bb text_align=\u00a0\u00bbleft\u00a0\u00bb css_animation=\u00a0\u00bb\u00a0\u00bb][vc_column_inner width=\u00a0\u00bb1\/2&Prime; css=\u00a0\u00bb.vc_custom_1674212921568{margin-bottom: 110px !important;}\u00a0\u00bb][vc_separator type=\u00a0\u00bbsmall\u00a0\u00bb position=\u00a0\u00bbleft\u00a0\u00bb color=\u00a0\u00bb#3390b9&Prime; thickness=\u00a0\u00bb4&Prime; width=\u00a0\u00bb50&Prime;][\/vc_column_inner][vc_column_inner width=\u00a0\u00bb1\/2&Prime;][\/vc_column_inner][\/vc_row_inner][vc_row_inner row_type=\u00a0\u00bbrow\u00a0\u00bb type=\u00a0\u00bbfull_width\u00a0\u00bb text_align=\u00a0\u00bbleft\u00a0\u00bb css_animation=\u00a0\u00bb\u00a0\u00bb][vc_column_inner width=\u00a0\u00bb1\/2&Prime;][vc_single_image image=\u00a0\u00bb1682&Prime; img_size=\u00a0\u00bbfull\u00a0\u00bb qode_css_animation=\u00a0\u00bb\u00a0\u00bb][vc_empty_space][\/vc_column_inner][vc_column_inner width=\u00a0\u00bb1\/2&Prime; css=\u00a0\u00bb.vc_custom_1674212910857{margin-bottom: 80px !important;}\u00a0\u00bb][vc_column_text] Le territoire de la Gallura abrite plusieurs&#8230;<\/p>\n","protected":false},"author":1,"featured_media":11340,"parent":13220,"menu_order":0,"comment_status":"closed","ping_status":"closed","template":"full_width.php","meta":{"inline_featured_image":false,"footnotes":""},"class_list":["post-13063","page","type-page","status-publish","has-post-thumbnail","hentry"],"_links":{"self":[{"href":"https:\/\/discovergallura.it\/fr\/wp-json\/wp\/v2\/pages\/13063","targetHints":{"allow":["GET"]}}],"collection":[{"href":"https:\/\/discovergallura.it\/fr\/wp-json\/wp\/v2\/pages"}],"about":[{"href":"https:\/\/discovergallura.it\/fr\/wp-json\/wp\/v2\/types\/page"}],"author":[{"embeddable":true,"href":"https:\/\/discovergallura.it\/fr\/wp-json\/wp\/v2\/users\/1"}],"replies":[{"embeddable":true,"href":"https:\/\/discovergallura.it\/fr\/wp-json\/wp\/v2\/comments?post=13063"}],"version-history":[{"count":4,"href":"https:\/\/discovergallura.it\/fr\/wp-json\/wp\/v2\/pages\/13063\/revisions"}],"predecessor-version":[{"id":13690,"href":"https:\/\/discovergallura.it\/fr\/wp-json\/wp\/v2\/pages\/13063\/revisions\/13690"}],"up":[{"embeddable":true,"href":"https:\/\/discovergallura.it\/fr\/wp-json\/wp\/v2\/pages\/13220"}],"wp:featuredmedia":[{"embeddable":true,"href":"https:\/\/discovergallura.it\/fr\/wp-json\/wp\/v2\/media\/11340"}],"wp:attachment":[{"href":"https:\/\/discovergallura.it\/fr\/wp-json\/wp\/v2\/media?parent=13063"}],"curies":[{"name":"wp","href":"https:\/\/api.w.org\/{rel}","templated":true}]}}