{"id":13115,"date":"2023-01-24T17:01:23","date_gmt":"2023-01-24T16:01:23","guid":{"rendered":"https:\/\/discovergallura.it\/escursione-entroterra\/circuito-delle-chiese-campestri-di-santantonio-di-gallura\/"},"modified":"2023-06-09T17:03:41","modified_gmt":"2023-06-09T15:03:41","slug":"circuito-delle-chiese-campestri-di-santantonio-di-gallura","status":"publish","type":"page","link":"https:\/\/discovergallura.it\/fr\/escursione-entroterra\/circuito-delle-chiese-campestri-di-santantonio-di-gallura\/","title":{"rendered":"Circuit des \u00e9glises de campagne de Sant\u2019Antonio di Gallura"},"content":{"rendered":"<div class=\"wpb-content-wrapper\"><p>[vc_row css_animation=\u00a0\u00bb\u00a0\u00bb row_type=\u00a0\u00bbrow\u00a0\u00bb use_row_as_full_screen_section=\u00a0\u00bbno\u00a0\u00bb type=\u00a0\u00bbgrid\u00a0\u00bb angled_section=\u00a0\u00bbno\u00a0\u00bb text_align=\u00a0\u00bbleft\u00a0\u00bb background_image_as_pattern=\u00a0\u00bbwithout_pattern\u00a0\u00bb z_index=\u00a0\u00bb\u00a0\u00bb][vc_column css=\u00a0\u00bb.vc_custom_1674214152573{margin-top: 80px !important;}\u00a0\u00bb][vc_row_inner row_type=\u00a0\u00bbrow\u00a0\u00bb type=\u00a0\u00bbfull_width\u00a0\u00bb text_align=\u00a0\u00bbleft\u00a0\u00bb css_animation=\u00a0\u00bb\u00a0\u00bb][vc_column_inner width=\u00a0\u00bb1\/2&Prime; css=\u00a0\u00bb.vc_custom_1674212921568{margin-bottom: 110px !important;}\u00a0\u00bb][vc_separator type=\u00a0\u00bbsmall\u00a0\u00bb position=\u00a0\u00bbleft\u00a0\u00bb color=\u00a0\u00bb#3390b9&Prime; thickness=\u00a0\u00bb4&Prime; width=\u00a0\u00bb50&Prime;]<div class=\"custom_font_holder \" style=\"font-family: red hat display; font-style: normal; font-weight: 800; color: #3390b9; text-decoration: none; text-align: left; --qode-cf-font-size: 38px; --qode-cf-line-height: 39px; --qode-cf-font-size-1440: 38px; --qode-cf-line-height-1440: 39px; --qode-cf-font-size-1366: 38px; --qode-cf-line-height-1366: 39px; --qode-cf-font-size-1280: 38px; --qode-cf-line-height-1280: 39px; --qode-cf-font-size-1024: 38px; --qode-cf-line-height-1024: 39px; --qode-cf-font-size-768: 38px; --qode-cf-line-height-768: 39px; --qode-cf-font-size-680: 38px; --qode-cf-line-height-680: 39px; --qode-cf-font-size-480: 38px; --qode-cf-line-height-480: 39px;\">CIRCUIT DES \u00c9GLISES DE CAMPAGNE DE SANT&rsquo;ANTONIO DI GALLURA<\/div>[\/vc_column_inner][vc_column_inner width=\u00a0\u00bb1\/2&Prime;][\/vc_column_inner][\/vc_row_inner][vc_row_inner row_type=\u00a0\u00bbrow\u00a0\u00bb type=\u00a0\u00bbfull_width\u00a0\u00bb text_align=\u00a0\u00bbleft\u00a0\u00bb css_animation=\u00a0\u00bb\u00a0\u00bb][vc_column_inner width=\u00a0\u00bb1\/2&Prime;][vc_single_image image=\u00a0\u00bb1818&Prime; img_size=\u00a0\u00bbfull\u00a0\u00bb qode_css_animation=\u00a0\u00bb\u00a0\u00bb][vc_empty_space][\/vc_column_inner][vc_column_inner width=\u00a0\u00bb1\/2&Prime; css=\u00a0\u00bb.vc_custom_1674212910857{margin-bottom: 80px !important;}\u00a0\u00bb][vc_column_text]<\/p>\n<p style=\"text-align: justify;\">Le <strong>circuit des \u00e9glises de campagne de Sant\u2019Antonio di Gallura<\/strong> est un <strong>itin\u00e9raire religieux<\/strong> qui s&rsquo;\u00e9tend sur pr\u00e8s de 25 kilom\u00e8tres dans l&rsquo;arri\u00e8re-pays gallurais, en permettant de plonger au c\u0153ur de la nature tout en d\u00e9couvrant la spiritualit\u00e9 de la population sarde. Ici, entre la v\u00e9g\u00e9tation autochtone, les rochers de granit fa\u00e7onn\u00e9s par le vent et les anciennes constructions, les traditions et les valeurs sardes sont transmises dans leur forme la plus pure, dans une parfaite alliance de foi, nature et activit\u00e9 physique.<br \/>\nPlusieurs \u00e9glises sont \u00e0 d\u00e9couvrir le long de ce parcours : l&rsquo;\u00e9glise de San Giacomo, l&rsquo;\u00e9glise de la Madonna della Crucitta, l&rsquo;\u00e9glise de Santu Santinu, l&rsquo;\u00e9glise de San Giuseppe, l&rsquo;\u00e9glise de Sant\u2019Andrea et l&rsquo;\u00e9glise de San Leonardo.<\/p>\n<p>[\/vc_column_text][\/vc_column_inner][\/vc_row_inner][\/vc_column][\/vc_row][vc_row css_animation=\u00a0\u00bb\u00a0\u00bb row_type=\u00a0\u00bbrow\u00a0\u00bb use_row_as_full_screen_section=\u00a0\u00bbno\u00a0\u00bb type=\u00a0\u00bbgrid\u00a0\u00bb angled_section=\u00a0\u00bbno\u00a0\u00bb text_align=\u00a0\u00bbleft\u00a0\u00bb background_image_as_pattern=\u00a0\u00bbwithout_pattern\u00a0\u00bb z_index=\u00a0\u00bb\u00a0\u00bb][vc_column width=\u00a0\u00bb1\/6&Prime;][\/vc_column][vc_column width=\u00a0\u00bb2\/3&Prime; css=\u00a0\u00bb.vc_custom_1674141388895{margin-top: 80px !important;}\u00a0\u00bb offset=\u00a0\u00bbvc_hidden-sm vc_hidden-xs\u00a0\u00bb]<div class=\"custom_font_holder \" style=\"font-family: EB garamond; font-style: italic; font-weight: 500; text-decoration: none; text-align: left; --qode-cf-font-size: 24px; --qode-cf-line-height: 28px; --qode-cf-font-size-1440: 24px; --qode-cf-line-height-1440: 28px; --qode-cf-font-size-1366: 24px; --qode-cf-line-height-1366: 28px; --qode-cf-font-size-1280: 24px; --qode-cf-line-height-1280: 28px; --qode-cf-font-size-1024: 24px; --qode-cf-line-height-1024: 28px; --qode-cf-font-size-768: 24px; --qode-cf-line-height-768: 28px; --qode-cf-font-size-680: 24px; --qode-cf-line-height-680: 28px; --qode-cf-font-size-480: 24px; --qode-cf-line-height-480: 28px;\">\n<p style=\"text-align: center;\"><span style=\"font-size: 24pt; line-height: 110%;\">Faisant partie des itin\u00e9raires religieux de la Gallura, ce circuit m\u00eale spiritualit\u00e9, nature et activit\u00e9 physique.<\/span><\/p>\n<\/div>[\/vc_column][vc_column width=\u00a0\u00bb1\/6&Prime;][\/vc_column][\/vc_row][vc_row css_animation=\u00a0\u00bb\u00a0\u00bb row_type=\u00a0\u00bbrow\u00a0\u00bb use_row_as_full_screen_section=\u00a0\u00bbno\u00a0\u00bb type=\u00a0\u00bbfull_width\u00a0\u00bb angled_section=\u00a0\u00bbno\u00a0\u00bb text_align=\u00a0\u00bbleft\u00a0\u00bb background_image_as_pattern=\u00a0\u00bbwithout_pattern\u00a0\u00bb z_index=\u00a0\u00bb\u00a0\u00bb][vc_column css=\u00a0\u00bb.vc_custom_1675698083970{margin-top: 80px !important;margin-bottom: 120px !important;}\u00a0\u00bb]<div class=\"qode-advanced-image-gallery  qode-aig-slider-type qode-tiny-space   \">\n\t<div class=\"qode-aig-slider qode-owl-slider\" data-number-of-items=\"1\" data-enable-loop=\"yes\" data-enable-autoplay=\"yes\" data-slider-speed=\"5000\" data-slider-speed-animation=\"600\" data-slider-padding=\"yes\" data-enable-navigation=\"yes\" data-enable-pagination=\"yes\">\n\t\t\t\t\t<div class=\"qode-aig-image\">\n\t\t\t\t\t\t\t\t\t<img loading=\"lazy\" decoding=\"async\" width=\"1536\" height=\"2048\" src=\"https:\/\/discovergallura.it\/wp-content\/uploads\/2023\/01\/IMG_2522-1536x2048-1.jpg\" class=\"attachment-full size-full\" alt=\"\" srcset=\"https:\/\/discovergallura.it\/wp-content\/uploads\/2023\/01\/IMG_2522-1536x2048-1.jpg 1536w, https:\/\/discovergallura.it\/wp-content\/uploads\/2023\/01\/IMG_2522-1536x2048-1-225x300.jpg 225w, https:\/\/discovergallura.it\/wp-content\/uploads\/2023\/01\/IMG_2522-1536x2048-1-768x1024.jpg 768w, https:\/\/discovergallura.it\/wp-content\/uploads\/2023\/01\/IMG_2522-1536x2048-1-1152x1536.jpg 1152w, https:\/\/discovergallura.it\/wp-content\/uploads\/2023\/01\/IMG_2522-1536x2048-1-600x800.jpg 600w, https:\/\/discovergallura.it\/wp-content\/uploads\/2023\/01\/IMG_2522-1536x2048-1-700x933.jpg 700w\" sizes=\"auto, (max-width: 1536px) 100vw, 1536px\" \/>\t\t\t\t\t<span class=\"aig-gallery-hover\">\n\t\t\t\t\t\t\t\t\t\t\t<\/span>\n\t\t\t\t\t\t\t<\/div>\n\t\t\t\t\t\t\t\t<div class=\"qode-aig-image\">\n\t\t\t\t\t\t\t\t\t<img loading=\"lazy\" decoding=\"async\" width=\"975\" height=\"1219\" src=\"https:\/\/discovergallura.it\/wp-content\/uploads\/2023\/01\/IMG_E4682-Copia.jpg\" class=\"attachment-full size-full\" alt=\"\" srcset=\"https:\/\/discovergallura.it\/wp-content\/uploads\/2023\/01\/IMG_E4682-Copia.jpg 975w, https:\/\/discovergallura.it\/wp-content\/uploads\/2023\/01\/IMG_E4682-Copia-240x300.jpg 240w, https:\/\/discovergallura.it\/wp-content\/uploads\/2023\/01\/IMG_E4682-Copia-819x1024.jpg 819w, https:\/\/discovergallura.it\/wp-content\/uploads\/2023\/01\/IMG_E4682-Copia-768x960.jpg 768w, https:\/\/discovergallura.it\/wp-content\/uploads\/2023\/01\/IMG_E4682-Copia-700x875.jpg 700w\" sizes=\"auto, (max-width: 975px) 100vw, 975px\" \/>\t\t\t\t\t<span class=\"aig-gallery-hover\">\n\t\t\t\t\t\t\t\t\t\t\t<\/span>\n\t\t\t\t\t\t\t<\/div>\n\t\t\t\t\t\t\t\t<div class=\"qode-aig-image\">\n\t\t\t\t\t\t\t\t\t<img loading=\"lazy\" decoding=\"async\" width=\"1536\" height=\"2048\" src=\"https:\/\/discovergallura.it\/wp-content\/uploads\/2023\/01\/IMG_2660-1536x2048-1.jpg\" class=\"attachment-full size-full\" alt=\"\" srcset=\"https:\/\/discovergallura.it\/wp-content\/uploads\/2023\/01\/IMG_2660-1536x2048-1.jpg 1536w, https:\/\/discovergallura.it\/wp-content\/uploads\/2023\/01\/IMG_2660-1536x2048-1-225x300.jpg 225w, https:\/\/discovergallura.it\/wp-content\/uploads\/2023\/01\/IMG_2660-1536x2048-1-768x1024.jpg 768w, https:\/\/discovergallura.it\/wp-content\/uploads\/2023\/01\/IMG_2660-1536x2048-1-1152x1536.jpg 1152w, https:\/\/discovergallura.it\/wp-content\/uploads\/2023\/01\/IMG_2660-1536x2048-1-600x800.jpg 600w, https:\/\/discovergallura.it\/wp-content\/uploads\/2023\/01\/IMG_2660-1536x2048-1-700x933.jpg 700w\" sizes=\"auto, (max-width: 1536px) 100vw, 1536px\" \/>\t\t\t\t\t<span class=\"aig-gallery-hover\">\n\t\t\t\t\t\t\t\t\t\t\t<\/span>\n\t\t\t\t\t\t\t<\/div>\n\t\t\t\t\t\t\t\t<div class=\"qode-aig-image\">\n\t\t\t\t\t\t\t\t\t<img loading=\"lazy\" decoding=\"async\" width=\"1536\" height=\"2048\" src=\"https:\/\/discovergallura.it\/wp-content\/uploads\/2023\/01\/IMG_4192-1536x2048-1.jpg\" class=\"attachment-full size-full\" alt=\"\" srcset=\"https:\/\/discovergallura.it\/wp-content\/uploads\/2023\/01\/IMG_4192-1536x2048-1.jpg 1536w, https:\/\/discovergallura.it\/wp-content\/uploads\/2023\/01\/IMG_4192-1536x2048-1-225x300.jpg 225w, https:\/\/discovergallura.it\/wp-content\/uploads\/2023\/01\/IMG_4192-1536x2048-1-768x1024.jpg 768w, https:\/\/discovergallura.it\/wp-content\/uploads\/2023\/01\/IMG_4192-1536x2048-1-1152x1536.jpg 1152w, https:\/\/discovergallura.it\/wp-content\/uploads\/2023\/01\/IMG_4192-1536x2048-1-600x800.jpg 600w, https:\/\/discovergallura.it\/wp-content\/uploads\/2023\/01\/IMG_4192-1536x2048-1-700x933.jpg 700w\" sizes=\"auto, (max-width: 1536px) 100vw, 1536px\" \/>\t\t\t\t\t<span class=\"aig-gallery-hover\">\n\t\t\t\t\t\t\t\t\t\t\t<\/span>\n\t\t\t\t\t\t\t<\/div>\n\t\t\t\t\t\t\t\t<div class=\"qode-aig-image\">\n\t\t\t\t\t\t\t\t\t<img loading=\"lazy\" decoding=\"async\" width=\"1536\" height=\"2048\" src=\"https:\/\/discovergallura.it\/wp-content\/uploads\/2023\/01\/IMG_1981-1536x2048-1.jpg\" class=\"attachment-full size-full\" alt=\"\" srcset=\"https:\/\/discovergallura.it\/wp-content\/uploads\/2023\/01\/IMG_1981-1536x2048-1.jpg 1536w, https:\/\/discovergallura.it\/wp-content\/uploads\/2023\/01\/IMG_1981-1536x2048-1-225x300.jpg 225w, https:\/\/discovergallura.it\/wp-content\/uploads\/2023\/01\/IMG_1981-1536x2048-1-768x1024.jpg 768w, https:\/\/discovergallura.it\/wp-content\/uploads\/2023\/01\/IMG_1981-1536x2048-1-1152x1536.jpg 1152w, https:\/\/discovergallura.it\/wp-content\/uploads\/2023\/01\/IMG_1981-1536x2048-1-600x800.jpg 600w, https:\/\/discovergallura.it\/wp-content\/uploads\/2023\/01\/IMG_1981-1536x2048-1-700x933.jpg 700w\" sizes=\"auto, (max-width: 1536px) 100vw, 1536px\" \/>\t\t\t\t\t<span class=\"aig-gallery-hover\">\n\t\t\t\t\t\t\t\t\t\t\t<\/span>\n\t\t\t\t\t\t\t<\/div>\n\t\t\t\t\t\t\t\t<div class=\"qode-aig-image\">\n\t\t\t\t\t\t\t\t\t<img loading=\"lazy\" decoding=\"async\" width=\"1536\" height=\"2048\" src=\"https:\/\/discovergallura.it\/wp-content\/uploads\/2023\/01\/IMG_2113-1536x2048-1.jpg\" class=\"attachment-full size-full\" alt=\"\" srcset=\"https:\/\/discovergallura.it\/wp-content\/uploads\/2023\/01\/IMG_2113-1536x2048-1.jpg 1536w, https:\/\/discovergallura.it\/wp-content\/uploads\/2023\/01\/IMG_2113-1536x2048-1-225x300.jpg 225w, https:\/\/discovergallura.it\/wp-content\/uploads\/2023\/01\/IMG_2113-1536x2048-1-768x1024.jpg 768w, https:\/\/discovergallura.it\/wp-content\/uploads\/2023\/01\/IMG_2113-1536x2048-1-1152x1536.jpg 1152w, https:\/\/discovergallura.it\/wp-content\/uploads\/2023\/01\/IMG_2113-1536x2048-1-600x800.jpg 600w, https:\/\/discovergallura.it\/wp-content\/uploads\/2023\/01\/IMG_2113-1536x2048-1-700x933.jpg 700w\" sizes=\"auto, (max-width: 1536px) 100vw, 1536px\" \/>\t\t\t\t\t<span class=\"aig-gallery-hover\">\n\t\t\t\t\t\t\t\t\t\t\t<\/span>\n\t\t\t\t\t\t\t<\/div>\n\t\t\t\t\t\t<\/div>\n<\/div>[\/vc_column][\/vc_row]<\/p>\n<\/div>","protected":false},"excerpt":{"rendered":"<p>[vc_row css_animation=\u00a0\u00bb\u00a0\u00bb row_type=\u00a0\u00bbrow\u00a0\u00bb use_row_as_full_screen_section=\u00a0\u00bbno\u00a0\u00bb type=\u00a0\u00bbgrid\u00a0\u00bb angled_section=\u00a0\u00bbno\u00a0\u00bb text_align=\u00a0\u00bbleft\u00a0\u00bb background_image_as_pattern=\u00a0\u00bbwithout_pattern\u00a0\u00bb z_index=\u00a0\u00bb\u00a0\u00bb][vc_column css=\u00a0\u00bb.vc_custom_1674214152573{margin-top: 80px !important;}\u00a0\u00bb][vc_row_inner row_type=\u00a0\u00bbrow\u00a0\u00bb type=\u00a0\u00bbfull_width\u00a0\u00bb text_align=\u00a0\u00bbleft\u00a0\u00bb css_animation=\u00a0\u00bb\u00a0\u00bb][vc_column_inner width=\u00a0\u00bb1\/2&Prime; css=\u00a0\u00bb.vc_custom_1674212921568{margin-bottom: 110px !important;}\u00a0\u00bb][vc_separator type=\u00a0\u00bbsmall\u00a0\u00bb position=\u00a0\u00bbleft\u00a0\u00bb color=\u00a0\u00bb#3390b9&Prime; thickness=\u00a0\u00bb4&Prime; width=\u00a0\u00bb50&Prime;][\/vc_column_inner][vc_column_inner width=\u00a0\u00bb1\/2&Prime;][\/vc_column_inner][\/vc_row_inner][vc_row_inner row_type=\u00a0\u00bbrow\u00a0\u00bb type=\u00a0\u00bbfull_width\u00a0\u00bb text_align=\u00a0\u00bbleft\u00a0\u00bb css_animation=\u00a0\u00bb\u00a0\u00bb][vc_column_inner width=\u00a0\u00bb1\/2&Prime;][vc_single_image image=\u00a0\u00bb1818&Prime; img_size=\u00a0\u00bbfull\u00a0\u00bb qode_css_animation=\u00a0\u00bb\u00a0\u00bb][vc_empty_space][\/vc_column_inner][vc_column_inner width=\u00a0\u00bb1\/2&Prime; css=\u00a0\u00bb.vc_custom_1674212910857{margin-bottom: 80px !important;}\u00a0\u00bb][vc_column_text] Le circuit des \u00e9glises de campagne de&#8230;<\/p>\n","protected":false},"author":1,"featured_media":11409,"parent":13103,"menu_order":0,"comment_status":"closed","ping_status":"closed","template":"full_width.php","meta":{"inline_featured_image":false,"footnotes":""},"class_list":["post-13115","page","type-page","status-publish","has-post-thumbnail","hentry"],"_links":{"self":[{"href":"https:\/\/discovergallura.it\/fr\/wp-json\/wp\/v2\/pages\/13115","targetHints":{"allow":["GET"]}}],"collection":[{"href":"https:\/\/discovergallura.it\/fr\/wp-json\/wp\/v2\/pages"}],"about":[{"href":"https:\/\/discovergallura.it\/fr\/wp-json\/wp\/v2\/types\/page"}],"author":[{"embeddable":true,"href":"https:\/\/discovergallura.it\/fr\/wp-json\/wp\/v2\/users\/1"}],"replies":[{"embeddable":true,"href":"https:\/\/discovergallura.it\/fr\/wp-json\/wp\/v2\/comments?post=13115"}],"version-history":[{"count":4,"href":"https:\/\/discovergallura.it\/fr\/wp-json\/wp\/v2\/pages\/13115\/revisions"}],"predecessor-version":[{"id":13705,"href":"https:\/\/discovergallura.it\/fr\/wp-json\/wp\/v2\/pages\/13115\/revisions\/13705"}],"up":[{"embeddable":true,"href":"https:\/\/discovergallura.it\/fr\/wp-json\/wp\/v2\/pages\/13103"}],"wp:featuredmedia":[{"embeddable":true,"href":"https:\/\/discovergallura.it\/fr\/wp-json\/wp\/v2\/media\/11409"}],"wp:attachment":[{"href":"https:\/\/discovergallura.it\/fr\/wp-json\/wp\/v2\/media?parent=13115"}],"curies":[{"name":"wp","href":"https:\/\/api.w.org\/{rel}","templated":true}]}}