{"id":13177,"date":"2023-01-25T18:07:26","date_gmt":"2023-01-25T17:07:26","guid":{"rendered":"https:\/\/discovergallura.it\/natura\/"},"modified":"2023-06-09T17:19:35","modified_gmt":"2023-06-09T15:19:35","slug":"natura","status":"publish","type":"page","link":"https:\/\/discovergallura.it\/fr\/ispirazioni\/natura\/","title":{"rendered":"Pour les amoureux de la nature"},"content":{"rendered":"<div class=\"wpb-content-wrapper\"><p>[vc_row css_animation=\u00a0\u00bb\u00a0\u00bb row_type=\u00a0\u00bbrow\u00a0\u00bb use_row_as_full_screen_section=\u00a0\u00bbno\u00a0\u00bb type=\u00a0\u00bbgrid\u00a0\u00bb angled_section=\u00a0\u00bbno\u00a0\u00bb text_align=\u00a0\u00bbleft\u00a0\u00bb background_image_as_pattern=\u00a0\u00bbwithout_pattern\u00a0\u00bb z_index=\u00a0\u00bb\u00a0\u00bb][vc_column css=\u00a0\u00bb.vc_custom_1674214152573{margin-top: 80px !important;}\u00a0\u00bb][vc_row_inner row_type=\u00a0\u00bbrow\u00a0\u00bb type=\u00a0\u00bbfull_width\u00a0\u00bb text_align=\u00a0\u00bbleft\u00a0\u00bb css_animation=\u00a0\u00bb\u00a0\u00bb][vc_column_inner width=\u00a0\u00bb1\/2&Prime; css=\u00a0\u00bb.vc_custom_1674212921568{margin-bottom: 110px !important;}\u00a0\u00bb][vc_separator type=\u00a0\u00bbsmall\u00a0\u00bb position=\u00a0\u00bbleft\u00a0\u00bb color=\u00a0\u00bb#3390b9&Prime; thickness=\u00a0\u00bb4&Prime; width=\u00a0\u00bb50&Prime;]<div class=\"custom_font_holder \" style=\"font-family: red hat display; font-style: normal; font-weight: 800; color: #3390b9; text-decoration: none; text-align: left; --qode-cf-font-size: 38px; --qode-cf-line-height: 39px; --qode-cf-font-size-1440: 38px; --qode-cf-line-height-1440: 39px; --qode-cf-font-size-1366: 38px; --qode-cf-line-height-1366: 39px; --qode-cf-font-size-1280: 38px; --qode-cf-line-height-1280: 39px; --qode-cf-font-size-1024: 38px; --qode-cf-line-height-1024: 39px; --qode-cf-font-size-768: 38px; --qode-cf-line-height-768: 39px; --qode-cf-font-size-680: 38px; --qode-cf-line-height-680: 39px; --qode-cf-font-size-480: 38px; --qode-cf-line-height-480: 39px;\">POUR LES AMOUREUX DE LA NATURE<\/div>[\/vc_column_inner][vc_column_inner width=\u00a0\u00bb1\/2&Prime;][\/vc_column_inner][\/vc_row_inner][vc_row_inner row_type=\u00a0\u00bbrow\u00a0\u00bb type=\u00a0\u00bbfull_width\u00a0\u00bb text_align=\u00a0\u00bbleft\u00a0\u00bb css_animation=\u00a0\u00bb\u00a0\u00bb][vc_column_inner width=\u00a0\u00bb1\/2&Prime;][vc_single_image image=\u00a0\u00bb2131&Prime; img_size=\u00a0\u00bbfull\u00a0\u00bb qode_css_animation=\u00a0\u00bb\u00a0\u00bb][vc_empty_space][\/vc_column_inner][vc_column_inner width=\u00a0\u00bb1\/2&Prime; css=\u00a0\u00bb.vc_custom_1674212910857{margin-bottom: 80px !important;}\u00a0\u00bb][vc_column_text]<\/p>\n<p style=\"text-align: justify;\">En Gallura, la beaut\u00e9 du littoral et le charme de l&rsquo;arri\u00e8re-pays cr\u00e9ent un paysage hors du commun qui ravira sans l&rsquo;ombre d&rsquo;un doute le c\u0153ur des <strong>amoureux de la nature.<\/strong> La r\u00e9gion regorge de sites naturels de grande valeur au sein desquels des esp\u00e8ces animales et v\u00e9g\u00e9tales end\u00e9miques et rares, d&rsquo;une incroyable valeur naturaliste, peuvent \u00eatre observ\u00e9es. Il est possible de s&rsquo;adonner \u00e0 diff\u00e9rentes <strong>activit\u00e9s au c\u0153ur de la nature<\/strong> : <a href=\"https:\/\/discovergallura.it\/fr\/birdwatching\/\">observation d&rsquo;oiseaux<\/a> , <a href=\"https:\/\/discovergallura.it\/fr\/avvistamento-di-cetacei\/\">observation des dauphins et des c\u00e9tac\u00e9s<\/a> , <a href=\"https:\/\/discovergallura.it\/fr\/outdoor\/equitazione\/\">balades \u00e0 cheval<\/a> , <a href=\"https:\/\/discovergallura.it\/fr\/outdoor\/escursionismo\/\">trekking<\/a> ou <a href=\"https:\/\/discovergallura.it\/fr\/outdoor\/cicloturismo\/\">encore cyclotourisme<\/a> . De plus, la <strong>durabilit\u00e9<\/strong> est un \u00e9l\u00e9ment cl\u00e9 du tourisme en Sardaigne : l&rsquo;observation et la d\u00e9couverte de la nature se m\u00ealent au respect et \u00e0 la pr\u00e9servation de cette derni\u00e8re.<\/p>\n<p>[\/vc_column_text][\/vc_column_inner][\/vc_row_inner][\/vc_column][\/vc_row][vc_row css_animation=\u00a0\u00bb\u00a0\u00bb row_type=\u00a0\u00bbrow\u00a0\u00bb use_row_as_full_screen_section=\u00a0\u00bbno\u00a0\u00bb type=\u00a0\u00bbgrid\u00a0\u00bb angled_section=\u00a0\u00bbno\u00a0\u00bb text_align=\u00a0\u00bbleft\u00a0\u00bb background_image_as_pattern=\u00a0\u00bbwithout_pattern\u00a0\u00bb z_index=\u00a0\u00bb\u00a0\u00bb][vc_column width=\u00a0\u00bb1\/6&Prime;][\/vc_column][vc_column width=\u00a0\u00bb2\/3&Prime; css=\u00a0\u00bb.vc_custom_1674141388895{margin-top: 80px !important;}\u00a0\u00bb offset=\u00a0\u00bbvc_hidden-sm vc_hidden-xs\u00a0\u00bb]<div class=\"custom_font_holder \" style=\"font-family: EB garamond; font-style: italic; font-weight: 500; text-decoration: none; text-align: left; --qode-cf-font-size: 24px; --qode-cf-line-height: 28px; --qode-cf-font-size-1440: 24px; --qode-cf-line-height-1440: 28px; --qode-cf-font-size-1366: 24px; --qode-cf-line-height-1366: 28px; --qode-cf-font-size-1280: 24px; --qode-cf-line-height-1280: 28px; --qode-cf-font-size-1024: 24px; --qode-cf-line-height-1024: 28px; --qode-cf-font-size-768: 24px; --qode-cf-line-height-768: 28px; --qode-cf-font-size-680: 24px; --qode-cf-line-height-680: 28px; --qode-cf-font-size-480: 24px; --qode-cf-line-height-480: 28px;\">\n<p style=\"text-align: center;\"><span style=\"font-size: 24pt; line-height: 110%;\">La Gallura offre un cadre naturel spectaculaire, au sein duquel la mer et la terre se marient \u00e0 la perfection.<\/span><\/p>\n<\/div>[\/vc_column][vc_column width=\u00a0\u00bb1\/6&Prime;][\/vc_column][\/vc_row][vc_row css_animation=\u00a0\u00bb\u00a0\u00bb row_type=\u00a0\u00bbrow\u00a0\u00bb use_row_as_full_screen_section=\u00a0\u00bbno\u00a0\u00bb type=\u00a0\u00bbfull_width\u00a0\u00bb angled_section=\u00a0\u00bbno\u00a0\u00bb text_align=\u00a0\u00bbleft\u00a0\u00bb background_image_as_pattern=\u00a0\u00bbwithout_pattern\u00a0\u00bb z_index=\u00a0\u00bb\u00a0\u00bb][vc_column css=\u00a0\u00bb.vc_custom_1675699496066{margin-top: 80px !important;margin-bottom: 120px !important;}\u00a0\u00bb]<div class=\"qode-advanced-image-gallery  qode-aig-slider-type qode-tiny-space   \">\n\t<div class=\"qode-aig-slider qode-owl-slider\" data-number-of-items=\"1\" data-enable-loop=\"yes\" data-enable-autoplay=\"yes\" data-slider-speed=\"5000\" data-slider-speed-animation=\"600\" data-slider-padding=\"yes\" data-enable-navigation=\"yes\" data-enable-pagination=\"yes\">\n\t\t\t\t\t<div class=\"qode-aig-image\">\n\t\t\t\t\t\t\t\t\t<img loading=\"lazy\" decoding=\"async\" width=\"1152\" height=\"768\" src=\"https:\/\/discovergallura.it\/wp-content\/uploads\/2023\/01\/natura-1.jpg\" class=\"attachment-full size-full\" alt=\"\" srcset=\"https:\/\/discovergallura.it\/wp-content\/uploads\/2023\/01\/natura-1.jpg 1152w, https:\/\/discovergallura.it\/wp-content\/uploads\/2023\/01\/natura-1-300x200.jpg 300w, https:\/\/discovergallura.it\/wp-content\/uploads\/2023\/01\/natura-1-1024x683.jpg 1024w, https:\/\/discovergallura.it\/wp-content\/uploads\/2023\/01\/natura-1-768x512.jpg 768w, https:\/\/discovergallura.it\/wp-content\/uploads\/2023\/01\/natura-1-700x467.jpg 700w\" sizes=\"auto, (max-width: 1152px) 100vw, 1152px\" \/>\t\t\t\t\t<span class=\"aig-gallery-hover\">\n\t\t\t\t\t\t\t\t\t\t\t<\/span>\n\t\t\t\t\t\t\t<\/div>\n\t\t\t\t\t\t\t\t<div class=\"qode-aig-image\">\n\t\t\t\t\t\t\t\t\t<img loading=\"lazy\" decoding=\"async\" width=\"1156\" height=\"768\" src=\"https:\/\/discovergallura.it\/wp-content\/uploads\/2023\/01\/natura.jpg\" class=\"attachment-full size-full\" alt=\"\" srcset=\"https:\/\/discovergallura.it\/wp-content\/uploads\/2023\/01\/natura.jpg 1156w, https:\/\/discovergallura.it\/wp-content\/uploads\/2023\/01\/natura-300x199.jpg 300w, https:\/\/discovergallura.it\/wp-content\/uploads\/2023\/01\/natura-1024x680.jpg 1024w, https:\/\/discovergallura.it\/wp-content\/uploads\/2023\/01\/natura-768x510.jpg 768w, https:\/\/discovergallura.it\/wp-content\/uploads\/2023\/01\/natura-700x465.jpg 700w\" sizes=\"auto, (max-width: 1156px) 100vw, 1156px\" \/>\t\t\t\t\t<span class=\"aig-gallery-hover\">\n\t\t\t\t\t\t\t\t\t\t\t<\/span>\n\t\t\t\t\t\t\t<\/div>\n\t\t\t\t\t\t\t\t<div class=\"qode-aig-image\">\n\t\t\t\t\t\t\t\t\t<img loading=\"lazy\" decoding=\"async\" width=\"1151\" height=\"768\" src=\"https:\/\/discovergallura.it\/wp-content\/uploads\/2023\/01\/natura-3.jpg\" class=\"attachment-full size-full\" alt=\"\" srcset=\"https:\/\/discovergallura.it\/wp-content\/uploads\/2023\/01\/natura-3.jpg 1151w, https:\/\/discovergallura.it\/wp-content\/uploads\/2023\/01\/natura-3-300x200.jpg 300w, https:\/\/discovergallura.it\/wp-content\/uploads\/2023\/01\/natura-3-1024x683.jpg 1024w, https:\/\/discovergallura.it\/wp-content\/uploads\/2023\/01\/natura-3-768x512.jpg 768w, https:\/\/discovergallura.it\/wp-content\/uploads\/2023\/01\/natura-3-700x467.jpg 700w\" sizes=\"auto, (max-width: 1151px) 100vw, 1151px\" \/>\t\t\t\t\t<span class=\"aig-gallery-hover\">\n\t\t\t\t\t\t\t\t\t\t\t<\/span>\n\t\t\t\t\t\t\t<\/div>\n\t\t\t\t\t\t\t\t<div class=\"qode-aig-image\">\n\t\t\t\t\t\t\t\t\t<img loading=\"lazy\" decoding=\"async\" width=\"1152\" height=\"768\" src=\"https:\/\/discovergallura.it\/wp-content\/uploads\/2023\/01\/natura-2.jpg\" class=\"attachment-full size-full\" alt=\"\" srcset=\"https:\/\/discovergallura.it\/wp-content\/uploads\/2023\/01\/natura-2.jpg 1152w, https:\/\/discovergallura.it\/wp-content\/uploads\/2023\/01\/natura-2-300x200.jpg 300w, https:\/\/discovergallura.it\/wp-content\/uploads\/2023\/01\/natura-2-1024x683.jpg 1024w, https:\/\/discovergallura.it\/wp-content\/uploads\/2023\/01\/natura-2-768x512.jpg 768w, https:\/\/discovergallura.it\/wp-content\/uploads\/2023\/01\/natura-2-700x467.jpg 700w\" sizes=\"auto, (max-width: 1152px) 100vw, 1152px\" \/>\t\t\t\t\t<span class=\"aig-gallery-hover\">\n\t\t\t\t\t\t\t\t\t\t\t<\/span>\n\t\t\t\t\t\t\t<\/div>\n\t\t\t\t\t\t<\/div>\n<\/div>[\/vc_column][\/vc_row]<\/p>\n<\/div>","protected":false},"excerpt":{"rendered":"<p>[vc_row css_animation=\u00a0\u00bb\u00a0\u00bb row_type=\u00a0\u00bbrow\u00a0\u00bb use_row_as_full_screen_section=\u00a0\u00bbno\u00a0\u00bb type=\u00a0\u00bbgrid\u00a0\u00bb angled_section=\u00a0\u00bbno\u00a0\u00bb text_align=\u00a0\u00bbleft\u00a0\u00bb background_image_as_pattern=\u00a0\u00bbwithout_pattern\u00a0\u00bb z_index=\u00a0\u00bb\u00a0\u00bb][vc_column css=\u00a0\u00bb.vc_custom_1674214152573{margin-top: 80px !important;}\u00a0\u00bb][vc_row_inner row_type=\u00a0\u00bbrow\u00a0\u00bb type=\u00a0\u00bbfull_width\u00a0\u00bb text_align=\u00a0\u00bbleft\u00a0\u00bb css_animation=\u00a0\u00bb\u00a0\u00bb][vc_column_inner width=\u00a0\u00bb1\/2&Prime; css=\u00a0\u00bb.vc_custom_1674212921568{margin-bottom: 110px !important;}\u00a0\u00bb][vc_separator type=\u00a0\u00bbsmall\u00a0\u00bb position=\u00a0\u00bbleft\u00a0\u00bb color=\u00a0\u00bb#3390b9&Prime; thickness=\u00a0\u00bb4&Prime; width=\u00a0\u00bb50&Prime;][\/vc_column_inner][vc_column_inner width=\u00a0\u00bb1\/2&Prime;][\/vc_column_inner][\/vc_row_inner][vc_row_inner row_type=\u00a0\u00bbrow\u00a0\u00bb type=\u00a0\u00bbfull_width\u00a0\u00bb text_align=\u00a0\u00bbleft\u00a0\u00bb css_animation=\u00a0\u00bb\u00a0\u00bb][vc_column_inner width=\u00a0\u00bb1\/2&Prime;][vc_single_image image=\u00a0\u00bb2131&Prime; img_size=\u00a0\u00bbfull\u00a0\u00bb qode_css_animation=\u00a0\u00bb\u00a0\u00bb][vc_empty_space][\/vc_column_inner][vc_column_inner width=\u00a0\u00bb1\/2&Prime; css=\u00a0\u00bb.vc_custom_1674212910857{margin-bottom: 80px !important;}\u00a0\u00bb][vc_column_text] En Gallura, la beaut\u00e9 du littoral et&#8230;<\/p>\n","protected":false},"author":1,"featured_media":11499,"parent":13235,"menu_order":0,"comment_status":"closed","ping_status":"closed","template":"full_width.php","meta":{"inline_featured_image":false,"footnotes":""},"class_list":["post-13177","page","type-page","status-publish","has-post-thumbnail","hentry"],"_links":{"self":[{"href":"https:\/\/discovergallura.it\/fr\/wp-json\/wp\/v2\/pages\/13177","targetHints":{"allow":["GET"]}}],"collection":[{"href":"https:\/\/discovergallura.it\/fr\/wp-json\/wp\/v2\/pages"}],"about":[{"href":"https:\/\/discovergallura.it\/fr\/wp-json\/wp\/v2\/types\/page"}],"author":[{"embeddable":true,"href":"https:\/\/discovergallura.it\/fr\/wp-json\/wp\/v2\/users\/1"}],"replies":[{"embeddable":true,"href":"https:\/\/discovergallura.it\/fr\/wp-json\/wp\/v2\/comments?post=13177"}],"version-history":[{"count":4,"href":"https:\/\/discovergallura.it\/fr\/wp-json\/wp\/v2\/pages\/13177\/revisions"}],"predecessor-version":[{"id":13724,"href":"https:\/\/discovergallura.it\/fr\/wp-json\/wp\/v2\/pages\/13177\/revisions\/13724"}],"up":[{"embeddable":true,"href":"https:\/\/discovergallura.it\/fr\/wp-json\/wp\/v2\/pages\/13235"}],"wp:featuredmedia":[{"embeddable":true,"href":"https:\/\/discovergallura.it\/fr\/wp-json\/wp\/v2\/media\/11499"}],"wp:attachment":[{"href":"https:\/\/discovergallura.it\/fr\/wp-json\/wp\/v2\/media?parent=13177"}],"curies":[{"name":"wp","href":"https:\/\/api.w.org\/{rel}","templated":true}]}}