{"id":13185,"date":"2023-01-26T15:03:02","date_gmt":"2023-01-26T14:03:02","guid":{"rendered":"https:\/\/discovergallura.it\/eventi-da-non-perdere\/"},"modified":"2023-06-09T17:18:39","modified_gmt":"2023-06-09T15:18:39","slug":"eventi-da-non-perdere","status":"publish","type":"page","link":"https:\/\/discovergallura.it\/fr\/ispirazioni\/eventi-da-non-perdere\/","title":{"rendered":"\u00c9v\u00e9nements \u00e0 ne pas manquer"},"content":{"rendered":"<div class=\"wpb-content-wrapper\"><p>[vc_row css_animation=\u00a0\u00bb\u00a0\u00bb row_type=\u00a0\u00bbrow\u00a0\u00bb use_row_as_full_screen_section=\u00a0\u00bbno\u00a0\u00bb type=\u00a0\u00bbgrid\u00a0\u00bb angled_section=\u00a0\u00bbno\u00a0\u00bb text_align=\u00a0\u00bbleft\u00a0\u00bb background_image_as_pattern=\u00a0\u00bbwithout_pattern\u00a0\u00bb z_index=\u00a0\u00bb\u00a0\u00bb][vc_column css=\u00a0\u00bb.vc_custom_1674214152573{margin-top: 80px !important;}\u00a0\u00bb][vc_row_inner row_type=\u00a0\u00bbrow\u00a0\u00bb type=\u00a0\u00bbfull_width\u00a0\u00bb text_align=\u00a0\u00bbleft\u00a0\u00bb css_animation=\u00a0\u00bb\u00a0\u00bb][vc_column_inner width=\u00a0\u00bb1\/2&Prime; css=\u00a0\u00bb.vc_custom_1674212921568{margin-bottom: 110px !important;}\u00a0\u00bb][vc_separator type=\u00a0\u00bbsmall\u00a0\u00bb position=\u00a0\u00bbleft\u00a0\u00bb color=\u00a0\u00bb#3390b9&Prime; thickness=\u00a0\u00bb4&Prime; width=\u00a0\u00bb50&Prime;]<div class=\"custom_font_holder \" style=\"font-family: red hat display; font-style: normal; font-weight: 800; color: #3390b9; text-decoration: none; text-align: left; --qode-cf-font-size: 38px; --qode-cf-line-height: 39px; --qode-cf-font-size-1440: 38px; --qode-cf-line-height-1440: 39px; --qode-cf-font-size-1366: 38px; --qode-cf-line-height-1366: 39px; --qode-cf-font-size-1280: 38px; --qode-cf-line-height-1280: 39px; --qode-cf-font-size-1024: 38px; --qode-cf-line-height-1024: 39px; --qode-cf-font-size-768: 38px; --qode-cf-line-height-768: 39px; --qode-cf-font-size-680: 38px; --qode-cf-line-height-680: 39px; --qode-cf-font-size-480: 38px; --qode-cf-line-height-480: 39px;\">\u00c9V\u00c9NEMENTS \u00c0 NE PAS MANQUER<\/div>[\/vc_column_inner][vc_column_inner width=\u00a0\u00bb1\/2&Prime;][\/vc_column_inner][\/vc_row_inner][vc_row_inner row_type=\u00a0\u00bbrow\u00a0\u00bb type=\u00a0\u00bbfull_width\u00a0\u00bb text_align=\u00a0\u00bbleft\u00a0\u00bb css_animation=\u00a0\u00bb\u00a0\u00bb][vc_column_inner width=\u00a0\u00bb1\/2&Prime;][vc_single_image image=\u00a0\u00bb2165&Prime; img_size=\u00a0\u00bbfull\u00a0\u00bb qode_css_animation=\u00a0\u00bb\u00a0\u00bb][vc_empty_space][\/vc_column_inner][vc_column_inner width=\u00a0\u00bb1\/2&Prime; css=\u00a0\u00bb.vc_custom_1674212910857{margin-bottom: 80px !important;}\u00a0\u00bb][vc_column_text]<\/p>\n<p style=\"text-align: justify;\">Les <strong>\u00e9v\u00e9nements \u00e0 ne pas manquer<\/strong> sont nombreux en Sardaigne, \u00e0 commencer par <strong>Time in Jazz<\/strong> : ce festival international, qui se d\u00e9roule chaque \u00e9t\u00e9 entre la Gallura et le Logudoro, met \u00e0 l&rsquo;honneur le jazz et l&rsquo;improvisation musicale. Toutefois, depuis 2019, des \u00e9v\u00e9nements litt\u00e9raires, cin\u00e9matographiques et artistiques sont \u00e9galement au programme. Autre rendez-vous incontournable pour les amoureux de la musique, et notamment du blues : <strong>l\u2019Aglientu Summer Blues Festival<\/strong>, qui r\u00e9unit sur sc\u00e8ne des groupes de renomm\u00e9e mondiale et des artistes \u00e9mergents de la r\u00e9gion. L\u2019<a href=\"https:\/\/discovergallura.it\/fr\/la-maddalena\/\">archipel de La Maddalena<\/a> est le th\u00e9\u00e2tre d&rsquo;un autre \u00e9v\u00e9nement int\u00e9ressant : chaque ann\u00e9e, le festival <strong>Valigia dell\u2019attore<\/strong> offre un aper\u00e7u complet de l&rsquo;univers du jeu d&rsquo;acteur, avec des projections et des approfondissements qui englobent le pass\u00e9 et le futur de cette forme artistique. \u00c0 cheval entre tradition et innovation, culture et nature, citons <strong>Isole che Parlano<\/strong>, un \u00e9v\u00e9nement principalement ax\u00e9 sur la musique, la photographie, la tradition \u0153nogastronomique et les activit\u00e9s pour enfants.<br \/>\nEnfin, <strong>Musica sulle Bocche<\/strong> est un festival consacr\u00e9 au jazz qui accueille des invit\u00e9s internationaux tout en s&rsquo;inscrivant parfaitement dans le contexte local : les \u00e9v\u00e9nements se d\u00e9roulent au sein de plusieurs communes de Sardaigne du Nord, sous le signe de la durabilit\u00e9 et de la passion pour la musique.<\/p>\n<p>[\/vc_column_text][\/vc_column_inner][\/vc_row_inner][\/vc_column][\/vc_row][vc_row css_animation=\u00a0\u00bb\u00a0\u00bb row_type=\u00a0\u00bbrow\u00a0\u00bb use_row_as_full_screen_section=\u00a0\u00bbno\u00a0\u00bb type=\u00a0\u00bbgrid\u00a0\u00bb angled_section=\u00a0\u00bbno\u00a0\u00bb text_align=\u00a0\u00bbleft\u00a0\u00bb background_image_as_pattern=\u00a0\u00bbwithout_pattern\u00a0\u00bb z_index=\u00a0\u00bb\u00a0\u00bb][vc_column width=\u00a0\u00bb1\/6&Prime;][\/vc_column][vc_column width=\u00a0\u00bb2\/3&Prime; css=\u00a0\u00bb.vc_custom_1674141388895{margin-top: 80px !important;}\u00a0\u00bb offset=\u00a0\u00bbvc_hidden-sm vc_hidden-xs\u00a0\u00bb]<div class=\"custom_font_holder \" style=\"font-family: EB garamond; font-style: italic; font-weight: 500; text-decoration: none; text-align: left; --qode-cf-font-size: 24px; --qode-cf-line-height: 28px; --qode-cf-font-size-1440: 24px; --qode-cf-line-height-1440: 28px; --qode-cf-font-size-1366: 24px; --qode-cf-line-height-1366: 28px; --qode-cf-font-size-1280: 24px; --qode-cf-line-height-1280: 28px; --qode-cf-font-size-1024: 24px; --qode-cf-line-height-1024: 28px; --qode-cf-font-size-768: 24px; --qode-cf-line-height-768: 28px; --qode-cf-font-size-680: 24px; --qode-cf-line-height-680: 28px; --qode-cf-font-size-480: 24px; --qode-cf-line-height-480: 28px;\">\n<p style=\"text-align: center;\"><span style=\"font-size: 24pt; line-height: 110%;\">La Gallura offre des \u00e9v\u00e9nements pour tous les go\u00fbts, qui unissent souvent la culture locale \u00e0 un cadre international plus large.<\/span><\/p>\n<\/div>[\/vc_column][vc_column width=\u00a0\u00bb1\/6&Prime;][\/vc_column][\/vc_row][vc_row css_animation=\u00a0\u00bb\u00a0\u00bb row_type=\u00a0\u00bbrow\u00a0\u00bb use_row_as_full_screen_section=\u00a0\u00bbno\u00a0\u00bb type=\u00a0\u00bbfull_width\u00a0\u00bb angled_section=\u00a0\u00bbno\u00a0\u00bb text_align=\u00a0\u00bbleft\u00a0\u00bb background_image_as_pattern=\u00a0\u00bbwithout_pattern\u00a0\u00bb z_index=\u00a0\u00bb\u00a0\u00bb][vc_column css=\u00a0\u00bb.vc_custom_1675699362383{margin-top: 80px !important;margin-bottom: 120px !important;}\u00a0\u00bb]<div class=\"qode-advanced-image-gallery  qode-aig-slider-type qode-tiny-space   \">\n\t<div class=\"qode-aig-slider qode-owl-slider\" data-number-of-items=\"1\" data-enable-loop=\"yes\" data-enable-autoplay=\"yes\" data-slider-speed=\"5000\" data-slider-speed-animation=\"600\" data-slider-padding=\"yes\" data-enable-navigation=\"yes\" data-enable-pagination=\"yes\">\n\t\t\t\t\t<div class=\"qode-aig-image\">\n\t\t\t\t\t\t\t\t\t<img loading=\"lazy\" decoding=\"async\" width=\"1920\" height=\"1276\" src=\"https:\/\/discovergallura.it\/wp-content\/uploads\/2023\/01\/Time_in_Jazz_-_Berchidda_-_Piazza_del_Popolo_durante_un_concerto_foto_archivio_Time_in_Jazz_1-1564394171351.JPG-.jpeg\" class=\"attachment-full size-full\" alt=\"\" srcset=\"https:\/\/discovergallura.it\/wp-content\/uploads\/2023\/01\/Time_in_Jazz_-_Berchidda_-_Piazza_del_Popolo_durante_un_concerto_foto_archivio_Time_in_Jazz_1-1564394171351.JPG-.jpeg 1920w, https:\/\/discovergallura.it\/wp-content\/uploads\/2023\/01\/Time_in_Jazz_-_Berchidda_-_Piazza_del_Popolo_durante_un_concerto_foto_archivio_Time_in_Jazz_1-1564394171351.JPG--300x199.jpeg 300w, https:\/\/discovergallura.it\/wp-content\/uploads\/2023\/01\/Time_in_Jazz_-_Berchidda_-_Piazza_del_Popolo_durante_un_concerto_foto_archivio_Time_in_Jazz_1-1564394171351.JPG--1024x681.jpeg 1024w, https:\/\/discovergallura.it\/wp-content\/uploads\/2023\/01\/Time_in_Jazz_-_Berchidda_-_Piazza_del_Popolo_durante_un_concerto_foto_archivio_Time_in_Jazz_1-1564394171351.JPG--768x510.jpeg 768w, https:\/\/discovergallura.it\/wp-content\/uploads\/2023\/01\/Time_in_Jazz_-_Berchidda_-_Piazza_del_Popolo_durante_un_concerto_foto_archivio_Time_in_Jazz_1-1564394171351.JPG--1536x1021.jpeg 1536w, https:\/\/discovergallura.it\/wp-content\/uploads\/2023\/01\/Time_in_Jazz_-_Berchidda_-_Piazza_del_Popolo_durante_un_concerto_foto_archivio_Time_in_Jazz_1-1564394171351.JPG--700x465.jpeg 700w\" sizes=\"auto, (max-width: 1920px) 100vw, 1920px\" \/>\t\t\t\t\t<span class=\"aig-gallery-hover\">\n\t\t\t\t\t\t\t\t\t\t\t<\/span>\n\t\t\t\t\t\t\t<\/div>\n\t\t\t\t\t\t\t\t<div class=\"qode-aig-image\">\n\t\t\t\t\t\t\t\t\t<img loading=\"lazy\" decoding=\"async\" width=\"1200\" height=\"650\" src=\"https:\/\/discovergallura.it\/wp-content\/uploads\/2023\/01\/bocche2_ff9bbd17df68614def51f5a9f7eab269.jpeg\" class=\"attachment-full size-full\" alt=\"\" srcset=\"https:\/\/discovergallura.it\/wp-content\/uploads\/2023\/01\/bocche2_ff9bbd17df68614def51f5a9f7eab269.jpeg 1200w, https:\/\/discovergallura.it\/wp-content\/uploads\/2023\/01\/bocche2_ff9bbd17df68614def51f5a9f7eab269-300x163.jpeg 300w, https:\/\/discovergallura.it\/wp-content\/uploads\/2023\/01\/bocche2_ff9bbd17df68614def51f5a9f7eab269-1024x555.jpeg 1024w, https:\/\/discovergallura.it\/wp-content\/uploads\/2023\/01\/bocche2_ff9bbd17df68614def51f5a9f7eab269-768x416.jpeg 768w, https:\/\/discovergallura.it\/wp-content\/uploads\/2023\/01\/bocche2_ff9bbd17df68614def51f5a9f7eab269-700x379.jpeg 700w\" sizes=\"auto, (max-width: 1200px) 100vw, 1200px\" \/>\t\t\t\t\t<span class=\"aig-gallery-hover\">\n\t\t\t\t\t\t\t\t\t\t\t<\/span>\n\t\t\t\t\t\t\t<\/div>\n\t\t\t\t\t\t\t\t<div class=\"qode-aig-image\">\n\t\t\t\t\t\t\t\t\t<img loading=\"lazy\" decoding=\"async\" width=\"1200\" height=\"800\" src=\"https:\/\/discovergallura.it\/wp-content\/uploads\/2023\/01\/IcP2021-Associazione-Sarditudine-Francesco-Conversano.jpeg\" class=\"attachment-full size-full\" alt=\"\" srcset=\"https:\/\/discovergallura.it\/wp-content\/uploads\/2023\/01\/IcP2021-Associazione-Sarditudine-Francesco-Conversano.jpeg 1200w, https:\/\/discovergallura.it\/wp-content\/uploads\/2023\/01\/IcP2021-Associazione-Sarditudine-Francesco-Conversano-300x200.jpeg 300w, https:\/\/discovergallura.it\/wp-content\/uploads\/2023\/01\/IcP2021-Associazione-Sarditudine-Francesco-Conversano-1024x683.jpeg 1024w, https:\/\/discovergallura.it\/wp-content\/uploads\/2023\/01\/IcP2021-Associazione-Sarditudine-Francesco-Conversano-768x512.jpeg 768w, https:\/\/discovergallura.it\/wp-content\/uploads\/2023\/01\/IcP2021-Associazione-Sarditudine-Francesco-Conversano-700x467.jpeg 700w\" sizes=\"auto, (max-width: 1200px) 100vw, 1200px\" \/>\t\t\t\t\t<span class=\"aig-gallery-hover\">\n\t\t\t\t\t\t\t\t\t\t\t<\/span>\n\t\t\t\t\t\t\t<\/div>\n\t\t\t\t\t\t\t\t<div class=\"qode-aig-image\">\n\t\t\t\t\t\t\t\t\t<img loading=\"lazy\" decoding=\"async\" width=\"1920\" height=\"1075\" src=\"https:\/\/discovergallura.it\/wp-content\/uploads\/2023\/01\/VDA2020_ph.Benedetta_Scatafassi-scaled-1.jpg\" class=\"attachment-full size-full\" alt=\"\" srcset=\"https:\/\/discovergallura.it\/wp-content\/uploads\/2023\/01\/VDA2020_ph.Benedetta_Scatafassi-scaled-1.jpg 1920w, https:\/\/discovergallura.it\/wp-content\/uploads\/2023\/01\/VDA2020_ph.Benedetta_Scatafassi-scaled-1-300x168.jpg 300w, https:\/\/discovergallura.it\/wp-content\/uploads\/2023\/01\/VDA2020_ph.Benedetta_Scatafassi-scaled-1-1024x573.jpg 1024w, https:\/\/discovergallura.it\/wp-content\/uploads\/2023\/01\/VDA2020_ph.Benedetta_Scatafassi-scaled-1-768x430.jpg 768w, https:\/\/discovergallura.it\/wp-content\/uploads\/2023\/01\/VDA2020_ph.Benedetta_Scatafassi-scaled-1-1536x860.jpg 1536w, https:\/\/discovergallura.it\/wp-content\/uploads\/2023\/01\/VDA2020_ph.Benedetta_Scatafassi-scaled-1-700x392.jpg 700w, https:\/\/discovergallura.it\/wp-content\/uploads\/2023\/01\/VDA2020_ph.Benedetta_Scatafassi-scaled-1-539x303.jpg 539w\" sizes=\"auto, (max-width: 1920px) 100vw, 1920px\" \/>\t\t\t\t\t<span class=\"aig-gallery-hover\">\n\t\t\t\t\t\t\t\t\t\t\t<\/span>\n\t\t\t\t\t\t\t<\/div>\n\t\t\t\t\t\t\t\t<div class=\"qode-aig-image\">\n\t\t\t\t\t\t\t\t\t<img loading=\"lazy\" decoding=\"async\" width=\"918\" height=\"612\" src=\"https:\/\/discovergallura.it\/wp-content\/uploads\/2023\/01\/shutterstock_1037503036-1.jpg\" class=\"attachment-full size-full\" alt=\"\" srcset=\"https:\/\/discovergallura.it\/wp-content\/uploads\/2023\/01\/shutterstock_1037503036-1.jpg 918w, https:\/\/discovergallura.it\/wp-content\/uploads\/2023\/01\/shutterstock_1037503036-1-300x200.jpg 300w, https:\/\/discovergallura.it\/wp-content\/uploads\/2023\/01\/shutterstock_1037503036-1-768x512.jpg 768w, https:\/\/discovergallura.it\/wp-content\/uploads\/2023\/01\/shutterstock_1037503036-1-700x467.jpg 700w\" sizes=\"auto, (max-width: 918px) 100vw, 918px\" \/>\t\t\t\t\t<span class=\"aig-gallery-hover\">\n\t\t\t\t\t\t\t\t\t\t\t<\/span>\n\t\t\t\t\t\t\t<\/div>\n\t\t\t\t\t\t<\/div>\n<\/div>[\/vc_column][\/vc_row]<\/p>\n<\/div>","protected":false},"excerpt":{"rendered":"<p>[vc_row css_animation=\u00a0\u00bb\u00a0\u00bb row_type=\u00a0\u00bbrow\u00a0\u00bb use_row_as_full_screen_section=\u00a0\u00bbno\u00a0\u00bb type=\u00a0\u00bbgrid\u00a0\u00bb angled_section=\u00a0\u00bbno\u00a0\u00bb text_align=\u00a0\u00bbleft\u00a0\u00bb background_image_as_pattern=\u00a0\u00bbwithout_pattern\u00a0\u00bb z_index=\u00a0\u00bb\u00a0\u00bb][vc_column css=\u00a0\u00bb.vc_custom_1674214152573{margin-top: 80px !important;}\u00a0\u00bb][vc_row_inner row_type=\u00a0\u00bbrow\u00a0\u00bb type=\u00a0\u00bbfull_width\u00a0\u00bb text_align=\u00a0\u00bbleft\u00a0\u00bb css_animation=\u00a0\u00bb\u00a0\u00bb][vc_column_inner width=\u00a0\u00bb1\/2&Prime; css=\u00a0\u00bb.vc_custom_1674212921568{margin-bottom: 110px !important;}\u00a0\u00bb][vc_separator type=\u00a0\u00bbsmall\u00a0\u00bb position=\u00a0\u00bbleft\u00a0\u00bb color=\u00a0\u00bb#3390b9&Prime; thickness=\u00a0\u00bb4&Prime; width=\u00a0\u00bb50&Prime;][\/vc_column_inner][vc_column_inner width=\u00a0\u00bb1\/2&Prime;][\/vc_column_inner][\/vc_row_inner][vc_row_inner row_type=\u00a0\u00bbrow\u00a0\u00bb type=\u00a0\u00bbfull_width\u00a0\u00bb text_align=\u00a0\u00bbleft\u00a0\u00bb css_animation=\u00a0\u00bb\u00a0\u00bb][vc_column_inner width=\u00a0\u00bb1\/2&Prime;][vc_single_image image=\u00a0\u00bb2165&Prime; img_size=\u00a0\u00bbfull\u00a0\u00bb qode_css_animation=\u00a0\u00bb\u00a0\u00bb][vc_empty_space][\/vc_column_inner][vc_column_inner width=\u00a0\u00bb1\/2&Prime; css=\u00a0\u00bb.vc_custom_1674212910857{margin-bottom: 80px !important;}\u00a0\u00bb][vc_column_text] Les \u00e9v\u00e9nements \u00e0 ne pas manquer sont&#8230;<\/p>\n","protected":false},"author":1,"featured_media":11504,"parent":13235,"menu_order":0,"comment_status":"closed","ping_status":"closed","template":"full_width.php","meta":{"inline_featured_image":false,"footnotes":""},"class_list":["post-13185","page","type-page","status-publish","has-post-thumbnail","hentry"],"_links":{"self":[{"href":"https:\/\/discovergallura.it\/fr\/wp-json\/wp\/v2\/pages\/13185","targetHints":{"allow":["GET"]}}],"collection":[{"href":"https:\/\/discovergallura.it\/fr\/wp-json\/wp\/v2\/pages"}],"about":[{"href":"https:\/\/discovergallura.it\/fr\/wp-json\/wp\/v2\/types\/page"}],"author":[{"embeddable":true,"href":"https:\/\/discovergallura.it\/fr\/wp-json\/wp\/v2\/users\/1"}],"replies":[{"embeddable":true,"href":"https:\/\/discovergallura.it\/fr\/wp-json\/wp\/v2\/comments?post=13185"}],"version-history":[{"count":4,"href":"https:\/\/discovergallura.it\/fr\/wp-json\/wp\/v2\/pages\/13185\/revisions"}],"predecessor-version":[{"id":13722,"href":"https:\/\/discovergallura.it\/fr\/wp-json\/wp\/v2\/pages\/13185\/revisions\/13722"}],"up":[{"embeddable":true,"href":"https:\/\/discovergallura.it\/fr\/wp-json\/wp\/v2\/pages\/13235"}],"wp:featuredmedia":[{"embeddable":true,"href":"https:\/\/discovergallura.it\/fr\/wp-json\/wp\/v2\/media\/11504"}],"wp:attachment":[{"href":"https:\/\/discovergallura.it\/fr\/wp-json\/wp\/v2\/media?parent=13185"}],"curies":[{"name":"wp","href":"https:\/\/api.w.org\/{rel}","templated":true}]}}