{"id":13205,"date":"2023-01-11T11:34:16","date_gmt":"2023-01-11T10:34:16","guid":{"rendered":"https:\/\/discovergallura.it\/fari\/"},"modified":"2023-05-18T10:15:56","modified_gmt":"2023-05-18T08:15:56","slug":"fari","status":"publish","type":"page","link":"https:\/\/discovergallura.it\/fr\/fari\/","title":{"rendered":"Les phares"},"content":{"rendered":"<div class=\"wpb-content-wrapper\"><p>[vc_row css_animation=\u00a0\u00bb\u00a0\u00bb row_type=\u00a0\u00bbrow\u00a0\u00bb use_row_as_full_screen_section=\u00a0\u00bbno\u00a0\u00bb type=\u00a0\u00bbfull_width\u00a0\u00bb angled_section=\u00a0\u00bbno\u00a0\u00bb text_align=\u00a0\u00bbleft\u00a0\u00bb background_image_as_pattern=\u00a0\u00bbwithout_pattern\u00a0\u00bb css=\u00a0\u00bb.vc_custom_1674472741824{margin-top: 80px !important;padding-right: 10% !important;padding-left: 10% !important;}\u00a0\u00bb z_index=\u00a0\u00bb\u00a0\u00bb][vc_column width=\u00a0\u00bb1\/2&Prime; css=\u00a0\u00bb.vc_custom_1674646227567{margin-top: 30px !important;margin-bottom: 20px !important;padding-right: 10% !important;}\u00a0\u00bb]<div class=\"custom_font_holder \" style=\"font-family: EB garamond; font-style: italic; font-weight: 500; text-decoration: none; text-align: left; --qode-cf-font-size: 25px; --qode-cf-line-height: 26px; --qode-cf-font-size-1440: 25px; --qode-cf-line-height-1440: 26px; --qode-cf-font-size-1366: 25px; --qode-cf-line-height-1366: 26px; --qode-cf-font-size-1280: 25px; --qode-cf-line-height-1280: 26px; --qode-cf-font-size-1024: 25px; --qode-cf-line-height-1024: 26px; --qode-cf-font-size-768: 25px; --qode-cf-line-height-768: 26px; --qode-cf-font-size-680: 25px; --qode-cf-line-height-680: 26px; --qode-cf-font-size-480: 25px; --qode-cf-line-height-480: 26px;\">\n<p style=\"text-align: left;\"><em><span style=\"font-size: 24pt; line-height: 110%;\">Souvent per\u00e7u comme un symbole d&rsquo;amour dans l&rsquo;imaginaire collectif, le phare est envelopp\u00e9 d&rsquo;un voile de myst\u00e8re qui fascine depuis toujours.<br \/>\nLa Gallura poss\u00e8de \u00e9norm\u00e9ment de phares, dont certains sont encore op\u00e9rationnels et peuvent \u00eatre visit\u00e9s. Ils sont tous dans des positions qui permettent d&rsquo;admirer des panoramas et des couleurs \u00e0 couper le souffle.<\/span><\/em><\/p>\n<\/div>[\/vc_column][vc_column width=\u00a0\u00bb1\/4&Prime; css=\u00a0\u00bb.vc_custom_1676394199329{margin-top: 30px !important;}\u00a0\u00bb offset=\u00a0\u00bbvc_col-xs-6&Prime;][vc_single_image image=\u00a0\u00bb530&Prime; img_size=\u00a0\u00bb300X300&Prime; onclick=\u00a0\u00bbcustom_link\u00a0\u00bb qode_css_animation=\u00a0\u00bb\u00a0\u00bb qode_hover_animation=\u00a0\u00bbdarken\u00a0\u00bb link=\u00a0\u00bbhttps:\/\/discovergallura.it\/fr\/faro-di-razzoli\/\u00a0\u00bb][vc_empty_space height=\u00a0\u00bb20px\u00a0\u00bb][vc_column_text]<\/p>\n<h3><span style=\"color: #3390b9;\">Phare de Razzoli<\/span><\/h3>\n<p>[\/vc_column_text][\/vc_column][vc_column width=\u00a0\u00bb1\/4&Prime; css=\u00a0\u00bb.vc_custom_1676394203444{margin-top: 30px !important;}\u00a0\u00bb offset=\u00a0\u00bbvc_col-xs-6&Prime;][vc_single_image image=\u00a0\u00bb502&Prime; img_size=\u00a0\u00bb300X300&Prime; onclick=\u00a0\u00bbcustom_link\u00a0\u00bb qode_css_animation=\u00a0\u00bb\u00a0\u00bb qode_hover_animation=\u00a0\u00bbdarken\u00a0\u00bb link=\u00a0\u00bbhttps:\/\/discovergallura.it\/fr\/faro-di-capo-testa\/\u00a0\u00bb][vc_empty_space height=\u00a0\u00bb20px\u00a0\u00bb][vc_column_text]<\/p>\n<h3><span style=\"color: #3390b9;\">Phare de Capo Testa<\/span><\/h3>\n<p>[\/vc_column_text][\/vc_column][\/vc_row][vc_row css_animation=\u00a0\u00bb\u00a0\u00bb row_type=\u00a0\u00bbrow\u00a0\u00bb use_row_as_full_screen_section=\u00a0\u00bbno\u00a0\u00bb type=\u00a0\u00bbfull_width\u00a0\u00bb angled_section=\u00a0\u00bbno\u00a0\u00bb text_align=\u00a0\u00bbleft\u00a0\u00bb background_image_as_pattern=\u00a0\u00bbwithout_pattern\u00a0\u00bb css=\u00a0\u00bb.vc_custom_1674472737616{margin-top: 20px !important;padding-right: 10% !important;padding-left: 10% !important;}\u00a0\u00bb z_index=\u00a0\u00bb\u00a0\u00bb][vc_column width=\u00a0\u00bb1\/4&Prime; css=\u00a0\u00bb.vc_custom_1676394208132{margin-top: 30px !important;}\u00a0\u00bb offset=\u00a0\u00bbvc_col-xs-6&Prime;][vc_single_image image=\u00a0\u00bb13261&Prime; img_size=\u00a0\u00bb300X300&Prime; onclick=\u00a0\u00bbcustom_link\u00a0\u00bb qode_css_animation=\u00a0\u00bb\u00a0\u00bb qode_hover_animation=\u00a0\u00bbdarken\u00a0\u00bb link=\u00a0\u00bbhttps:\/\/discovergallura.it\/fr\/faro-punta-sardegna-2\/\u00a0\u00bb][vc_empty_space height=\u00a0\u00bb20px\u00a0\u00bb][vc_column_text]<\/p>\n<h3><span style=\"color: #3390b9;\">Phare de Punta Sardegna<\/span><\/h3>\n<p>[\/vc_column_text][\/vc_column][vc_column width=\u00a0\u00bb1\/4&Prime; css=\u00a0\u00bb.vc_custom_1676394214273{margin-top: 30px !important;}\u00a0\u00bb offset=\u00a0\u00bbvc_col-xs-6&Prime;][vc_single_image image=\u00a0\u00bb508&Prime; img_size=\u00a0\u00bb300X300&Prime; onclick=\u00a0\u00bbcustom_link\u00a0\u00bb qode_css_animation=\u00a0\u00bb\u00a0\u00bb qode_hover_animation=\u00a0\u00bbdarken\u00a0\u00bb link=\u00a0\u00bbhttps:\/\/discovergallura.it\/fr\/faro-di-porto-faro\/\u00a0\u00bb][vc_empty_space height=\u00a0\u00bb20px\u00a0\u00bb][vc_column_text]<\/p>\n<h3><span style=\"color: #3390b9;\">Phare de Porto Faro<\/span><\/h3>\n<p>[\/vc_column_text][\/vc_column][vc_column width=\u00a0\u00bb1\/4&Prime; css=\u00a0\u00bb.vc_custom_1676394218748{margin-top: 30px !important;}\u00a0\u00bb offset=\u00a0\u00bbvc_col-xs-6&Prime;][vc_single_image image=\u00a0\u00bb511&Prime; img_size=\u00a0\u00bb300X300&Prime; onclick=\u00a0\u00bbcustom_link\u00a0\u00bb qode_css_animation=\u00a0\u00bb\u00a0\u00bb qode_hover_animation=\u00a0\u00bbdarken\u00a0\u00bb link=\u00a0\u00bbhttps:\/\/discovergallura.it\/fr\/faro-di-capo-dorso\/\u00a0\u00bb][vc_empty_space height=\u00a0\u00bb20px\u00a0\u00bb][vc_column_text]<\/p>\n<h3><span style=\"color: #3390b9;\">PHARE DE CAPO D\u2019ORSO<\/span><\/h3>\n<p>[\/vc_column_text][\/vc_column][vc_column width=\u00a0\u00bb1\/4&Prime; css=\u00a0\u00bb.vc_custom_1676394222972{margin-top: 30px !important;}\u00a0\u00bb offset=\u00a0\u00bbvc_col-xs-6&Prime;][vc_single_image image=\u00a0\u00bb517&Prime; img_size=\u00a0\u00bb300X300&Prime; onclick=\u00a0\u00bbcustom_link\u00a0\u00bb qode_css_animation=\u00a0\u00bb\u00a0\u00bb qode_hover_animation=\u00a0\u00bbdarken\u00a0\u00bb link=\u00a0\u00bbhttps:\/\/discovergallura.it\/fr\/faro-di-capo-ferro\/\u00a0\u00bb][vc_empty_space height=\u00a0\u00bb20px\u00a0\u00bb][vc_column_text]<\/p>\n<h3><span style=\"color: #3390b9;\">Phare de Capo Ferro<\/span><\/h3>\n<p>[\/vc_column_text][\/vc_column][\/vc_row][vc_row css_animation=\u00a0\u00bb\u00a0\u00bb row_type=\u00a0\u00bbrow\u00a0\u00bb use_row_as_full_screen_section=\u00a0\u00bbno\u00a0\u00bb type=\u00a0\u00bbfull_width\u00a0\u00bb angled_section=\u00a0\u00bbno\u00a0\u00bb text_align=\u00a0\u00bbleft\u00a0\u00bb background_image_as_pattern=\u00a0\u00bbwithout_pattern\u00a0\u00bb css=\u00a0\u00bb.vc_custom_1676394232689{margin-top: 20px !important;margin-bottom: 120px !important;padding-right: 10% !important;padding-left: 10% !important;}\u00a0\u00bb z_index=\u00a0\u00bb\u00a0\u00bb][vc_column width=\u00a0\u00bb1\/4&Prime; css=\u00a0\u00bb.vc_custom_1676394228729{margin-top: 30px !important;}\u00a0\u00bb offset=\u00a0\u00bbvc_col-xs-6&Prime;][vc_single_image image=\u00a0\u00bb521&Prime; img_size=\u00a0\u00bb300X300&Prime; onclick=\u00a0\u00bbcustom_link\u00a0\u00bb qode_css_animation=\u00a0\u00bb\u00a0\u00bb qode_hover_animation=\u00a0\u00bbdarken\u00a0\u00bb link=\u00a0\u00bbhttps:\/\/discovergallura.it\/fr\/faro-di-capo-figari\/\u00a0\u00bb][vc_empty_space height=\u00a0\u00bb20px\u00a0\u00bb][vc_column_text]<\/p>\n<h3><span style=\"color: #3390b9;\">Phare de Capo Figari<\/span><\/h3>\n<p>[\/vc_column_text][\/vc_column][vc_column width=\u00a0\u00bb1\/4&Prime; css=\u00a0\u00bb.vc_custom_1674472813046{margin-top: 30px !important;}\u00a0\u00bb][\/vc_column][vc_column width=\u00a0\u00bb1\/4&Prime; css=\u00a0\u00bb.vc_custom_1674472817665{margin-top: 30px !important;}\u00a0\u00bb][\/vc_column][vc_column width=\u00a0\u00bb1\/4&Prime; css=\u00a0\u00bb.vc_custom_1674472822270{margin-top: 30px !important;}\u00a0\u00bb][\/vc_column][\/vc_row]<\/p>\n<\/div>","protected":false},"excerpt":{"rendered":"<p>[vc_row css_animation=\u00a0\u00bb\u00a0\u00bb row_type=\u00a0\u00bbrow\u00a0\u00bb use_row_as_full_screen_section=\u00a0\u00bbno\u00a0\u00bb type=\u00a0\u00bbfull_width\u00a0\u00bb angled_section=\u00a0\u00bbno\u00a0\u00bb text_align=\u00a0\u00bbleft\u00a0\u00bb background_image_as_pattern=\u00a0\u00bbwithout_pattern\u00a0\u00bb css=\u00a0\u00bb.vc_custom_1674472741824{margin-top: 80px !important;padding-right: 10% !important;padding-left: 10% !important;}\u00a0\u00bb z_index=\u00a0\u00bb\u00a0\u00bb][vc_column width=\u00a0\u00bb1\/2&Prime; css=\u00a0\u00bb.vc_custom_1674646227567{margin-top: 30px !important;margin-bottom: 20px !important;padding-right: 10% !important;}\u00a0\u00bb][\/vc_column][vc_column width=\u00a0\u00bb1\/4&Prime; css=\u00a0\u00bb.vc_custom_1676394199329{margin-top: 30px !important;}\u00a0\u00bb offset=\u00a0\u00bbvc_col-xs-6&Prime;][vc_single_image image=\u00a0\u00bb530&Prime; img_size=\u00a0\u00bb300X300&Prime; onclick=\u00a0\u00bbcustom_link\u00a0\u00bb qode_css_animation=\u00a0\u00bb\u00a0\u00bb qode_hover_animation=\u00a0\u00bbdarken\u00a0\u00bb link=\u00a0\u00bbhttps:\/\/discovergallura.it\/fr\/faro-di-razzoli\/\u00a0\u00bb][vc_empty_space height=\u00a0\u00bb20px\u00a0\u00bb][vc_column_text] Phare de Razzoli [\/vc_column_text][\/vc_column][vc_column width=\u00a0\u00bb1\/4&Prime; css=\u00a0\u00bb.vc_custom_1676394203444{margin-top: 30px !important;}\u00a0\u00bb offset=\u00a0\u00bbvc_col-xs-6&Prime;][vc_single_image&#8230;<\/p>\n","protected":false},"author":1,"featured_media":11145,"parent":0,"menu_order":0,"comment_status":"closed","ping_status":"closed","template":"full_width.php","meta":{"inline_featured_image":false,"footnotes":""},"class_list":["post-13205","page","type-page","status-publish","has-post-thumbnail","hentry"],"_links":{"self":[{"href":"https:\/\/discovergallura.it\/fr\/wp-json\/wp\/v2\/pages\/13205","targetHints":{"allow":["GET"]}}],"collection":[{"href":"https:\/\/discovergallura.it\/fr\/wp-json\/wp\/v2\/pages"}],"about":[{"href":"https:\/\/discovergallura.it\/fr\/wp-json\/wp\/v2\/types\/page"}],"author":[{"embeddable":true,"href":"https:\/\/discovergallura.it\/fr\/wp-json\/wp\/v2\/users\/1"}],"replies":[{"embeddable":true,"href":"https:\/\/discovergallura.it\/fr\/wp-json\/wp\/v2\/comments?post=13205"}],"version-history":[{"count":7,"href":"https:\/\/discovergallura.it\/fr\/wp-json\/wp\/v2\/pages\/13205\/revisions"}],"predecessor-version":[{"id":13359,"href":"https:\/\/discovergallura.it\/fr\/wp-json\/wp\/v2\/pages\/13205\/revisions\/13359"}],"wp:featuredmedia":[{"embeddable":true,"href":"https:\/\/discovergallura.it\/fr\/wp-json\/wp\/v2\/media\/11145"}],"wp:attachment":[{"href":"https:\/\/discovergallura.it\/fr\/wp-json\/wp\/v2\/media?parent=13205"}],"curies":[{"name":"wp","href":"https:\/\/api.w.org\/{rel}","templated":true}]}}