{"id":13292,"date":"2023-01-27T15:19:15","date_gmt":"2023-01-27T14:19:15","guid":{"rendered":"https:\/\/discovergallura.it\/come-arrivare\/"},"modified":"2023-06-15T11:49:04","modified_gmt":"2023-06-15T09:49:04","slug":"come-arrivare","status":"publish","type":"page","link":"https:\/\/discovergallura.it\/fr\/come-arrivare\/","title":{"rendered":"Comment arriver"},"content":{"rendered":"<div class=\"wpb-content-wrapper\"><p>[vc_row css_animation=\u00a0\u00bb\u00a0\u00bb row_type=\u00a0\u00bbrow\u00a0\u00bb use_row_as_full_screen_section=\u00a0\u00bbno\u00a0\u00bb type=\u00a0\u00bbgrid\u00a0\u00bb angled_section=\u00a0\u00bbno\u00a0\u00bb text_align=\u00a0\u00bbleft\u00a0\u00bb background_image_as_pattern=\u00a0\u00bbwithout_pattern\u00a0\u00bb z_index=\u00a0\u00bb\u00a0\u00bb][vc_column css=\u00a0\u00bb.vc_custom_1674214152573{margin-top: 80px !important;}\u00a0\u00bb][vc_row_inner row_type=\u00a0\u00bbrow\u00a0\u00bb type=\u00a0\u00bbfull_width\u00a0\u00bb text_align=\u00a0\u00bbleft\u00a0\u00bb css_animation=\u00a0\u00bb\u00a0\u00bb][vc_column_inner width=\u00a0\u00bb1\/2&Prime; css=\u00a0\u00bb.vc_custom_1674212921568{margin-bottom: 110px !important;}\u00a0\u00bb][vc_separator type=\u00a0\u00bbsmall\u00a0\u00bb position=\u00a0\u00bbleft\u00a0\u00bb color=\u00a0\u00bb#3390b9&Prime; thickness=\u00a0\u00bb4&Prime; width=\u00a0\u00bb50&Prime;]<div class=\"custom_font_holder \" style=\"font-family: red hat display; font-style: normal; font-weight: 800; color: #3390b9; text-decoration: none; text-align: left; --qode-cf-font-size: 38px; --qode-cf-line-height: 39px; --qode-cf-font-size-1440: 38px; --qode-cf-line-height-1440: 39px; --qode-cf-font-size-1366: 38px; --qode-cf-line-height-1366: 39px; --qode-cf-font-size-1280: 38px; --qode-cf-line-height-1280: 39px; --qode-cf-font-size-1024: 38px; --qode-cf-line-height-1024: 39px; --qode-cf-font-size-768: 38px; --qode-cf-line-height-768: 39px; --qode-cf-font-size-680: 38px; --qode-cf-line-height-680: 39px; --qode-cf-font-size-480: 38px; --qode-cf-line-height-480: 39px;\">COMMENT ARRIVER<\/div>[\/vc_column_inner][vc_column_inner width=\u00a0\u00bb1\/2&Prime;][\/vc_column_inner][\/vc_row_inner][\/vc_column][\/vc_row][vc_row css_animation=\u00a0\u00bb\u00a0\u00bb row_type=\u00a0\u00bbrow\u00a0\u00bb use_row_as_full_screen_section=\u00a0\u00bbno\u00a0\u00bb type=\u00a0\u00bbgrid\u00a0\u00bb angled_section=\u00a0\u00bbno\u00a0\u00bb text_align=\u00a0\u00bbleft\u00a0\u00bb background_image_as_pattern=\u00a0\u00bbwithout_pattern\u00a0\u00bb z_index=\u00a0\u00bb\u00a0\u00bb css=\u00a0\u00bb.vc_custom_1676566454188{margin-bottom: 80px !important;}\u00a0\u00bb][vc_column width=\u00a0\u00bb1\/2&Prime; css=\u00a0\u00bb.vc_custom_1676565365973{margin-top: 30px !important;padding-right: 10% !important;}\u00a0\u00bb]<div class=\"custom_font_holder \" style=\"font-family: EB garamond; font-style: italic; font-weight: 500; text-decoration: none; text-align: left; --qode-cf-font-size: 24px; --qode-cf-line-height: 28px; --qode-cf-font-size-1440: 24px; --qode-cf-line-height-1440: 28px; --qode-cf-font-size-1366: 24px; --qode-cf-line-height-1366: 28px; --qode-cf-font-size-1280: 24px; --qode-cf-line-height-1280: 28px; --qode-cf-font-size-1024: 24px; --qode-cf-line-height-1024: 28px; --qode-cf-font-size-768: 24px; --qode-cf-line-height-768: 28px; --qode-cf-font-size-680: 24px; --qode-cf-line-height-680: 28px; --qode-cf-font-size-480: 24px; --qode-cf-line-height-480: 28px;\">\n<p style=\"text-align: left;\"><span style=\"font-size: 24pt; line-height: 110%;\">La Gallura est situ\u00e9e au centre du bassin m\u00e9diterran\u00e9en occidental.<br \/>\nIl est facilement accessible<br \/>\npar diff\u00e9rents moyens de transport :<\/span><\/p>\n<\/div>[\/vc_column][vc_column width=\u00a0\u00bb1\/2&Prime;][vc_gallery interval=\u00a0\u00bb3&Prime; images=\u00a0\u00bb2570,2571,2568&Prime; img_size=\u00a0\u00bbfull\u00a0\u00bb direction_nav=\u00a0\u00bbno\u00a0\u00bb control_nav=\u00a0\u00bbno\u00a0\u00bb][\/vc_column][\/vc_row][vc_row css_animation=\u00a0\u00bb\u00a0\u00bb row_type=\u00a0\u00bbrow\u00a0\u00bb use_row_as_full_screen_section=\u00a0\u00bbno\u00a0\u00bb type=\u00a0\u00bbfull_width\u00a0\u00bb angled_section=\u00a0\u00bbno\u00a0\u00bb text_align=\u00a0\u00bbleft\u00a0\u00bb background_image_as_pattern=\u00a0\u00bbwithout_pattern\u00a0\u00bb z_index=\u00a0\u00bb\u00a0\u00bb css=\u00a0\u00bb.vc_custom_1676566388268{margin-bottom: 120px !important;padding-right: 10% !important;padding-left: 10% !important;}\u00a0\u00bb][vc_column width=\u00a0\u00bb1\/2&Prime; css=\u00a0\u00bb.vc_custom_1676565271373{margin-top: 30px !important;margin-bottom: 30px !important;}\u00a0\u00bb][vc_single_image image=\u00a0\u00bb5041&Prime; img_size=\u00a0\u00bbfull\u00a0\u00bb onclick=\u00a0\u00bblink_image\u00a0\u00bb qode_css_animation=\u00a0\u00bb\u00a0\u00bb qode_hover_animation=\u00a0\u00bbdarken\u00a0\u00bb][vc_empty_space height=\u00a0\u00bb15px\u00a0\u00bb][vc_column_text]<\/p>\n<h3>BATEAU<\/h3>\n<p>[\/vc_column_text][vc_empty_space height=\u00a0\u00bb15px\u00a0\u00bb][vc_column_text]<\/p>\n<p class=\"gmail-p4\"><span class=\"gmail-s1\"><b>GARES MARITIMES<\/b><\/span><\/p>\n<ul type=\"disc\">\n<li class=\"gmail-li5\"><a href=\"http:\/\/www.porto.cagliari.it\/\" target=\"_blank\" rel=\"noopener\"><span class=\"gmail-s2\">PORT DE CAGLIARI<\/span><\/a><\/li>\n<li class=\"gmail-li5\"><a href=\"http:\/\/www.olbiagolfoaranci.it\/\" target=\"_blank\" rel=\"noopener\"><span class=\"gmail-s2\">PORT DE GOLFO ARANCI<\/span><\/a><\/li>\n<li class=\"gmail-li6\"><span class=\"gmail-s4\"><a href=\"http:\/\/www.olbiagolfoaranci.it\/\" target=\"_blank\" rel=\"noopener\"><span class=\"gmail-s2\">PORT OLBIA<\/span><\/a><\/span><span class=\"gmail-s2\">, viale Isola Bianca, t\u00e9l. <a href=\"tel:+39078921453\">078921453<\/a><\/span><\/li>\n<li class=\"gmail-li5\"><a href=\"http:\/\/www.olbiagolfoaranci.it\/\" target=\"_blank\" rel=\"noopener\"><span class=\"gmail-s2\">PORT DE PORTO TORRES<\/span><\/a><\/li>\n<\/ul>\n<p>[\/vc_column_text][vc_empty_space height=\u00a0\u00bb15px\u00a0\u00bb][vc_column_text]<\/p>\n<p class=\"gmail-p4\"><span class=\"gmail-s1\"><b>Compagnies maritimes<\/b><\/span><\/p>\n<ul type=\"disc\">\n<li class=\"gmail-li6\"><span class=\"gmail-s2\">Grandi Navi Veloci t\u00e9l. <a href=\"tel:+390789200126\">0789200126<\/a> &#8211; <a href=\"tel:+39079514477\">079514477<\/a> &#8211; <a href=\"http:\/\/www1.gnv.it\/\" target=\"_blank\" rel=\"noopener\">www1.gnv.it<\/a><\/span><\/li>\n<li class=\"gmail-li6\"><span class=\"gmail-s2\">Grimaldi Ferries t\u00e9l. <a href=\"tel:+39078923524\">078923524<\/a> &#8211; <a href=\"http:\/\/www.grimaldi.it\/\" target=\"_blank\" rel=\"noopener\">www.grimaldi.it<\/a><\/span><\/li>\n<li class=\"gmail-li6\"><span class=\"gmail-s2\">Linee Lauro t\u00e9l. <a href=\"tel:+390789709505\">0789709505 <\/a>&#8211; <a href=\"tel:+390789706080\">0789706080<\/a> &#8211; <a href=\"http:\/\/www.lineelauro.it\/\" target=\"_blank\" rel=\"noopener\">www.lineelauro.it<\/a><\/span><\/li>\n<li class=\"gmail-li6\"><span class=\"gmail-s2\">Lloyd Sardegna t\u00e9l. <a href=\"tel:+390565222300\">0565222300<\/a> &#8211; <a href=\"http:\/\/www.lineadeigolfi.it\/\" target=\"_blank\" rel=\"noopener\">www.lineadeigolfi.it<\/a><\/span><\/li>\n<li class=\"gmail-li6\"><span class=\"gmail-s2\">Moby Lines t\u00e9l. <a href=\"tel:+3905659361\">05659361<\/a> &#8211; <a href=\"http:\/\/www.mobylines.it\/\" target=\"_blank\" rel=\"noopener\">www.mobylines.it<\/a><\/span><\/li>\n<li class=\"gmail-li6\"><span class=\"gmail-s2\">Sardinia Ferries t\u00e9l. <a href=\"tel:+39019215511\">019215511<\/a> &#8211; <a href=\"http:\/\/www.sardiniaferries.com\/\" target=\"_blank\" rel=\"noopener\">www.sardiniaferries.com<\/a><\/span><\/li>\n<li class=\"gmail-li6\"><span class=\"gmail-s2\">Saremar t\u00e9l. <a href=\"tel:+39199123199\">199123199<\/a> &#8211; <a href=\"http:\/\/www.saremar.it\/\" target=\"_blank\" rel=\"noopener\">www.saremar.it<\/a><\/span><\/li>\n<li class=\"gmail-li6\"><span class=\"gmail-s2\">Tirrenia Navigazione t\u00e9l. <a href=\"tel:+39199123199\">199123199<\/a> &#8211; <a href=\"http:\/\/www.tirrenia.it\/\" target=\"_blank\" rel=\"noopener\">www.tirrenia.it<\/a><\/span><\/li>\n<li class=\"gmail-li6\"><span class=\"gmail-s2\">Tris t\u00e9l. <a href=\"tel:+39199767676\">199767676<\/a> &#8211; <a href=\"http:\/\/www.tris.it\/\" target=\"_blank\" rel=\"noopener\">www.tris.it<\/a><\/span><\/li>\n<\/ul>\n<p>[\/vc_column_text][\/vc_column][vc_column width=\u00a0\u00bb1\/2&Prime; css=\u00a0\u00bb.vc_custom_1676565265438{margin-top: 30px !important;margin-bottom: 30px !important;}\u00a0\u00bb][vc_single_image image=\u00a0\u00bb5039&Prime; img_size=\u00a0\u00bbfull\u00a0\u00bb onclick=\u00a0\u00bblink_image\u00a0\u00bb qode_css_animation=\u00a0\u00bb\u00a0\u00bb qode_hover_animation=\u00a0\u00bbdarken\u00a0\u00bb][vc_empty_space height=\u00a0\u00bb15px\u00a0\u00bb][vc_column_text]<\/p>\n<h3>AVION<\/h3>\n<p>[\/vc_column_text][vc_empty_space height=\u00a0\u00bb15px\u00a0\u00bb][vc_column_text]<\/p>\n<ul type=\"disc\">\n<li class=\"gmail-li3\"><span class=\"gmail-s2\">A\u00e9roportOlbia Costa Smeralda, Olbia<\/span><span class=\"gmail-s3\">t\u00e9l. <a href=\"tel:+39%200789563444\">0789563444<\/a><\/span><\/li>\n<li class=\"gmail-li3\"><span class=\"gmail-s2\">A\u00e9roportFertilia Alghero<\/span><span class=\"gmail-apple-converted-space\"> <\/span><span class=\"gmail-s3\">t\u00e9l. <a href=\"tel:+079935282\">079935282<\/a><\/span><\/li>\n<li class=\"gmail-li3\"><span class=\"gmail-s2\">A\u00e9roportElmas, Cagliari<\/span><span class=\"gmail-apple-converted-space\"> <\/span><\/li>\n<\/ul>\n<p>[\/vc_column_text][vc_empty_space height=\u00a0\u00bb50px\u00a0\u00bb][vc_column_text]<\/p>\n<h3>AUTOCAR ET TRAIN<\/h3>\n<p>[\/vc_column_text][vc_empty_space height=\u00a0\u00bb15px\u00a0\u00bb][vc_column_text]<\/p>\n<ul type=\"disc\">\n<li class=\"gmail-li6\"><span class=\"gmail-s2\">Gare routi\u00e8re d&rsquo;Ozieri, t\u00e9l. <a href=\"tel:+39079770331\">079770331<\/a><\/span><\/li>\n<li class=\"gmail-li6\"><span class=\"gmail-s2\">Asara Autoservizi, Berchidda, t\u00e9l. <a href=\"tel:+39079704154\">079704154<\/a><\/span><\/li>\n<li class=\"gmail-li6\"><span class=\"gmail-s2\">FAB Autoservizi, Berchidda, tel. <a href=\"tel:+39070704510\">070704510<\/a><\/span><\/li>\n<li class=\"gmail-li6\"><span class=\"gmail-s2\">ARST, Sassari tel. <a href=\"tel:+39800865042\">800865042<\/a><\/span><\/li>\n<li class=\"gmail-li6\"><span class=\"gmail-s2\">Logudoro Tours, tel.<a href=\"tel:+39079281728\">  079281728<\/a><\/span><\/li>\n<li class=\"gmail-li6\"><span class=\"gmail-s2\">Molinu, Buddus\u00f2 &#8211; Olbia, tel. <a href=\"tel:+39079714045\">079714045<\/a><\/span><\/li>\n<li class=\"gmail-li6\"><span class=\"gmail-s2\">Chemins de fer de la Sardaigne, t\u00e9l. <a href=\"tel:+39079241301\">079241301<\/a><\/span><\/li>\n<li class=\"gmail-li6\"><span class=\"gmail-s2\">Gare de Chilivani, t\u00e9l. <a href=\"tel:+39079758814\">079758814<\/a><\/span><\/li>\n<\/ul>\n<p>[\/vc_column_text][\/vc_column][\/vc_row]<\/p>\n<\/div>","protected":false},"excerpt":{"rendered":"<p>[vc_row css_animation=\u00a0\u00bb\u00a0\u00bb row_type=\u00a0\u00bbrow\u00a0\u00bb use_row_as_full_screen_section=\u00a0\u00bbno\u00a0\u00bb type=\u00a0\u00bbgrid\u00a0\u00bb angled_section=\u00a0\u00bbno\u00a0\u00bb text_align=\u00a0\u00bbleft\u00a0\u00bb background_image_as_pattern=\u00a0\u00bbwithout_pattern\u00a0\u00bb z_index=\u00a0\u00bb\u00a0\u00bb][vc_column css=\u00a0\u00bb.vc_custom_1674214152573{margin-top: 80px !important;}\u00a0\u00bb][vc_row_inner row_type=\u00a0\u00bbrow\u00a0\u00bb type=\u00a0\u00bbfull_width\u00a0\u00bb text_align=\u00a0\u00bbleft\u00a0\u00bb css_animation=\u00a0\u00bb\u00a0\u00bb][vc_column_inner width=\u00a0\u00bb1\/2&Prime; css=\u00a0\u00bb.vc_custom_1674212921568{margin-bottom: 110px !important;}\u00a0\u00bb][vc_separator type=\u00a0\u00bbsmall\u00a0\u00bb position=\u00a0\u00bbleft\u00a0\u00bb color=\u00a0\u00bb#3390b9&Prime; thickness=\u00a0\u00bb4&Prime; width=\u00a0\u00bb50&Prime;][\/vc_column_inner][vc_column_inner width=\u00a0\u00bb1\/2&Prime;][\/vc_column_inner][\/vc_row_inner][\/vc_column][\/vc_row][vc_row css_animation=\u00a0\u00bb\u00a0\u00bb row_type=\u00a0\u00bbrow\u00a0\u00bb use_row_as_full_screen_section=\u00a0\u00bbno\u00a0\u00bb type=\u00a0\u00bbgrid\u00a0\u00bb angled_section=\u00a0\u00bbno\u00a0\u00bb text_align=\u00a0\u00bbleft\u00a0\u00bb background_image_as_pattern=\u00a0\u00bbwithout_pattern\u00a0\u00bb z_index=\u00a0\u00bb\u00a0\u00bb css=\u00a0\u00bb.vc_custom_1676566454188{margin-bottom: 80px !important;}\u00a0\u00bb][vc_column width=\u00a0\u00bb1\/2&Prime; css=\u00a0\u00bb.vc_custom_1676565365973{margin-top: 30px !important;padding-right: 10% !important;}\u00a0\u00bb][\/vc_column][vc_column width=\u00a0\u00bb1\/2&Prime;][vc_gallery interval=\u00a0\u00bb3&Prime;&#8230;<\/p>\n","protected":false},"author":1,"featured_media":11734,"parent":0,"menu_order":0,"comment_status":"closed","ping_status":"closed","template":"full_width.php","meta":{"inline_featured_image":false,"footnotes":""},"class_list":["post-13292","page","type-page","status-publish","has-post-thumbnail","hentry"],"_links":{"self":[{"href":"https:\/\/discovergallura.it\/fr\/wp-json\/wp\/v2\/pages\/13292","targetHints":{"allow":["GET"]}}],"collection":[{"href":"https:\/\/discovergallura.it\/fr\/wp-json\/wp\/v2\/pages"}],"about":[{"href":"https:\/\/discovergallura.it\/fr\/wp-json\/wp\/v2\/types\/page"}],"author":[{"embeddable":true,"href":"https:\/\/discovergallura.it\/fr\/wp-json\/wp\/v2\/users\/1"}],"replies":[{"embeddable":true,"href":"https:\/\/discovergallura.it\/fr\/wp-json\/wp\/v2\/comments?post=13292"}],"version-history":[{"count":4,"href":"https:\/\/discovergallura.it\/fr\/wp-json\/wp\/v2\/pages\/13292\/revisions"}],"predecessor-version":[{"id":13981,"href":"https:\/\/discovergallura.it\/fr\/wp-json\/wp\/v2\/pages\/13292\/revisions\/13981"}],"wp:featuredmedia":[{"embeddable":true,"href":"https:\/\/discovergallura.it\/fr\/wp-json\/wp\/v2\/media\/11734"}],"wp:attachment":[{"href":"https:\/\/discovergallura.it\/fr\/wp-json\/wp\/v2\/media?parent=13292"}],"curies":[{"name":"wp","href":"https:\/\/api.w.org\/{rel}","templated":true}]}}